{"id":24286,"date":"2026-02-27T00:23:05","date_gmt":"2026-02-27T00:23:05","guid":{"rendered":"https:\/\/nordicmart.andreevmaster.com\/product\/sko-og-opbevaringsbaenk-med-2-abne-og-1-lukket-rum-skohylde-polstret-saede-til-entre-stue-sovevaerelse-hvid-og-gra-lhs021w01\/"},"modified":"2026-02-27T09:04:41","modified_gmt":"2026-02-27T09:04:41","slug":"sko-og-opbevaringsbaenk-med-2-abne-og-1-lukket-rum-skohylde-polstret-saede-til-entre-stue-sovevaerelse-hvid-og-gra-lhs021w01","status":"publish","type":"product","link":"https:\/\/nordicmart.andreevmaster.com\/da\/vare\/sko-og-opbevaringsbaenk-med-2-abne-og-1-lukket-rum-skohylde-polstret-saede-til-entre-stue-sovevaerelse-hvid-og-gra-lhs021w01\/","title":{"rendered":"Sko- og opbevaringsb\u00e6nk med 2 \u00e5bne og 1 lukket rum, skohylde, polstret s\u00e6de, til entre, stue, sovev\u00e6relse, hvid og gr\u00e5 LHS021W01"},"content":{"rendered":"<p>[Tilbeh\u00f8r under kontrol] Er du forsinket til arbejde, men kan du ikke finde dine n\u00f8gler eller briller? Med denne opbevaringsb\u00e6nk sker det ikke l\u00e6ngere. Opbevar de ting, du har brug for, under l\u00e5get, s\u00e5 du ikke l\u00e6ngere beh\u00f8ver at skynde dig, f\u00f8r du g\u00e5r ud&#8230;[H\u00e6nderne er sikre] Den lille fordybning foran p\u00e5 skabets forside hj\u00e6lper dig med at \u00e5bne og lukke l\u00e5get let, og takket v\u00e6re h\u00e6ngslerne forbliver l\u00e5get i enhver vinkel. Denne dobbelte beskyttelse giver en mere sikker brug, s\u00e5 du undg\u00e5r at klemme fingrene i enhver vinkel. Denne dobbelte beskyttelse giver en mere sikker brug, s\u00e5 du undg\u00e5r at klemme fingrene.[Hvor har jeg lagt mine sko? Hvis du ikke har et klart svar, er det bedst at samle de sko, der ligger spredt rundt i dit hjem, i dette skoskab. 2 \u00e5bne rum g\u00f8r det nemmere at finde dem<\/p>\n<p>[S\u00e6t dig ned, tak] I stedet for at hoppe p\u00e5 det ene ben, mens du tager skoene p\u00e5, hvorfor ikke s\u00e6tte dig behageligt p\u00e5 den polstrede b\u00e6nk? Desuden kan den f\u00f8rsteklasses tr\u00e6ramme klare en v\u00e6gt p\u00e5 op til 440 lb takket v\u00e6re den st\u00e6rke st\u00f8tte<\/p>\n<p>[Hvad f\u00e5r du] VASAGLE: skob\u00e6nk med nummererede dele for nem samling og aftageligt betr\u00e6k for nem reng\u00f8ring. Model LHS021W01<\/p>\n<p>Produktdetaljer: Farve: hvid, gr\u00e5 &#8211; Materiale: Materiale: E1-klasse sp\u00e5nplade, skumplastbel\u00e6gning, s\u00e6debetr\u00e6k i h\u00f8rlignende materiale &#8211; St\u00f8rrelse: 104 x 30 x 48 cm (L x B x H)- V\u00e6gt: 18,5 kg- Maksimal belastning: 200 kgIndhold i pakken:- 1 x skob\u00e6nk- 1 x tilbeh\u00f8rspakke- 1 x brugsanvisning.<\/p>\n","protected":false},"excerpt":{"rendered":"<p>[Tilbeh\u00f8r under kontrol] Er du forsinket til arbejde, men kan du ikke finde dine n\u00f8gler eller briller? Med denne opbevaringsb\u00e6nk sker det ikke l\u00e6ngere. Opbevar de ting, du har brug for, under l\u00e5get, s\u00e5 du ikke l\u00e6ngere beh\u00f8ver at skynde dig, f\u00f8r du g\u00e5r ud&#8230;[H\u00e6nderne er sikre] Den lille fordybning foran p\u00e5 skabets forside hj\u00e6lper [&hellip;]<\/p>\n","protected":false},"featured_media":0,"comment_status":"open","ping_status":"closed","template":"","meta":[],"product_brand":[],"product_cat":[31],"product_tag":[],"class_list":{"0":"post-24286","1":"product","2":"type-product","3":"status-publish","5":"product_cat-uncategorized-da","7":"first","8":"instock","9":"shipping-taxable","10":"product-type-simple"},"_links":{"self":[{"href":"https:\/\/nordicmart.andreevmaster.com\/da\/wp-json\/wp\/v2\/product\/24286","targetHints":{"allow":["GET"]}}],"collection":[{"href":"https:\/\/nordicmart.andreevmaster.com\/da\/wp-json\/wp\/v2\/product"}],"about":[{"href":"https:\/\/nordicmart.andreevmaster.com\/da\/wp-json\/wp\/v2\/types\/product"}],"replies":[{"embeddable":true,"href":"https:\/\/nordicmart.andreevmaster.com\/da\/wp-json\/wp\/v2\/comments?post=24286"}],"wp:attachment":[{"href":"https:\/\/nordicmart.andreevmaster.com\/da\/wp-json\/wp\/v2\/media?parent=24286"}],"wp:term":[{"taxonomy":"product_brand","embeddable":true,"href":"https:\/\/nordicmart.andreevmaster.com\/da\/wp-json\/wp\/v2\/product_brand?post=24286"},{"taxonomy":"product_cat","embeddable":true,"href":"https:\/\/nordicmart.andreevmaster.com\/da\/wp-json\/wp\/v2\/product_cat?post=24286"},{"taxonomy":"product_tag","embeddable":true,"href":"https:\/\/nordicmart.andreevmaster.com\/da\/wp-json\/wp\/v2\/product_tag?post=24286"}],"curies":[{"name":"wp","href":"https:\/\/api.w.org\/{rel}","templated":true}]}}