{"id":24272,"date":"2026-02-27T00:23:02","date_gmt":"2026-02-27T00:23:02","guid":{"rendered":"https:\/\/nordicmart.andreevmaster.com\/product\/sko-baenk-skohylde-skostativ-opbevaringsskab-10-rum-med-pude-til-entreen-104-x-30-x-48-cm-rustik-brun\/"},"modified":"2026-02-27T09:04:39","modified_gmt":"2026-02-27T09:04:39","slug":"sko-baenk-skohylde-skostativ-opbevaringsskab-10-rum-med-pude-til-entreen-104-x-30-x-48-cm-rustik-brun","status":"publish","type":"product","link":"https:\/\/nordicmart.andreevmaster.com\/da\/vare\/sko-baenk-skohylde-skostativ-opbevaringsskab-10-rum-med-pude-til-entreen-104-x-30-x-48-cm-rustik-brun\/","title":{"rendered":"Sko-b\u00e6nk, skohylde, skostativ, opbevaringsskab, 10 rum, med pude, til entreen, 104 x 30 x 48 cm, rustik brun"},"content":{"rendered":"<p>[Se en gang til] Glansfuld sort kunstl\u00e6der og 2 t\u00e6tte netst\u00e5lhylder til sko, der krones af en rustik brun overflade \u2013 denne skoholder har virkelig meget at byde p\u00e5.[Bl\u00f8dt s\u00e6de] S\u00e6t dig p\u00e5 det behagelige, aftagelige s\u00e6de og tag skoene p\u00e5 uden at skynde dig. 31,5&#8243; L x 11,8&#8243; B x 18,9&#8243; H b\u00e6nkens s\u00e6de har en robust st\u00e5lkonstruktion, der kan b\u00e6re op til 198 lb.[Hurtig og nem] Markerede dele? Tjek. Detaljerede instruktioner? Tjek. Enkel samleproces? Tjek! Det er ikke noget problem at samle denne skoholder.<\/p>\n<p>[Alt i balance] Denne skoholder er udstyret med justerbare ben og kan modst\u00e5 vandbalancetesten selv p\u00e5 uj\u00e6vne gulve; fliser, linoleum og tr\u00e6gulve er ogs\u00e5 beskyttet mod ridser.[Hvad er der i kassen] Sko-b\u00e6nk med 2 nethylder, aftagelig polstring og en fantastisk m\u00e5de at tilf\u00f8je stil og komfort til entreen &#8211; alt sammen fra vores COPADION-kollektion.<\/p>\n<p>Specifikationer:- Farve: Produktets m\u00e5l 103,99 x 30 x 48,01 cm;-V\u00e6gt 20,8 kgIndhold i pakken:- 1 x Skoopbevaringsb\u00e6nk- 1 x Brugsanvisning- 1 x Tilbeh\u00f8rspose.<\/p>\n","protected":false},"excerpt":{"rendered":"<p>[Se en gang til] Glansfuld sort kunstl\u00e6der og 2 t\u00e6tte netst\u00e5lhylder til sko, der krones af en rustik brun overflade \u2013 denne skoholder har virkelig meget at byde p\u00e5.[Bl\u00f8dt s\u00e6de] S\u00e6t dig p\u00e5 det behagelige, aftagelige s\u00e6de og tag skoene p\u00e5 uden at skynde dig. 31,5&#8243; L x 11,8&#8243; B x 18,9&#8243; H b\u00e6nkens s\u00e6de [&hellip;]<\/p>\n","protected":false},"featured_media":0,"comment_status":"open","ping_status":"closed","template":"","meta":[],"product_brand":[],"product_cat":[31],"product_tag":[],"class_list":{"0":"post-24272","1":"product","2":"type-product","3":"status-publish","5":"product_cat-uncategorized-da","7":"first","8":"instock","9":"shipping-taxable","10":"product-type-simple"},"_links":{"self":[{"href":"https:\/\/nordicmart.andreevmaster.com\/da\/wp-json\/wp\/v2\/product\/24272","targetHints":{"allow":["GET"]}}],"collection":[{"href":"https:\/\/nordicmart.andreevmaster.com\/da\/wp-json\/wp\/v2\/product"}],"about":[{"href":"https:\/\/nordicmart.andreevmaster.com\/da\/wp-json\/wp\/v2\/types\/product"}],"replies":[{"embeddable":true,"href":"https:\/\/nordicmart.andreevmaster.com\/da\/wp-json\/wp\/v2\/comments?post=24272"}],"wp:attachment":[{"href":"https:\/\/nordicmart.andreevmaster.com\/da\/wp-json\/wp\/v2\/media?parent=24272"}],"wp:term":[{"taxonomy":"product_brand","embeddable":true,"href":"https:\/\/nordicmart.andreevmaster.com\/da\/wp-json\/wp\/v2\/product_brand?post=24272"},{"taxonomy":"product_cat","embeddable":true,"href":"https:\/\/nordicmart.andreevmaster.com\/da\/wp-json\/wp\/v2\/product_cat?post=24272"},{"taxonomy":"product_tag","embeddable":true,"href":"https:\/\/nordicmart.andreevmaster.com\/da\/wp-json\/wp\/v2\/product_tag?post=24272"}],"curies":[{"name":"wp","href":"https:\/\/api.w.org\/{rel}","templated":true}]}}