{"id":24183,"date":"2026-02-27T00:22:40","date_gmt":"2026-02-27T00:22:40","guid":{"rendered":"https:\/\/nordicmart.andreevmaster.com\/product\/entrekonsol-konsolbord-haerdet-glasplade-stabil-og-robust-ramme-justerbare-ben-til-stuen-entreen-sort-og-skifergra\/"},"modified":"2026-02-27T09:04:21","modified_gmt":"2026-02-27T09:04:21","slug":"entrekonsol-konsolbord-haerdet-glasplade-stabil-og-robust-ramme-justerbare-ben-til-stuen-entreen-sort-og-skifergra","status":"publish","type":"product","link":"https:\/\/nordicmart.andreevmaster.com\/da\/vare\/entrekonsol-konsolbord-haerdet-glasplade-stabil-og-robust-ramme-justerbare-ben-til-stuen-entreen-sort-og-skifergra\/","title":{"rendered":"Entr\u00e9konsol, konsolbord, h\u00e6rdet glasplade, stabil og robust ramme, justerbare ben, til stuen, entreen, sort og skifergr\u00e5"},"content":{"rendered":"<p>[Tiltalende minimalistisk stil] Giv din entr\u00e9 et nyt look med dette konsolbord, der kombinerer sort line\u00e6rt metal og h\u00e6rdet glasplade for at skabe et enkelt, men funktionelt m\u00f8bel.[Stabil st\u00f8tte] Denne konsolbord med metalstel i st\u00f8rrelsen 20 x 100 x 80 cm (B x L x H) underst\u00f8tter stabilt 5 mm tykt glas, der kan b\u00e6re op til 30 kg planter, dekorationer, b\u00f8ger eller v\u00e6rdifuld keramik.<\/p>\n<p>[Brug det p\u00e5 din egen m\u00e5de] Forestil dig, at konsolbordet allerede er i dit hjem. Hvor vil du placere det? I stuen for at pynte en kedelig v\u00e6g? I entreen til at opbevare n\u00f8dvendige ting, n\u00e5r du forlader hjemmet? Eller som konsolbord i gangen? Det er helt op til dig. [Klar p\u00e5 et \u00f8jeblik] Du beh\u00f8ver ikke bruge hele eftermiddagen p\u00e5 at samle dette konsolbord; takket v\u00e6re de klare instruktioner og nummererede dele kan du samle det p\u00e5 et \u00f8jeblik.[Farvel, svaj!] Hvis lidt uj\u00e6vne gulve er dit problem, redder dette konsolbords justerbare ben dig, s\u00e5 alt forbliver stabilt og p\u00e5 plads.<\/p>\n<p>Produktdetaljer:<\/p>\n<p>Farve: Sort, skifergr\u00e5<br \/>\nMateriale: St\u00e5l, glas<br \/>\nSamlede m\u00e5l: 20 x 100 x 80 cm (B x L x H).Produktets v\u00e6gt: 5,3 kg<br \/>\nSt\u00f8ttefladens statiske b\u00e6reevne: 30 kg<br \/>\nIndhold i pakken:<\/p>\n<p>1 x konsolbord<br \/>\n1 x taske med monteringsv\u00e6rkt\u00f8j<br \/>\n1 x tilbeh\u00f8r til at forhindre v\u00e6ltning<br \/>\n1 x brugsanvisning<\/p>\n","protected":false},"excerpt":{"rendered":"<p>[Tiltalende minimalistisk stil] Giv din entr\u00e9 et nyt look med dette konsolbord, der kombinerer sort line\u00e6rt metal og h\u00e6rdet glasplade for at skabe et enkelt, men funktionelt m\u00f8bel.[Stabil st\u00f8tte] Denne konsolbord med metalstel i st\u00f8rrelsen 20 x 100 x 80 cm (B x L x H) underst\u00f8tter stabilt 5 mm tykt glas, der kan b\u00e6re [&hellip;]<\/p>\n","protected":false},"featured_media":0,"comment_status":"open","ping_status":"closed","template":"","meta":[],"product_brand":[],"product_cat":[31],"product_tag":[],"class_list":{"0":"post-24183","1":"product","2":"type-product","3":"status-publish","5":"product_cat-uncategorized-da","7":"first","8":"instock","9":"shipping-taxable","10":"product-type-simple"},"_links":{"self":[{"href":"https:\/\/nordicmart.andreevmaster.com\/da\/wp-json\/wp\/v2\/product\/24183","targetHints":{"allow":["GET"]}}],"collection":[{"href":"https:\/\/nordicmart.andreevmaster.com\/da\/wp-json\/wp\/v2\/product"}],"about":[{"href":"https:\/\/nordicmart.andreevmaster.com\/da\/wp-json\/wp\/v2\/types\/product"}],"replies":[{"embeddable":true,"href":"https:\/\/nordicmart.andreevmaster.com\/da\/wp-json\/wp\/v2\/comments?post=24183"}],"wp:attachment":[{"href":"https:\/\/nordicmart.andreevmaster.com\/da\/wp-json\/wp\/v2\/media?parent=24183"}],"wp:term":[{"taxonomy":"product_brand","embeddable":true,"href":"https:\/\/nordicmart.andreevmaster.com\/da\/wp-json\/wp\/v2\/product_brand?post=24183"},{"taxonomy":"product_cat","embeddable":true,"href":"https:\/\/nordicmart.andreevmaster.com\/da\/wp-json\/wp\/v2\/product_cat?post=24183"},{"taxonomy":"product_tag","embeddable":true,"href":"https:\/\/nordicmart.andreevmaster.com\/da\/wp-json\/wp\/v2\/product_tag?post=24183"}],"curies":[{"name":"wp","href":"https:\/\/api.w.org\/{rel}","templated":true}]}}