{"id":23889,"date":"2026-02-27T00:21:26","date_gmt":"2026-02-27T00:21:26","guid":{"rendered":"https:\/\/nordicmart.andreevmaster.com\/product\/sidebord-natbord-hovedbord-med-3-opbevaringshylder-stofkurv-til-sovevaerelset-stuen-stalstel-30-x-34-x-58-cm-industrielt-ibenholt-valnod\/"},"modified":"2026-02-27T09:03:24","modified_gmt":"2026-02-27T09:03:24","slug":"sidebord-natbord-hovedbord-med-3-opbevaringshylder-stofkurv-til-sovevaerelset-stuen-stalstel-30-x-34-x-58-cm-industrielt-ibenholt-valnod","status":"publish","type":"product","link":"https:\/\/nordicmart.andreevmaster.com\/da\/vare\/sidebord-natbord-hovedbord-med-3-opbevaringshylder-stofkurv-til-sovevaerelset-stuen-stalstel-30-x-34-x-58-cm-industrielt-ibenholt-valnod\/","title":{"rendered":"Sidebord, natbord, hovedbord med 3 opbevaringshylder, stofkurv, til sovev\u00e6relset, stuen, st\u00e5lstel, 30 x 34 x 58 cm, industrielt, ibenholt, valn\u00f8d"},"content":{"rendered":"","protected":false},"excerpt":{"rendered":"","protected":false},"featured_media":0,"comment_status":"open","ping_status":"closed","template":"","meta":[],"product_brand":[],"product_cat":[31],"product_tag":[],"class_list":{"0":"post-23889","1":"product","2":"type-product","3":"status-publish","5":"product_cat-uncategorized-da","7":"first","8":"instock","9":"shipping-taxable","10":"product-type-simple"},"_links":{"self":[{"href":"https:\/\/nordicmart.andreevmaster.com\/da\/wp-json\/wp\/v2\/product\/23889","targetHints":{"allow":["GET"]}}],"collection":[{"href":"https:\/\/nordicmart.andreevmaster.com\/da\/wp-json\/wp\/v2\/product"}],"about":[{"href":"https:\/\/nordicmart.andreevmaster.com\/da\/wp-json\/wp\/v2\/types\/product"}],"replies":[{"embeddable":true,"href":"https:\/\/nordicmart.andreevmaster.com\/da\/wp-json\/wp\/v2\/comments?post=23889"}],"wp:attachment":[{"href":"https:\/\/nordicmart.andreevmaster.com\/da\/wp-json\/wp\/v2\/media?parent=23889"}],"wp:term":[{"taxonomy":"product_brand","embeddable":true,"href":"https:\/\/nordicmart.andreevmaster.com\/da\/wp-json\/wp\/v2\/product_brand?post=23889"},{"taxonomy":"product_cat","embeddable":true,"href":"https:\/\/nordicmart.andreevmaster.com\/da\/wp-json\/wp\/v2\/product_cat?post=23889"},{"taxonomy":"product_tag","embeddable":true,"href":"https:\/\/nordicmart.andreevmaster.com\/da\/wp-json\/wp\/v2\/product_tag?post=23889"}],"curies":[{"name":"wp","href":"https:\/\/api.w.org\/{rel}","templated":true}]}}