{"id":23794,"date":"2026-02-27T00:21:02","date_gmt":"2026-02-27T00:21:02","guid":{"rendered":"https:\/\/nordicmart.andreevmaster.com\/product\/leopardus-sengelinned-40x90\/"},"modified":"2026-02-27T09:03:07","modified_gmt":"2026-02-27T09:03:07","slug":"leopardus-sengelinned-40x90","status":"publish","type":"product","link":"https:\/\/nordicmart.andreevmaster.com\/da\/vare\/leopardus-sengelinned-40x90\/","title":{"rendered":"Leopardus sengelinned 40&#215;90"},"content":{"rendered":"<p>Detaljer: <\/p>\n<p>&#8211; senget\u00f8j fremstillet af naturlig bomuld med Oeko-TEX Standard 100 IW 00034-certifikat <\/p>\n<p>&#8211; delikat og bl\u00f8dt at r\u00f8re ved <\/p>\n<p>&#8211; afsluttet med et elastisk b\u00e5nd, der forhindrer, at det glider p\u00e5 madrassen <\/p>\n<p>&#8211; perfekt til vugge eller b\u00e6resele<\/p>\n<p> M\u00e5l: <\/p>\n<p>XS: 40&#215;90 cm, h\u00f8jde 8 cm <\/p>\n<p>Materiale: <\/p>\n<p>&#8211; 100 % bomuld med en tr\u00e5dv\u00e6gt p\u00e5 150 g\/m2 med Oeko-TEX Standard 100-certifikat  <\/p>\n<p> Vaskeanvisning:<br \/>\n &#8211; maskinvask ved 40\u00b0<br \/>\n &#8211; strygning ved temperaturer p\u00e5 h\u00f8jst 110\u00b0<br \/>\n &#8211; m\u00e5 ikke bleges<br \/>\n &#8211; m\u00e5 ikke t\u00f8rretumbles<\/p>\n","protected":false},"excerpt":{"rendered":"<p>Detaljer: &#8211; senget\u00f8j fremstillet af naturlig bomuld med Oeko-TEX Standard 100 IW 00034-certifikat &#8211; delikat og bl\u00f8dt at r\u00f8re ved &#8211; afsluttet med et elastisk b\u00e5nd, der forhindrer, at det glider p\u00e5 madrassen &#8211; perfekt til vugge eller b\u00e6resele M\u00e5l: XS: 40&#215;90 cm, h\u00f8jde 8 cm Materiale: &#8211; 100 % bomuld med en tr\u00e5dv\u00e6gt p\u00e5 [&hellip;]<\/p>\n","protected":false},"featured_media":0,"comment_status":"open","ping_status":"closed","template":"","meta":[],"product_brand":[],"product_cat":[31],"product_tag":[],"class_list":{"0":"post-23794","1":"product","2":"type-product","3":"status-publish","5":"product_cat-uncategorized-da","7":"first","8":"instock","9":"shipping-taxable","10":"purchasable","11":"product-type-simple"},"_links":{"self":[{"href":"https:\/\/nordicmart.andreevmaster.com\/da\/wp-json\/wp\/v2\/product\/23794","targetHints":{"allow":["GET"]}}],"collection":[{"href":"https:\/\/nordicmart.andreevmaster.com\/da\/wp-json\/wp\/v2\/product"}],"about":[{"href":"https:\/\/nordicmart.andreevmaster.com\/da\/wp-json\/wp\/v2\/types\/product"}],"replies":[{"embeddable":true,"href":"https:\/\/nordicmart.andreevmaster.com\/da\/wp-json\/wp\/v2\/comments?post=23794"}],"wp:attachment":[{"href":"https:\/\/nordicmart.andreevmaster.com\/da\/wp-json\/wp\/v2\/media?parent=23794"}],"wp:term":[{"taxonomy":"product_brand","embeddable":true,"href":"https:\/\/nordicmart.andreevmaster.com\/da\/wp-json\/wp\/v2\/product_brand?post=23794"},{"taxonomy":"product_cat","embeddable":true,"href":"https:\/\/nordicmart.andreevmaster.com\/da\/wp-json\/wp\/v2\/product_cat?post=23794"},{"taxonomy":"product_tag","embeddable":true,"href":"https:\/\/nordicmart.andreevmaster.com\/da\/wp-json\/wp\/v2\/product_tag?post=23794"}],"curies":[{"name":"wp","href":"https:\/\/api.w.org\/{rel}","templated":true}]}}