{"id":23790,"date":"2026-02-27T00:21:01","date_gmt":"2026-02-27T00:21:01","guid":{"rendered":"https:\/\/nordicmart.andreevmaster.com\/product\/leopardus-sengekant-60x120-70x140\/"},"modified":"2026-02-27T09:03:06","modified_gmt":"2026-02-27T09:03:06","slug":"leopardus-sengekant-60x120-70x140","status":"publish","type":"product","link":"https:\/\/nordicmart.andreevmaster.com\/da\/vare\/leopardus-sengekant-60x120-70x140\/","title":{"rendered":"Leopardus sengekant 60&#215;120\/70&#215;140"},"content":{"rendered":"<p>Detaljer: <\/p>\n<p>&#8211; beregnet til barnesenge i st\u00f8rrelsen 60&#215;120 og 70&#215;140 <\/p>\n<p>&#8211; giver barnet fremragende beskyttelse mod utilsigtede st\u00f8d mod barnesengens tremmer <\/p>\n<p>&#8211; bl\u00f8dt og behageligt at r\u00f8re ved <\/p>\n<p>Materiale:  &#8211; 100 % bomuld med en tr\u00e5dv\u00e6gt p\u00e5 150 g\/m2 med Oeko-TEX Standard 100 IW 00034-certifikat &#8211; fyldt med allergivenlig silikonefiber med en tr\u00e5dv\u00e6gt p\u00e5 200 g\/m2  <\/p>\n<p>M\u00e5l:<br \/>\n &#8211; l\u00e6ngde: 210 cm<br \/>\n &#8211; h\u00f8jde: 24 cm<\/p>\n<p> Vaskeanvisning:<br \/>\n &#8211; maskinvask ved 40\u00b0<br \/>\n &#8211; strygning ved temperaturer p\u00e5 h\u00f8jst 110\u00b0<br \/>\n &#8211; m\u00e5 ikke bleges<br \/>\n &#8211; m\u00e5 ikke t\u00f8rretumbles <\/p>\n<p>Anbefales til sp\u00e6db\u00f8rn og b\u00f8rn fra f\u00f8dslen til 3 \u00e5r.\u00a0Anvendes under opsyn af for\u00e6ldre.<\/p>\n","protected":false},"excerpt":{"rendered":"<p>Detaljer: &#8211; beregnet til barnesenge i st\u00f8rrelsen 60&#215;120 og 70&#215;140 &#8211; giver barnet fremragende beskyttelse mod utilsigtede st\u00f8d mod barnesengens tremmer &#8211; bl\u00f8dt og behageligt at r\u00f8re ved Materiale: &#8211; 100 % bomuld med en tr\u00e5dv\u00e6gt p\u00e5 150 g\/m2 med Oeko-TEX Standard 100 IW 00034-certifikat &#8211; fyldt med allergivenlig silikonefiber med en tr\u00e5dv\u00e6gt p\u00e5 200 [&hellip;]<\/p>\n","protected":false},"featured_media":0,"comment_status":"open","ping_status":"closed","template":"","meta":[],"product_brand":[],"product_cat":[31],"product_tag":[],"class_list":{"0":"post-23790","1":"product","2":"type-product","3":"status-publish","5":"product_cat-uncategorized-da","7":"first","8":"instock","9":"shipping-taxable","10":"purchasable","11":"product-type-simple"},"_links":{"self":[{"href":"https:\/\/nordicmart.andreevmaster.com\/da\/wp-json\/wp\/v2\/product\/23790","targetHints":{"allow":["GET"]}}],"collection":[{"href":"https:\/\/nordicmart.andreevmaster.com\/da\/wp-json\/wp\/v2\/product"}],"about":[{"href":"https:\/\/nordicmart.andreevmaster.com\/da\/wp-json\/wp\/v2\/types\/product"}],"replies":[{"embeddable":true,"href":"https:\/\/nordicmart.andreevmaster.com\/da\/wp-json\/wp\/v2\/comments?post=23790"}],"wp:attachment":[{"href":"https:\/\/nordicmart.andreevmaster.com\/da\/wp-json\/wp\/v2\/media?parent=23790"}],"wp:term":[{"taxonomy":"product_brand","embeddable":true,"href":"https:\/\/nordicmart.andreevmaster.com\/da\/wp-json\/wp\/v2\/product_brand?post=23790"},{"taxonomy":"product_cat","embeddable":true,"href":"https:\/\/nordicmart.andreevmaster.com\/da\/wp-json\/wp\/v2\/product_cat?post=23790"},{"taxonomy":"product_tag","embeddable":true,"href":"https:\/\/nordicmart.andreevmaster.com\/da\/wp-json\/wp\/v2\/product_tag?post=23790"}],"curies":[{"name":"wp","href":"https:\/\/api.w.org\/{rel}","templated":true}]}}