{"id":23785,"date":"2026-02-27T00:21:00","date_gmt":"2026-02-27T00:21:00","guid":{"rendered":"https:\/\/nordicmart.andreevmaster.com\/product\/linien-sengetoj-med-flaese-stengra-l-med-fyld\/"},"modified":"2026-02-27T09:03:05","modified_gmt":"2026-02-27T09:03:05","slug":"linien-sengetoj-med-flaese-stengra-l-med-fyld","status":"publish","type":"product","link":"https:\/\/nordicmart.andreevmaster.com\/da\/vare\/linien-sengetoj-med-flaese-stengra-l-med-fyld\/","title":{"rendered":"Linien senget\u00f8j med fl\u00e6se, stengr\u00e5  L med fyld"},"content":{"rendered":"<p>Senget\u00f8j st\u00f8rrelse L med fyld. <\/p>\n<p>Detaljer:<br \/>\n &#8211; senget\u00f8j med fyld,<br \/>\n &#8211; afsluttet med en delikat fl\u00e6se,<br \/>\n &#8211; meget bl\u00f8dt og behageligt at r\u00f8re ved. <\/p>\n<p>St\u00f8rrelser:<br \/>\n &#8211; pude: 40&#215;60 cm (+4 cm fl\u00e6se)<br \/>\n &#8211; dyne: 140&#215;200 cm (+4 cm fl\u00e6se)<br \/>\n Til b\u00f8rn fra 6 \u00e5r. <\/p>\n<p>Farve:<br \/>\n &#8211; st\u00f8vet lyser\u00f8d<br \/>\n &#8211; stengr\u00e5<br \/>\n &#8211; snehvid <\/p>\n<p>&#8211; marinebl\u00e5 <\/p>\n<p>Materiale:<br \/>\n &#8211; fremstillet i Polen af polske materialer,<br \/>\n &#8211; 100 % h\u00f8r med en tr\u00e5dv\u00e6gt p\u00e5 154 g\/m2 og Oeko-Tex Standard 100 IW 00034,<br \/>\n &#8211; vasketemperatur: 40 \u00b0C,<br \/>\n &#8211; stryges v\u00e5dt ved h\u00f8j temperatur. <\/p>\n<p> Anbefales til linned-s\u00e6t:<br \/>\n &#8211; Senget\u00f8j, baldakin, kantpude, stjernepude, rullegardin, maskefl\u00e6se, <\/p>\n<p>&#8211; Passer ogs\u00e5 perfekt til vores bomuldstekstiler.<\/p>\n","protected":false},"excerpt":{"rendered":"<p>Senget\u00f8j st\u00f8rrelse L med fyld. Detaljer: &#8211; senget\u00f8j med fyld, &#8211; afsluttet med en delikat fl\u00e6se, &#8211; meget bl\u00f8dt og behageligt at r\u00f8re ved. St\u00f8rrelser: &#8211; pude: 40&#215;60 cm (+4 cm fl\u00e6se) &#8211; dyne: 140&#215;200 cm (+4 cm fl\u00e6se) Til b\u00f8rn fra 6 \u00e5r. Farve: &#8211; st\u00f8vet lyser\u00f8d &#8211; stengr\u00e5 &#8211; snehvid &#8211; marinebl\u00e5 Materiale: [&hellip;]<\/p>\n","protected":false},"featured_media":0,"comment_status":"open","ping_status":"closed","template":"","meta":[],"product_brand":[],"product_cat":[31],"product_tag":[],"class_list":{"0":"post-23785","1":"product","2":"type-product","3":"status-publish","5":"product_cat-uncategorized-da","7":"first","8":"instock","9":"shipping-taxable","10":"purchasable","11":"product-type-simple"},"_links":{"self":[{"href":"https:\/\/nordicmart.andreevmaster.com\/da\/wp-json\/wp\/v2\/product\/23785","targetHints":{"allow":["GET"]}}],"collection":[{"href":"https:\/\/nordicmart.andreevmaster.com\/da\/wp-json\/wp\/v2\/product"}],"about":[{"href":"https:\/\/nordicmart.andreevmaster.com\/da\/wp-json\/wp\/v2\/types\/product"}],"replies":[{"embeddable":true,"href":"https:\/\/nordicmart.andreevmaster.com\/da\/wp-json\/wp\/v2\/comments?post=23785"}],"wp:attachment":[{"href":"https:\/\/nordicmart.andreevmaster.com\/da\/wp-json\/wp\/v2\/media?parent=23785"}],"wp:term":[{"taxonomy":"product_brand","embeddable":true,"href":"https:\/\/nordicmart.andreevmaster.com\/da\/wp-json\/wp\/v2\/product_brand?post=23785"},{"taxonomy":"product_cat","embeddable":true,"href":"https:\/\/nordicmart.andreevmaster.com\/da\/wp-json\/wp\/v2\/product_cat?post=23785"},{"taxonomy":"product_tag","embeddable":true,"href":"https:\/\/nordicmart.andreevmaster.com\/da\/wp-json\/wp\/v2\/product_tag?post=23785"}],"curies":[{"name":"wp","href":"https:\/\/api.w.org\/{rel}","templated":true}]}}