{"id":23781,"date":"2026-02-27T00:20:59","date_gmt":"2026-02-27T00:20:59","guid":{"rendered":"https:\/\/nordicmart.andreevmaster.com\/product\/changer-up-stovet-lyserod\/"},"modified":"2026-02-27T09:03:04","modified_gmt":"2026-02-27T09:03:04","slug":"changer-up-stovet-lyserod","status":"publish","type":"product","link":"https:\/\/nordicmart.andreevmaster.com\/da\/vare\/changer-up-stovet-lyserod\/","title":{"rendered":"Changer UP!  st\u00f8vet lyser\u00f8d"},"content":{"rendered":"<p>Vandt\u00e6t puslebord med betr\u00e6k og h\u00e5ndkl\u00e6de til The UP! barneseng <\/p>\n<p>Puslebordet best\u00e5r af: <\/p>\n<p>&#8211; skumindl\u00e6g <\/p>\n<p>&#8211; puslebordsbetr\u00e6k af antibakterielt og bl\u00f8dt linned <\/p>\n<p>&#8211; dobbeltsidet pude af linned og frott\u00e9stof beskyttet af en vandt\u00e6t membran <\/p>\n<p>St\u00f8rrelser: <\/p>\n<p>&#8211; 70x38x3 cm <\/p>\n<p>Farve:<br \/>\n &#8211; st\u00f8vet lyser\u00f8d<br \/>\n &#8211; stengr\u00e5<br \/>\n &#8211; snehvid <\/p>\n<p>Materiale:<br \/>\n &#8211; fremstillet i Polen af polske materialer,<br \/>\n &#8211; betr\u00e6k &#8211; 100 % h\u00f8r med en tr\u00e5dv\u00e6gt p\u00e5 154 g\/m2 og Oeko-Tex Standard 100 IW 00034,<br \/>\n &#8211; vasketemperatur: 40 \u00b0C,<br \/>\n &#8211; stryges v\u00e5dt ved h\u00f8j temperatur. <\/p>\n<p> Anbefales til linned-s\u00e6t:<br \/>\n &#8211; Senget\u00f8j, baldakin, kantpude, stjernepude, rullegardin, maskefl\u00e6se, <\/p>\n<p>&#8211; Passer ogs\u00e5 perfekt til vores bomuldstekstiler.<\/p>\n","protected":false},"excerpt":{"rendered":"<p>Vandt\u00e6t puslebord med betr\u00e6k og h\u00e5ndkl\u00e6de til The UP! barneseng Puslebordet best\u00e5r af: &#8211; skumindl\u00e6g &#8211; puslebordsbetr\u00e6k af antibakterielt og bl\u00f8dt linned &#8211; dobbeltsidet pude af linned og frott\u00e9stof beskyttet af en vandt\u00e6t membran St\u00f8rrelser: &#8211; 70x38x3 cm Farve: &#8211; st\u00f8vet lyser\u00f8d &#8211; stengr\u00e5 &#8211; snehvid Materiale: &#8211; fremstillet i Polen af polske materialer, &#8211; [&hellip;]<\/p>\n","protected":false},"featured_media":0,"comment_status":"open","ping_status":"closed","template":"","meta":[],"product_brand":[],"product_cat":[31],"product_tag":[],"class_list":{"0":"post-23781","1":"product","2":"type-product","3":"status-publish","5":"product_cat-uncategorized-da","7":"first","8":"instock","9":"shipping-taxable","10":"purchasable","11":"product-type-simple"},"_links":{"self":[{"href":"https:\/\/nordicmart.andreevmaster.com\/da\/wp-json\/wp\/v2\/product\/23781","targetHints":{"allow":["GET"]}}],"collection":[{"href":"https:\/\/nordicmart.andreevmaster.com\/da\/wp-json\/wp\/v2\/product"}],"about":[{"href":"https:\/\/nordicmart.andreevmaster.com\/da\/wp-json\/wp\/v2\/types\/product"}],"replies":[{"embeddable":true,"href":"https:\/\/nordicmart.andreevmaster.com\/da\/wp-json\/wp\/v2\/comments?post=23781"}],"wp:attachment":[{"href":"https:\/\/nordicmart.andreevmaster.com\/da\/wp-json\/wp\/v2\/media?parent=23781"}],"wp:term":[{"taxonomy":"product_brand","embeddable":true,"href":"https:\/\/nordicmart.andreevmaster.com\/da\/wp-json\/wp\/v2\/product_brand?post=23781"},{"taxonomy":"product_cat","embeddable":true,"href":"https:\/\/nordicmart.andreevmaster.com\/da\/wp-json\/wp\/v2\/product_cat?post=23781"},{"taxonomy":"product_tag","embeddable":true,"href":"https:\/\/nordicmart.andreevmaster.com\/da\/wp-json\/wp\/v2\/product_tag?post=23781"}],"curies":[{"name":"wp","href":"https:\/\/api.w.org\/{rel}","templated":true}]}}