{"id":23779,"date":"2026-02-27T00:20:58","date_gmt":"2026-02-27T00:20:58","guid":{"rendered":"https:\/\/nordicmart.andreevmaster.com\/product\/linien-straeklagen-med-aegte-striber-40x90-xs\/"},"modified":"2026-02-27T09:03:04","modified_gmt":"2026-02-27T09:03:04","slug":"linien-straeklagen-med-aegte-striber-40x90-xs","status":"publish","type":"product","link":"https:\/\/nordicmart.andreevmaster.com\/da\/vare\/linien-straeklagen-med-aegte-striber-40x90-xs\/","title":{"rendered":"Linien str\u00e6klagen med \u00e6gte striber 40&#215;90 (XS)"},"content":{"rendered":"<p>For at sikre dit barn den bedst mulige komfort under s\u00f8vnen har vi skabt en kollektion af b\u00f8rnesenget\u00f8j fremstillet af naturligt, bl\u00f8dt linned. Hvorfor h\u00f8r? &#8211; har antibakterielle egenskaber; &#8211; er allergivenligt \u2013 fremkalder ikke allergi; &#8211; er bl\u00f8dt mod huden og behageligt at r\u00f8re ved; &#8211; har h\u00f8j fugtabsorberingsevne; &#8211; har termoregulering \u2013 egenskaber med h\u00f8j luftgennemtr\u00e6ngelighed og varmeledning. Det k\u00f8ler p\u00e5 varme dage og varmer, n\u00e5r det er koldere; &#8211; det er modstandsdygtigt over for slid og str\u00e6kning; &#8211; det elektrificerer ikke; &#8211; det er biologisk nedbrydeligt; &#8211; hyppig vask af h\u00f8r for\u00e6dler det, s\u00e5 det bliver bl\u00f8dere og glattere.  2-delt senget\u00f8j i h\u00f8r med fl\u00e6sekanter. Detaljer: &#8211; senget\u00f8j uden fyld (dynebetr\u00e6k og pudebetr\u00e6k) &#8211; lukkes med usynlig lynl\u00e5s &#8211; afsluttet med diskrete fl\u00e6sekanter &#8211; bl\u00f8dt og behageligt at r\u00f8re ved  M\u00e5l:  &#8211; pudebetr\u00e6k: 40&#215;60 cm (+4 cm fl\u00e6se) &#8211; dynebetr\u00e6k: 100&#215;135 cm (+ 4 cm fl\u00e6se) Til b\u00f8rn fra: f\u00f8dslen til ca. 5\/6 \u00e5r.  Farver: &#8211; st\u00f8vet lyser\u00f8d &#8211; t\u00e5get gr\u00e5 &#8211; snehvid  Materiale: &#8211; senget\u00f8j syet i Polen af r\u00e5varer produceret i Polen &#8211; sammens\u00e6tning: 100 % h\u00f8r med en v\u00e6gt p\u00e5 154 g\/m2 &#8211; vasketemperatur: sk\u00e5nevask 40 grader &#8211; kan stryges fugtigt ved h\u00f8j temperatur<\/p>\n","protected":false},"excerpt":{"rendered":"<p>For at sikre dit barn den bedst mulige komfort under s\u00f8vnen har vi skabt en kollektion af b\u00f8rnesenget\u00f8j fremstillet af naturligt, bl\u00f8dt linned. Hvorfor h\u00f8r? &#8211; har antibakterielle egenskaber; &#8211; er allergivenligt \u2013 fremkalder ikke allergi; &#8211; er bl\u00f8dt mod huden og behageligt at r\u00f8re ved; &#8211; har h\u00f8j fugtabsorberingsevne; &#8211; har termoregulering \u2013 egenskaber [&hellip;]<\/p>\n","protected":false},"featured_media":0,"comment_status":"open","ping_status":"closed","template":"","meta":[],"product_brand":[],"product_cat":[31],"product_tag":[],"class_list":{"0":"post-23779","1":"product","2":"type-product","3":"status-publish","5":"product_cat-uncategorized-da","7":"first","8":"instock","9":"shipping-taxable","10":"purchasable","11":"product-type-simple"},"_links":{"self":[{"href":"https:\/\/nordicmart.andreevmaster.com\/da\/wp-json\/wp\/v2\/product\/23779","targetHints":{"allow":["GET"]}}],"collection":[{"href":"https:\/\/nordicmart.andreevmaster.com\/da\/wp-json\/wp\/v2\/product"}],"about":[{"href":"https:\/\/nordicmart.andreevmaster.com\/da\/wp-json\/wp\/v2\/types\/product"}],"replies":[{"embeddable":true,"href":"https:\/\/nordicmart.andreevmaster.com\/da\/wp-json\/wp\/v2\/comments?post=23779"}],"wp:attachment":[{"href":"https:\/\/nordicmart.andreevmaster.com\/da\/wp-json\/wp\/v2\/media?parent=23779"}],"wp:term":[{"taxonomy":"product_brand","embeddable":true,"href":"https:\/\/nordicmart.andreevmaster.com\/da\/wp-json\/wp\/v2\/product_brand?post=23779"},{"taxonomy":"product_cat","embeddable":true,"href":"https:\/\/nordicmart.andreevmaster.com\/da\/wp-json\/wp\/v2\/product_cat?post=23779"},{"taxonomy":"product_tag","embeddable":true,"href":"https:\/\/nordicmart.andreevmaster.com\/da\/wp-json\/wp\/v2\/product_tag?post=23779"}],"curies":[{"name":"wp","href":"https:\/\/api.w.org\/{rel}","templated":true}]}}