{"id":23772,"date":"2026-02-27T00:20:56","date_gmt":"2026-02-27T00:20:56","guid":{"rendered":"https:\/\/nordicmart.andreevmaster.com\/product\/linnedlagen-i-stovet-rosa-up-70x140\/"},"modified":"2026-02-27T09:03:03","modified_gmt":"2026-02-27T09:03:03","slug":"linnedlagen-i-stovet-rosa-up-70x140","status":"publish","type":"product","link":"https:\/\/nordicmart.andreevmaster.com\/da\/vare\/linnedlagen-i-stovet-rosa-up-70x140\/","title":{"rendered":"Linnedlagen i st\u00f8vet rosa UP! 70&#215;140"},"content":{"rendered":"<p>Linnedlagen med elastik 70&#215;120 til The UP! barneseng <\/p>\n<p>Detaljer:<br \/>\n &#8211; passer perfekt til madrassen,<br \/>\n &#8211; meget bl\u00f8dt og behageligt at r\u00f8re ved,<br \/>\n &#8211; linnedets egenskaber er sunde for b\u00f8rn (antibakterielt, antiallergisk, antistatisk). <\/p>\n<p>St\u00f8rrelse:<br \/>\n &#8211; 70&#215;120 cm <\/p>\n<p>Farve:<br \/>\n &#8211; st\u00f8vet lyser\u00f8d<br \/>\n &#8211; stengr\u00e5<br \/>\n &#8211; snehvid <\/p>\n<p>&#8211; marinebl\u00e5<br \/>\n &#8211; \u00e6gte striber <\/p>\n<p>Materiale:<br \/>\n &#8211; fremstillet i Polen af polske materialer,<br \/>\n &#8211; 100 % linned med en tr\u00e5dv\u00e6gt p\u00e5 154 g\/m2 og Oeko-Tex Standard 100 IW 00034,<br \/>\n &#8211; vasketemperatur: 40 \u00b0C,- stryges v\u00e5dt ved h\u00f8j temperatur. Anbefales til linned-s\u00e6t: &#8211; senget\u00f8j, baldakin, kantpude, stjernepude, rullegardin, maskefl\u00e6se, &#8211; passer ogs\u00e5 perfekt til vores bomuldstekstiler.<\/p>\n","protected":false},"excerpt":{"rendered":"<p>Linnedlagen med elastik 70&#215;120 til The UP! barneseng Detaljer: &#8211; passer perfekt til madrassen, &#8211; meget bl\u00f8dt og behageligt at r\u00f8re ved, &#8211; linnedets egenskaber er sunde for b\u00f8rn (antibakterielt, antiallergisk, antistatisk). St\u00f8rrelse: &#8211; 70&#215;120 cm Farve: &#8211; st\u00f8vet lyser\u00f8d &#8211; stengr\u00e5 &#8211; snehvid &#8211; marinebl\u00e5 &#8211; \u00e6gte striber Materiale: &#8211; fremstillet i Polen af [&hellip;]<\/p>\n","protected":false},"featured_media":0,"comment_status":"open","ping_status":"closed","template":"","meta":[],"product_brand":[],"product_cat":[31],"product_tag":[],"class_list":{"0":"post-23772","1":"product","2":"type-product","3":"status-publish","5":"product_cat-uncategorized-da","7":"first","8":"instock","9":"shipping-taxable","10":"purchasable","11":"product-type-simple"},"_links":{"self":[{"href":"https:\/\/nordicmart.andreevmaster.com\/da\/wp-json\/wp\/v2\/product\/23772","targetHints":{"allow":["GET"]}}],"collection":[{"href":"https:\/\/nordicmart.andreevmaster.com\/da\/wp-json\/wp\/v2\/product"}],"about":[{"href":"https:\/\/nordicmart.andreevmaster.com\/da\/wp-json\/wp\/v2\/types\/product"}],"replies":[{"embeddable":true,"href":"https:\/\/nordicmart.andreevmaster.com\/da\/wp-json\/wp\/v2\/comments?post=23772"}],"wp:attachment":[{"href":"https:\/\/nordicmart.andreevmaster.com\/da\/wp-json\/wp\/v2\/media?parent=23772"}],"wp:term":[{"taxonomy":"product_brand","embeddable":true,"href":"https:\/\/nordicmart.andreevmaster.com\/da\/wp-json\/wp\/v2\/product_brand?post=23772"},{"taxonomy":"product_cat","embeddable":true,"href":"https:\/\/nordicmart.andreevmaster.com\/da\/wp-json\/wp\/v2\/product_cat?post=23772"},{"taxonomy":"product_tag","embeddable":true,"href":"https:\/\/nordicmart.andreevmaster.com\/da\/wp-json\/wp\/v2\/product_tag?post=23772"}],"curies":[{"name":"wp","href":"https:\/\/api.w.org\/{rel}","templated":true}]}}