{"id":23766,"date":"2026-02-27T00:20:55","date_gmt":"2026-02-27T00:20:55","guid":{"rendered":"https:\/\/nordicmart.andreevmaster.com\/product\/linned-lagen-i-stovet-rosa-xs\/"},"modified":"2026-02-27T09:03:02","modified_gmt":"2026-02-27T09:03:02","slug":"linned-lagen-i-stovet-rosa-xs","status":"publish","type":"product","link":"https:\/\/nordicmart.andreevmaster.com\/da\/vare\/linned-lagen-i-stovet-rosa-xs\/","title":{"rendered":"Linned-lagen i st\u00f8vet rosa XS"},"content":{"rendered":"<p>For at sikre den bedste komfort for din baby har vi skabt en kollektion af naturligt bl\u00f8dt linned. **Hvorfor linned?**<br \/>\n &#8211; antibakterielle egenskaber;<br \/>\n &#8211; antiallergisk \u2013 ikke sensibiliserende;<br \/>\n &#8211; meget f\u00f8lsomt over for huden, behageligt at r\u00f8re ved<br \/>\n &#8211; h\u00f8j fugtabsorbering<br \/>\n &#8211; termoregulering \u2013 h\u00f8j luftgennemtr\u00e6ngelighed og varmeoverf\u00f8rsel;<br \/>\n &#8211; slidst\u00e6rkt og str\u00e6kbart<br \/>\n &#8211; ikke elektrificerende<br \/>\n &#8211; biologisk nedbrydeligt<br \/>\n &#8211; regelm\u00e6ssig vask \u00f8ger tekstilets kvalitet og g\u00f8r linnedet bl\u00f8dere og glattere.   **Str\u00e6klagen med elastik.** **Detaljer:**<br \/>\n &#8211; passer perfekt til madrassen<br \/>\n &#8211; meget bl\u00f8dt og behageligt at r\u00f8re ved<br \/>\n &#8211; linnedets egenskaber er sunde for b\u00f8rn .   **St\u00f8rrelser:**<br \/>\n &#8211; 70&#215;140<br \/>\n &#8211; 60&#215;120<br \/>\n &#8211; 40&#215;90<br \/>\n  **Farver:**<br \/>\n &#8211; st\u00f8vet lyser\u00f8d<br \/>\n &#8211; t\u00e5get gr\u00e5<br \/>\n &#8211; snehvid **Materiale:**<br \/>\n &#8211; fremstillet i Polen af polske materialer<br \/>\n &#8211; 100 % linned med en tr\u00e5dv\u00e6gt p\u00e5 154 g\/m2 og Oeko-Tex Standard 100 IW 00034<br \/>\n &#8211; vasketemperatur: 40\u02da C<br \/>\n &#8211; stryges v\u00e5dt ved h\u00f8j temperatur **<br \/>\n Anbefalet**** til linned-s\u00e6t:**<br \/>\n &#8211; Senget\u00f8j, baldakin, kantpude, stjernepude, rulle, maskefl\u00e6se.<\/p>\n","protected":false},"excerpt":{"rendered":"<p>For at sikre den bedste komfort for din baby har vi skabt en kollektion af naturligt bl\u00f8dt linned. **Hvorfor linned?** &#8211; antibakterielle egenskaber; &#8211; antiallergisk \u2013 ikke sensibiliserende; &#8211; meget f\u00f8lsomt over for huden, behageligt at r\u00f8re ved &#8211; h\u00f8j fugtabsorbering &#8211; termoregulering \u2013 h\u00f8j luftgennemtr\u00e6ngelighed og varmeoverf\u00f8rsel; &#8211; slidst\u00e6rkt og str\u00e6kbart &#8211; ikke elektrificerende [&hellip;]<\/p>\n","protected":false},"featured_media":0,"comment_status":"open","ping_status":"closed","template":"","meta":[],"product_brand":[],"product_cat":[31],"product_tag":[],"class_list":{"0":"post-23766","1":"product","2":"type-product","3":"status-publish","5":"product_cat-uncategorized-da","7":"first","8":"instock","9":"shipping-taxable","10":"purchasable","11":"product-type-simple"},"_links":{"self":[{"href":"https:\/\/nordicmart.andreevmaster.com\/da\/wp-json\/wp\/v2\/product\/23766","targetHints":{"allow":["GET"]}}],"collection":[{"href":"https:\/\/nordicmart.andreevmaster.com\/da\/wp-json\/wp\/v2\/product"}],"about":[{"href":"https:\/\/nordicmart.andreevmaster.com\/da\/wp-json\/wp\/v2\/types\/product"}],"replies":[{"embeddable":true,"href":"https:\/\/nordicmart.andreevmaster.com\/da\/wp-json\/wp\/v2\/comments?post=23766"}],"wp:attachment":[{"href":"https:\/\/nordicmart.andreevmaster.com\/da\/wp-json\/wp\/v2\/media?parent=23766"}],"wp:term":[{"taxonomy":"product_brand","embeddable":true,"href":"https:\/\/nordicmart.andreevmaster.com\/da\/wp-json\/wp\/v2\/product_brand?post=23766"},{"taxonomy":"product_cat","embeddable":true,"href":"https:\/\/nordicmart.andreevmaster.com\/da\/wp-json\/wp\/v2\/product_cat?post=23766"},{"taxonomy":"product_tag","embeddable":true,"href":"https:\/\/nordicmart.andreevmaster.com\/da\/wp-json\/wp\/v2\/product_tag?post=23766"}],"curies":[{"name":"wp","href":"https:\/\/api.w.org\/{rel}","templated":true}]}}