{"id":23753,"date":"2026-02-27T00:20:52","date_gmt":"2026-02-27T00:20:52","guid":{"rendered":"https:\/\/nordicmart.andreevmaster.com\/product\/sengekant-i-hor-stengra\/"},"modified":"2026-02-27T09:02:59","modified_gmt":"2026-02-27T09:02:59","slug":"sengekant-i-hor-stengra","status":"publish","type":"product","link":"https:\/\/nordicmart.andreevmaster.com\/da\/vare\/sengekant-i-hor-stengra\/","title":{"rendered":"Sengekant i h\u00f8r, stengr\u00e5"},"content":{"rendered":"<p>**Detaljer**: &#8211; beskytter dit barn mod at sl\u00e5 hovedet,<br \/>\n &#8211; du kan fastg\u00f8re kanten med bomuldsb\u00e5nd,<br \/>\n &#8211; meget bl\u00f8d og behagelig at r\u00f8re ved. **St\u00f8rrelser:**<br \/>\n &#8211; l\u00e6ngde: 198 cm<br \/>\n &#8211; h\u00f8jde: 23,5 cm<br \/>\n Passer til barnesenge i st\u00f8rrelserne: 70&#215;140 eller 60&#215;120   **Farve**:<br \/>\n &#8211; st\u00f8vet lyser\u00f8d<br \/>\n &#8211; stengr\u00e5<br \/>\n &#8211; snehvid &#8211; marinebl\u00e5 &#8211; \u00e6gte striber ** ** **Materiale:**<br \/>\n &#8211; fremstillet i Polen af polske materialer,<br \/>\n &#8211; 100 % h\u00f8r med en tr\u00e5dv\u00e6gt p\u00e5 154 g\/m2 og en** Oeko-Tex Standard 100 IW 00034,**<br \/>\n &#8211; vasketemperatur: 40\u02da C,<br \/>\n &#8211; stryges v\u00e5dt ved h\u00f8j temperatur. **<br \/>\n Anbefales til linned-s\u00e6t:**<br \/>\n &#8211; Senget\u00f8j, baldakin, kantpude, stjernepude, rullegardin, maskefl\u00e6se, &#8211; Passer ogs\u00e5 perfekt til vores bomuldstekstiler. Linned er et naturmateriale, derfor kan nuancerne variere.<\/p>\n","protected":false},"excerpt":{"rendered":"<p>**Detaljer**: &#8211; beskytter dit barn mod at sl\u00e5 hovedet, &#8211; du kan fastg\u00f8re kanten med bomuldsb\u00e5nd, &#8211; meget bl\u00f8d og behagelig at r\u00f8re ved. **St\u00f8rrelser:** &#8211; l\u00e6ngde: 198 cm &#8211; h\u00f8jde: 23,5 cm Passer til barnesenge i st\u00f8rrelserne: 70&#215;140 eller 60&#215;120 **Farve**: &#8211; st\u00f8vet lyser\u00f8d &#8211; stengr\u00e5 &#8211; snehvid &#8211; marinebl\u00e5 &#8211; \u00e6gte striber ** [&hellip;]<\/p>\n","protected":false},"featured_media":0,"comment_status":"open","ping_status":"closed","template":"","meta":[],"product_brand":[],"product_cat":[31],"product_tag":[],"class_list":{"0":"post-23753","1":"product","2":"type-product","3":"status-publish","5":"product_cat-uncategorized-da","7":"first","8":"instock","9":"shipping-taxable","10":"purchasable","11":"product-type-simple"},"_links":{"self":[{"href":"https:\/\/nordicmart.andreevmaster.com\/da\/wp-json\/wp\/v2\/product\/23753","targetHints":{"allow":["GET"]}}],"collection":[{"href":"https:\/\/nordicmart.andreevmaster.com\/da\/wp-json\/wp\/v2\/product"}],"about":[{"href":"https:\/\/nordicmart.andreevmaster.com\/da\/wp-json\/wp\/v2\/types\/product"}],"replies":[{"embeddable":true,"href":"https:\/\/nordicmart.andreevmaster.com\/da\/wp-json\/wp\/v2\/comments?post=23753"}],"wp:attachment":[{"href":"https:\/\/nordicmart.andreevmaster.com\/da\/wp-json\/wp\/v2\/media?parent=23753"}],"wp:term":[{"taxonomy":"product_brand","embeddable":true,"href":"https:\/\/nordicmart.andreevmaster.com\/da\/wp-json\/wp\/v2\/product_brand?post=23753"},{"taxonomy":"product_cat","embeddable":true,"href":"https:\/\/nordicmart.andreevmaster.com\/da\/wp-json\/wp\/v2\/product_cat?post=23753"},{"taxonomy":"product_tag","embeddable":true,"href":"https:\/\/nordicmart.andreevmaster.com\/da\/wp-json\/wp\/v2\/product_tag?post=23753"}],"curies":[{"name":"wp","href":"https:\/\/api.w.org\/{rel}","templated":true}]}}