{"id":23744,"date":"2026-02-27T00:20:49","date_gmt":"2026-02-27T00:20:49","guid":{"rendered":"https:\/\/nordicmart.andreevmaster.com\/product\/linned-2-sidet-afdaekningsvolant-under-madrassen-stengra\/"},"modified":"2026-02-27T09:02:57","modified_gmt":"2026-02-27T09:02:57","slug":"linned-2-sidet-afdaekningsvolant-under-madrassen-stengra","status":"publish","type":"product","link":"https:\/\/nordicmart.andreevmaster.com\/da\/vare\/linned-2-sidet-afdaekningsvolant-under-madrassen-stengra\/","title":{"rendered":"Linned 2-sidet afd\u00e6kningsvolant under madrassen stengr\u00e5"},"content":{"rendered":"<p>Linned 2-sidet\/3-sidet maskingflounce under madrassen.   **Detaljer**:<br \/>\n &#8211; perfekt til at skjule alt indhold i skuffen, n\u00e5r basen er i h\u00f8j position,<br \/>\n &#8211; nem at samle,<br \/>\n &#8211; du kan d\u00e6kke en, to eller tre dele af sengens sider \u2013 afh\u00e6ngigt af dine behov (mulighed for at k\u00f8be),<br \/>\n &#8211; let justerbar h\u00f8jde (for afstanden 65 cm),<br \/>\n &#8211; holder babyens seng i en charmerende og ren stil,<br \/>\n &#8211; meget bl\u00f8d og behagelig at r\u00f8re ved.   **St\u00f8rrelser**:<br \/>\n &#8211; bund: 70&#215;140<br \/>\n &#8211; h\u00f8jde: 35 cm   **Farve**:<br \/>\n &#8211; st\u00f8vet lyser\u00f8d<br \/>\n &#8211; stengr\u00e5<br \/>\n &#8211; snehvid   **Materiale:**<br \/>\n &#8211; fremstillet i Polen af polske materialer,<br \/>\n &#8211; 100 % h\u00f8r med en tr\u00e5dv\u00e6gt p\u00e5 154 g\/m2 og en** Oeko-Tex Standard 100 IW 00034,**<br \/>\n &#8211; vasketemperatur: 40\u02da C,- stryges v\u00e5dt ved h\u00f8j temperatur. **<br \/>\n Anbefales til linned-s\u00e6t:** &#8211; Senget\u00f8j, baldakin, kantpude, stjernepude, rulle, maskering af fl\u00e6ser, &#8211; Passer ogs\u00e5 perfekt til vores bomuldstekstiler.<\/p>\n","protected":false},"excerpt":{"rendered":"<p>Linned 2-sidet\/3-sidet maskingflounce under madrassen. **Detaljer**: &#8211; perfekt til at skjule alt indhold i skuffen, n\u00e5r basen er i h\u00f8j position, &#8211; nem at samle, &#8211; du kan d\u00e6kke en, to eller tre dele af sengens sider \u2013 afh\u00e6ngigt af dine behov (mulighed for at k\u00f8be), &#8211; let justerbar h\u00f8jde (for afstanden 65 cm), &#8211; [&hellip;]<\/p>\n","protected":false},"featured_media":0,"comment_status":"open","ping_status":"closed","template":"","meta":[],"product_brand":[],"product_cat":[31],"product_tag":[],"class_list":{"0":"post-23744","1":"product","2":"type-product","3":"status-publish","5":"product_cat-uncategorized-da","7":"first","8":"instock","9":"shipping-taxable","10":"purchasable","11":"product-type-simple"},"_links":{"self":[{"href":"https:\/\/nordicmart.andreevmaster.com\/da\/wp-json\/wp\/v2\/product\/23744","targetHints":{"allow":["GET"]}}],"collection":[{"href":"https:\/\/nordicmart.andreevmaster.com\/da\/wp-json\/wp\/v2\/product"}],"about":[{"href":"https:\/\/nordicmart.andreevmaster.com\/da\/wp-json\/wp\/v2\/types\/product"}],"replies":[{"embeddable":true,"href":"https:\/\/nordicmart.andreevmaster.com\/da\/wp-json\/wp\/v2\/comments?post=23744"}],"wp:attachment":[{"href":"https:\/\/nordicmart.andreevmaster.com\/da\/wp-json\/wp\/v2\/media?parent=23744"}],"wp:term":[{"taxonomy":"product_brand","embeddable":true,"href":"https:\/\/nordicmart.andreevmaster.com\/da\/wp-json\/wp\/v2\/product_brand?post=23744"},{"taxonomy":"product_cat","embeddable":true,"href":"https:\/\/nordicmart.andreevmaster.com\/da\/wp-json\/wp\/v2\/product_cat?post=23744"},{"taxonomy":"product_tag","embeddable":true,"href":"https:\/\/nordicmart.andreevmaster.com\/da\/wp-json\/wp\/v2\/product_tag?post=23744"}],"curies":[{"name":"wp","href":"https:\/\/api.w.org\/{rel}","templated":true}]}}