{"id":23740,"date":"2026-02-27T00:20:48","date_gmt":"2026-02-27T00:20:48","guid":{"rendered":"https:\/\/nordicmart.andreevmaster.com\/product\/linned-baldakin-stovet-lyserod\/"},"modified":"2026-02-27T09:02:56","modified_gmt":"2026-02-27T09:02:56","slug":"linned-baldakin-stovet-lyserod","status":"publish","type":"product","link":"https:\/\/nordicmart.andreevmaster.com\/da\/vare\/linned-baldakin-stovet-lyserod\/","title":{"rendered":"Linned baldakin st\u00f8vet lyser\u00f8d"},"content":{"rendered":"<p>**Detaljer:**<br \/>\n &#8211; en stor baldakin d\u00e6kker hele sengen 70&#215;140,<br \/>\n &#8211; du kan h\u00e6nge den over sengen eller skabe et specielt babyhj\u00f8rne,<br \/>\n &#8211; metalrammen er nem at samle,<br \/>\n &#8211; let justerbar h\u00f8jde (for afstanden 65 cm),<br \/>\n &#8211; mulighed for at h\u00e6nge dine egne dekorationer, mobiler eller lys inde i baldakinen,<br \/>\n &#8211; kan omdannes til gardin,<br \/>\n &#8211; meget bl\u00f8d og behagelig at r\u00f8re ved.   **St\u00f8rrelser:**<br \/>\n Diameter af cirkel: 50 cm<br \/>\n L\u00e6ngde: 260 cm<br \/>\n L\u00e6ngde af snore: 65 cm   **Farve**:<br \/>\n &#8211; st\u00f8vet lyser\u00f8d<br \/>\n &#8211; stengr\u00e5<br \/>\n &#8211; snehvid &#8211;       marinebl\u00e5 ** ** **Materiale:**<br \/>\n &#8211; fremstillet i Polen af polske materialer,<br \/>\n &#8211; 100 % h\u00f8r med en tr\u00e5dv\u00e6gt p\u00e5 154 g\/m2 og en** Oeko-Tex Standard 100 IW 00034,**<br \/>\n &#8211; vasketemperatur: 40\u02da C,<br \/>\n &#8211; stryges v\u00e5dt ved h\u00f8j temperatur. **<br \/>\n Anbefales til linned-s\u00e6t:**<br \/>\n &#8211; Senget\u00f8j, baldakin, kantpude, stjernepude, rulle, maskefl\u00e6se, &#8211; Passer ogs\u00e5 perfekt til vores bomuldstekstiler.<\/p>\n","protected":false},"excerpt":{"rendered":"<p>**Detaljer:** &#8211; en stor baldakin d\u00e6kker hele sengen 70&#215;140, &#8211; du kan h\u00e6nge den over sengen eller skabe et specielt babyhj\u00f8rne, &#8211; metalrammen er nem at samle, &#8211; let justerbar h\u00f8jde (for afstanden 65 cm), &#8211; mulighed for at h\u00e6nge dine egne dekorationer, mobiler eller lys inde i baldakinen, &#8211; kan omdannes til gardin, &#8211; [&hellip;]<\/p>\n","protected":false},"featured_media":0,"comment_status":"open","ping_status":"closed","template":"","meta":[],"product_brand":[],"product_cat":[31],"product_tag":[],"class_list":{"0":"post-23740","1":"product","2":"type-product","3":"status-publish","5":"product_cat-uncategorized-da","7":"first","8":"instock","9":"shipping-taxable","10":"purchasable","11":"product-type-simple"},"_links":{"self":[{"href":"https:\/\/nordicmart.andreevmaster.com\/da\/wp-json\/wp\/v2\/product\/23740","targetHints":{"allow":["GET"]}}],"collection":[{"href":"https:\/\/nordicmart.andreevmaster.com\/da\/wp-json\/wp\/v2\/product"}],"about":[{"href":"https:\/\/nordicmart.andreevmaster.com\/da\/wp-json\/wp\/v2\/types\/product"}],"replies":[{"embeddable":true,"href":"https:\/\/nordicmart.andreevmaster.com\/da\/wp-json\/wp\/v2\/comments?post=23740"}],"wp:attachment":[{"href":"https:\/\/nordicmart.andreevmaster.com\/da\/wp-json\/wp\/v2\/media?parent=23740"}],"wp:term":[{"taxonomy":"product_brand","embeddable":true,"href":"https:\/\/nordicmart.andreevmaster.com\/da\/wp-json\/wp\/v2\/product_brand?post=23740"},{"taxonomy":"product_cat","embeddable":true,"href":"https:\/\/nordicmart.andreevmaster.com\/da\/wp-json\/wp\/v2\/product_cat?post=23740"},{"taxonomy":"product_tag","embeddable":true,"href":"https:\/\/nordicmart.andreevmaster.com\/da\/wp-json\/wp\/v2\/product_tag?post=23740"}],"curies":[{"name":"wp","href":"https:\/\/api.w.org\/{rel}","templated":true}]}}