{"id":23739,"date":"2026-02-27T00:20:48","date_gmt":"2026-02-27T00:20:48","guid":{"rendered":"https:\/\/nordicmart.andreevmaster.com\/product\/linned-puslematte-med-betraek-og-handklaede-gra\/"},"modified":"2026-02-27T09:02:56","modified_gmt":"2026-02-27T09:02:56","slug":"linned-puslematte-med-betraek-og-handklaede-gra","status":"publish","type":"product","link":"https:\/\/nordicmart.andreevmaster.com\/da\/vare\/linned-puslematte-med-betraek-og-handklaede-gra\/","title":{"rendered":"Linned puslem\u00e5tte med betr\u00e6k og h\u00e5ndkl\u00e6de, gr\u00e5"},"content":{"rendered":"<p>Hvorfor linned? <\/p>\n<p>-Det har antibakterielle egenskaber.<br \/>\n-Det er allergivenligt \u2013 for\u00e5rsager ikke allergi.<br \/>\n-Det er bl\u00f8dt mod huden og behageligt at r\u00f8re ved.-Det har h\u00f8j fugtabsorbering.<br \/>\n-Det har termoregulering \u2013 h\u00f8j luftgennemtr\u00e6ngelighed og varmeledningsevne.<br \/>\n-Det k\u00f8ler p\u00e5 varme dage og varmer, n\u00e5r det er k\u00f8ligere.<br \/>\n-Det er modstandsdygtigt over for slid og str\u00e6kning.<br \/>\n-Det genererer ikke statisk elektricitet.- Det er biologisk nedbrydeligt. &#8211; Hyppig vask af linned forbedrer dets kvalitet og g\u00f8r det bl\u00f8dere og glattere. Linnedskifteren best\u00e5r af: &#8211; En forst\u00e6rket indsats lavet af vandt\u00e6t materiale. &#8211; Et betr\u00e6k lavet af antibakterielt og delikat linnedstof. &#8211; En vendbar pude lavet af linnedstof og frott\u00e9stof, der er fastgjort med en vandt\u00e6t membran. <\/p>\n<p>St\u00f8rrelse:<br \/>\n75 x 55 cm<\/p>\n<p>Farve:<br \/>\n&#8211; snehvid<\/p>\n<p>Materiale:<br \/>\n-Betr\u00e6k: 100 % linned med en v\u00e6gt p\u00e5 154 g\/m\u00b2, certificeret efter OEKO-TEX Standard 100. <\/p>\n<p>Brugsanvisning:<br \/>\n-Sk\u00e5nevask ved 40 grader.- Kan stryges, mens det er fugtigt, ved h\u00f8j temperatur. &#8211; M\u00e5 ikke bleges. &#8211; Kan t\u00f8rretumbles p\u00e5 et program til sarte tekstiler. <\/p>\n<p> Yderligere oplysninger:<br \/>\nSenget\u00f8jet er syet i Polen af indenlandske materialer.<br \/>\nLinnedskifteunderlaget passer til alle pusleborde fra vores sortiment.<br \/>\nLinned er et naturmateriale, s\u00e5 nuancerne kan variere.<\/p>\n","protected":false},"excerpt":{"rendered":"<p>Hvorfor linned? -Det har antibakterielle egenskaber. -Det er allergivenligt \u2013 for\u00e5rsager ikke allergi. -Det er bl\u00f8dt mod huden og behageligt at r\u00f8re ved.-Det har h\u00f8j fugtabsorbering. -Det har termoregulering \u2013 h\u00f8j luftgennemtr\u00e6ngelighed og varmeledningsevne. -Det k\u00f8ler p\u00e5 varme dage og varmer, n\u00e5r det er k\u00f8ligere. -Det er modstandsdygtigt over for slid og str\u00e6kning. -Det genererer [&hellip;]<\/p>\n","protected":false},"featured_media":0,"comment_status":"open","ping_status":"closed","template":"","meta":[],"product_brand":[],"product_cat":[31],"product_tag":[],"class_list":{"0":"post-23739","1":"product","2":"type-product","3":"status-publish","5":"product_cat-uncategorized-da","7":"first","8":"instock","9":"shipping-taxable","10":"purchasable","11":"product-type-simple"},"_links":{"self":[{"href":"https:\/\/nordicmart.andreevmaster.com\/da\/wp-json\/wp\/v2\/product\/23739","targetHints":{"allow":["GET"]}}],"collection":[{"href":"https:\/\/nordicmart.andreevmaster.com\/da\/wp-json\/wp\/v2\/product"}],"about":[{"href":"https:\/\/nordicmart.andreevmaster.com\/da\/wp-json\/wp\/v2\/types\/product"}],"replies":[{"embeddable":true,"href":"https:\/\/nordicmart.andreevmaster.com\/da\/wp-json\/wp\/v2\/comments?post=23739"}],"wp:attachment":[{"href":"https:\/\/nordicmart.andreevmaster.com\/da\/wp-json\/wp\/v2\/media?parent=23739"}],"wp:term":[{"taxonomy":"product_brand","embeddable":true,"href":"https:\/\/nordicmart.andreevmaster.com\/da\/wp-json\/wp\/v2\/product_brand?post=23739"},{"taxonomy":"product_cat","embeddable":true,"href":"https:\/\/nordicmart.andreevmaster.com\/da\/wp-json\/wp\/v2\/product_cat?post=23739"},{"taxonomy":"product_tag","embeddable":true,"href":"https:\/\/nordicmart.andreevmaster.com\/da\/wp-json\/wp\/v2\/product_tag?post=23739"}],"curies":[{"name":"wp","href":"https:\/\/api.w.org\/{rel}","templated":true}]}}