{"id":23721,"date":"2026-02-27T00:20:44","date_gmt":"2026-02-27T00:20:44","guid":{"rendered":"https:\/\/nordicmart.andreevmaster.com\/product\/spisebordsstole-saet-med-2-gra-2\/"},"modified":"2026-02-27T09:02:53","modified_gmt":"2026-02-27T09:02:53","slug":"spisebordsstole-saet-med-2-gra-2","status":"publish","type":"product","link":"https:\/\/nordicmart.andreevmaster.com\/da\/vare\/spisebordsstole-saet-med-2-gra-2\/","title":{"rendered":"Spisebordsstole s\u00e6t med 2 gr\u00e5"},"content":{"rendered":"<p>Retrochik med komfort En smuk facade b\u00f8r ikke v\u00e6re vigtigere end komfort. Med dette s\u00e6t med 2 fl\u00f8jlsbekl\u00e6dte spisebordsstole f\u00e5r du 2 loungestole i en trendy retrostil, der giver fremragende siddekomfort.  Fordele ved polstrede m\u00f8bler &#8211; Enkle kurver og linjer samt det unikke udsk\u00e5rne rygl\u00e6n giver dette stoles\u00e6t et trendy retro-look, som passer til mange forskellige m\u00f8bler. &#8211; De udadvendte stoleben ser ud, som om de er lavet af tr\u00e6. Men de er faktisk lavet af robust jern. De polstrede stole kan hver is\u00e6r b\u00e6re en belastning p\u00e5 110 kg. &#8211; Den 7 cm tykke polstring, det f\u00f8rsteklasses fl\u00f8jlsbetr\u00e6k og jernbenene kombinerer komfort og holdbarhed. &#8211; De 4 ben p\u00e5 en stol best\u00e5r af kun 2 dele, s\u00e5 du skal kun stramme 5 skruer for at samle en af disse stole. Det sparer dig for v\u00e6rdifuld tid. &#8211; Disse polstrede stole er ikke kun velegnede til spisestuen. De er ogs\u00e5 ideelle til din stue, sovev\u00e6relse, kontor, hotelreception eller lounge og mange andre rum.Produktdetaljer:- Farve: gr\u00e5- Materiale: fl\u00f8jl, jernben med tr\u00e6korn, jernstel, skumpolstring- St\u00f8rrelse: 47 x 58 x 83,5 cm (L x B x H)- H\u00f8jde s\u00e6de: 47,5 cm- Bredde s\u00e6de: 46 cm- Dybde s\u00e6de: 49 cm- H\u00f8jde p\u00e5 rygl\u00e6n: 40 cm- V\u00e6gt: 5,5 kg- Maks. statisk belastningskapacitet pr. stol: 110 kg- V\u00e6gt: 5,5 kg. statisk belastningskapacitet pr. stol: 110 kgLeveringsomfang:- 2 x spisebordsstol med fl\u00f8jlsbetr\u00e6k- 2 x beholdere med tilbeh\u00f8r- 1 x manual (DE, EN, FR, ES, IT)SONGMICS instruktioner:- Uds\u00e6t ikke produktet for direkte sollys- Hold venligst produktet v\u00e6k fra skarpe genstande. Hold produktet v\u00e6k fra spidse eller skarpe genstande for at undg\u00e5 skader.<\/p>\n","protected":false},"excerpt":{"rendered":"<p>Retrochik med komfort En smuk facade b\u00f8r ikke v\u00e6re vigtigere end komfort. Med dette s\u00e6t med 2 fl\u00f8jlsbekl\u00e6dte spisebordsstole f\u00e5r du 2 loungestole i en trendy retrostil, der giver fremragende siddekomfort. Fordele ved polstrede m\u00f8bler &#8211; Enkle kurver og linjer samt det unikke udsk\u00e5rne rygl\u00e6n giver dette stoles\u00e6t et trendy retro-look, som passer til mange [&hellip;]<\/p>\n","protected":false},"featured_media":0,"comment_status":"open","ping_status":"closed","template":"","meta":[],"product_brand":[],"product_cat":[31],"product_tag":[],"class_list":{"0":"post-23721","1":"product","2":"type-product","3":"status-publish","5":"product_cat-uncategorized-da","7":"first","8":"instock","9":"shipping-taxable","10":"product-type-simple"},"_links":{"self":[{"href":"https:\/\/nordicmart.andreevmaster.com\/da\/wp-json\/wp\/v2\/product\/23721","targetHints":{"allow":["GET"]}}],"collection":[{"href":"https:\/\/nordicmart.andreevmaster.com\/da\/wp-json\/wp\/v2\/product"}],"about":[{"href":"https:\/\/nordicmart.andreevmaster.com\/da\/wp-json\/wp\/v2\/types\/product"}],"replies":[{"embeddable":true,"href":"https:\/\/nordicmart.andreevmaster.com\/da\/wp-json\/wp\/v2\/comments?post=23721"}],"wp:attachment":[{"href":"https:\/\/nordicmart.andreevmaster.com\/da\/wp-json\/wp\/v2\/media?parent=23721"}],"wp:term":[{"taxonomy":"product_brand","embeddable":true,"href":"https:\/\/nordicmart.andreevmaster.com\/da\/wp-json\/wp\/v2\/product_brand?post=23721"},{"taxonomy":"product_cat","embeddable":true,"href":"https:\/\/nordicmart.andreevmaster.com\/da\/wp-json\/wp\/v2\/product_cat?post=23721"},{"taxonomy":"product_tag","embeddable":true,"href":"https:\/\/nordicmart.andreevmaster.com\/da\/wp-json\/wp\/v2\/product_tag?post=23721"}],"curies":[{"name":"wp","href":"https:\/\/api.w.org\/{rel}","templated":true}]}}