{"id":23693,"date":"2026-02-27T00:20:37","date_gmt":"2026-02-27T00:20:37","guid":{"rendered":"https:\/\/nordicmart.andreevmaster.com\/product\/2-stk-spisestuestole-kokkenstole-stuerstole-moderne-metalben-morkegra\/"},"modified":"2026-02-27T09:02:48","modified_gmt":"2026-02-27T09:02:48","slug":"2-stk-spisestuestole-kokkenstole-stuerstole-moderne-metalben-morkegra","status":"publish","type":"product","link":"https:\/\/nordicmart.andreevmaster.com\/da\/vare\/2-stk-spisestuestole-kokkenstole-stuerstole-moderne-metalben-morkegra\/","title":{"rendered":"2 stk. spisestuestole, k\u00f8kkenstole, stuerstole, moderne metalben, m\u00f8rkegr\u00e5,"},"content":{"rendered":"<p>[ENKEL, MEN STILFULD] Rene linjer, sorte ben, buede kanter og sk\u00e5ret rygl\u00e6n \u2013 kombinationen af disse elementer giver disse spisestole et tiltalende udseende og f\u00e5r g\u00e6sternes \u00f8jne til at lyse op!<\/p>\n<p>[H\u00f8j siddekomfort] Det store s\u00e6de p\u00e5 41 x 49 cm aflaster trykket p\u00e5 l\u00e6nden; det 7 cm tykke s\u00e6dehynde er bl\u00f8dt; takket v\u00e6re vinklen mellem rygl\u00e6n og s\u00e6de (105\u00b0) giver denne ergonomiske k\u00f8kkenstol en behagelig siddeposition.<\/p>\n<p>[H\u00f8jkvalitetsmaterialer] Stolens ben er fremstillet af robust og holdbart metal, og s\u00e6det er fremstillet af en blanding af \u00e5ndbart bomuld og h\u00f8r, s\u00e5 du ikke kommer til at svede, selv efter l\u00e6ngere tids brug.<\/p>\n<p>[Justerbare ben] De justerbare ben holder k\u00f8kkenstolen stabil, selv p\u00e5 lidt uj\u00e6vne gulve, og beskytter samtidig gulvet mod ridser. <\/p>\n<p>[Nem montering] Disse polstrede stole leveres med m\u00e6rkede dele og letforst\u00e5elige instruktioner, s\u00e5 du hurtigt kan samle stolen.<\/p>\n<p>Produktoplysninger: Stolen er nem og enkel at samle og montere:<br \/>\n&#8211; Farve: m\u00f8rkegr\u00e5.<br \/>\n&#8211; Materiale: st\u00e5l, bomuld og h\u00f8r, skumplast, plast.- M\u00e5l for hver stol: 49,8 x 55 x 81 cm (L x B x H).<br \/>\n&#8211; S\u00e6deareal pr. stol: 41 x 49 cm (B x D).<br \/>\n&#8211; S\u00e6deh\u00f8jde: 47,5 cm.<br \/>\n&#8211; V\u00e6gt pr. stol: 6,6 kg.- Maks. statisk belastning pr. stol: 120 kg<\/p>\n<p>Pakken indeholder:<br \/>\n&#8211; 2 x spisestole<br \/>\n&#8211; 2 pakker med ekstraudstyr.<br \/>\n&#8211; 2 x brugsanvisninger (engelsk sprog er ikke garanteret).<\/p>\n","protected":false},"excerpt":{"rendered":"<p>[ENKEL, MEN STILFULD] Rene linjer, sorte ben, buede kanter og sk\u00e5ret rygl\u00e6n \u2013 kombinationen af disse elementer giver disse spisestole et tiltalende udseende og f\u00e5r g\u00e6sternes \u00f8jne til at lyse op! [H\u00f8j siddekomfort] Det store s\u00e6de p\u00e5 41 x 49 cm aflaster trykket p\u00e5 l\u00e6nden; det 7 cm tykke s\u00e6dehynde er bl\u00f8dt; takket v\u00e6re vinklen [&hellip;]<\/p>\n","protected":false},"featured_media":0,"comment_status":"open","ping_status":"closed","template":"","meta":[],"product_brand":[],"product_cat":[31],"product_tag":[],"class_list":{"0":"post-23693","1":"product","2":"type-product","3":"status-publish","5":"product_cat-uncategorized-da","7":"first","8":"instock","9":"shipping-taxable","10":"product-type-simple"},"_links":{"self":[{"href":"https:\/\/nordicmart.andreevmaster.com\/da\/wp-json\/wp\/v2\/product\/23693","targetHints":{"allow":["GET"]}}],"collection":[{"href":"https:\/\/nordicmart.andreevmaster.com\/da\/wp-json\/wp\/v2\/product"}],"about":[{"href":"https:\/\/nordicmart.andreevmaster.com\/da\/wp-json\/wp\/v2\/types\/product"}],"replies":[{"embeddable":true,"href":"https:\/\/nordicmart.andreevmaster.com\/da\/wp-json\/wp\/v2\/comments?post=23693"}],"wp:attachment":[{"href":"https:\/\/nordicmart.andreevmaster.com\/da\/wp-json\/wp\/v2\/media?parent=23693"}],"wp:term":[{"taxonomy":"product_brand","embeddable":true,"href":"https:\/\/nordicmart.andreevmaster.com\/da\/wp-json\/wp\/v2\/product_brand?post=23693"},{"taxonomy":"product_cat","embeddable":true,"href":"https:\/\/nordicmart.andreevmaster.com\/da\/wp-json\/wp\/v2\/product_cat?post=23693"},{"taxonomy":"product_tag","embeddable":true,"href":"https:\/\/nordicmart.andreevmaster.com\/da\/wp-json\/wp\/v2\/product_tag?post=23693"}],"curies":[{"name":"wp","href":"https:\/\/api.w.org\/{rel}","templated":true}]}}