{"id":23619,"date":"2026-02-27T00:20:20","date_gmt":"2026-02-27T00:20:20","guid":{"rendered":"https:\/\/nordicmart.andreevmaster.com\/product\/bordplade-til-elektrisk-skrivebord-hvid-2\/"},"modified":"2026-02-27T09:02:33","modified_gmt":"2026-02-27T09:02:33","slug":"bordplade-til-elektrisk-skrivebord-hvid-2","status":"publish","type":"product","link":"https:\/\/nordicmart.andreevmaster.com\/da\/vare\/bordplade-til-elektrisk-skrivebord-hvid-2\/","title":{"rendered":"Bordplade til elektrisk skrivebord hvid"},"content":{"rendered":"<p>Produktdetaljer:Farve: HvidMateriale: MDF (medium density fiberboard), melaminbel\u00e6gning, PVC-fugemasseSt\u00f8rrelse: 140 x 70 x 1,8 cm (L x B x H)V\u00e6gt: 13 kgLeveringsomfang:1 x bordplade til SONGMICS elektrisk skrivebordsstativ1 x vejledning<\/p>\n","protected":false},"excerpt":{"rendered":"<p>Produktdetaljer:Farve: HvidMateriale: MDF (medium density fiberboard), melaminbel\u00e6gning, PVC-fugemasseSt\u00f8rrelse: 140 x 70 x 1,8 cm (L x B x H)V\u00e6gt: 13 kgLeveringsomfang:1 x bordplade til SONGMICS elektrisk skrivebordsstativ1 x vejledning<\/p>\n","protected":false},"featured_media":0,"comment_status":"open","ping_status":"closed","template":"","meta":[],"product_brand":[],"product_cat":[31],"product_tag":[],"class_list":{"0":"post-23619","1":"product","2":"type-product","3":"status-publish","5":"product_cat-uncategorized-da","7":"first","8":"instock","9":"shipping-taxable","10":"product-type-simple"},"_links":{"self":[{"href":"https:\/\/nordicmart.andreevmaster.com\/da\/wp-json\/wp\/v2\/product\/23619","targetHints":{"allow":["GET"]}}],"collection":[{"href":"https:\/\/nordicmart.andreevmaster.com\/da\/wp-json\/wp\/v2\/product"}],"about":[{"href":"https:\/\/nordicmart.andreevmaster.com\/da\/wp-json\/wp\/v2\/types\/product"}],"replies":[{"embeddable":true,"href":"https:\/\/nordicmart.andreevmaster.com\/da\/wp-json\/wp\/v2\/comments?post=23619"}],"wp:attachment":[{"href":"https:\/\/nordicmart.andreevmaster.com\/da\/wp-json\/wp\/v2\/media?parent=23619"}],"wp:term":[{"taxonomy":"product_brand","embeddable":true,"href":"https:\/\/nordicmart.andreevmaster.com\/da\/wp-json\/wp\/v2\/product_brand?post=23619"},{"taxonomy":"product_cat","embeddable":true,"href":"https:\/\/nordicmart.andreevmaster.com\/da\/wp-json\/wp\/v2\/product_cat?post=23619"},{"taxonomy":"product_tag","embeddable":true,"href":"https:\/\/nordicmart.andreevmaster.com\/da\/wp-json\/wp\/v2\/product_tag?post=23619"}],"curies":[{"name":"wp","href":"https:\/\/api.w.org\/{rel}","templated":true}]}}