{"id":23617,"date":"2026-02-27T00:20:19","date_gmt":"2026-02-27T00:20:19","guid":{"rendered":"https:\/\/nordicmart.andreevmaster.com\/product\/bordplade-til-elektrisk-skrivebord-bordplade-med-glatte-kanter-melaminbelaegning-mdf-140-x-70-x-18-cm-vintage-brown-ldb002b01-2\/"},"modified":"2026-02-27T09:02:33","modified_gmt":"2026-02-27T09:02:33","slug":"bordplade-til-elektrisk-skrivebord-bordplade-med-glatte-kanter-melaminbelaegning-mdf-140-x-70-x-18-cm-vintage-brown-ldb002b01-2","status":"publish","type":"product","link":"https:\/\/nordicmart.andreevmaster.com\/da\/vare\/bordplade-til-elektrisk-skrivebord-bordplade-med-glatte-kanter-melaminbelaegning-mdf-140-x-70-x-18-cm-vintage-brown-ldb002b01-2\/","title":{"rendered":"Bordplade til elektrisk skrivebord, bordplade med glatte kanter, melaminbel\u00e6gning, MDF, 140 x 70 x 1,8 cm, Vintage Brown LDB002B01"},"content":{"rendered":"<p>Kedeligt arbejdsomr\u00e5de? Det skal du ikke bekymre dig om! Denne brune bordplade med tr\u00e6korn tilf\u00f8jer et strejf af vintage-glamour til dit studie eller kontor og g\u00f8r din arbejdsplads mere stilfuld.<\/p>\n<p>Tjener i \u00e5revis: Bordpladen er lavet af en robust fiberplade med medium densitet. Takket v\u00e6re den fremragende holdbarhed kan dette holdbare skrivebord f\u00f8lge dig i mange \u00e5r fremover.<\/p>\n<p>Praktiske detaljer: Indbyggede skruer sikrer nem montering. De forborede huller er tilpasset til montering p\u00e5 vores elektriske bordstativ fra Songmics.<\/p>\n<p>Din sikkerhed er i h\u00f8js\u00e6det: Kanterne p\u00e5 bordets overflade er forseglet med PVC, hvilket g\u00f8r dem glatte og behagelige. Dine h\u00e6nder er beskyttet mod eventuelle uj\u00e6vnheder<\/p>\n<p>Vil du gerne placere sk\u00e6rmen til venstre eller h\u00f8jre? Vi tilbyder dig begge muligheder. Med 2 huller i bordpladen kan du altid holde styr p\u00e5 kablerne.<\/p>\n<p>Produktdetaljer:Farve: Vintage brunMateriale: MDF (medium density fibreboard), melaminbel\u00e6gning, PVC-fugemasseSt\u00f8rrelse: 140 x 70 x 1,8 cm (L x B x H)V\u00e6gt: 13 kgLeveringsomfang:1 x bordplade til SONGMICS elektrisk skrivebordsstativ1 x brugsanvisning (DE, EN, IT, ES, FR)<\/p>\n","protected":false},"excerpt":{"rendered":"<p>Kedeligt arbejdsomr\u00e5de? Det skal du ikke bekymre dig om! Denne brune bordplade med tr\u00e6korn tilf\u00f8jer et strejf af vintage-glamour til dit studie eller kontor og g\u00f8r din arbejdsplads mere stilfuld. Tjener i \u00e5revis: Bordpladen er lavet af en robust fiberplade med medium densitet. Takket v\u00e6re den fremragende holdbarhed kan dette holdbare skrivebord f\u00f8lge dig i [&hellip;]<\/p>\n","protected":false},"featured_media":0,"comment_status":"open","ping_status":"closed","template":"","meta":[],"product_brand":[],"product_cat":[31],"product_tag":[],"class_list":{"0":"post-23617","1":"product","2":"type-product","3":"status-publish","5":"product_cat-uncategorized-da","7":"first","8":"instock","9":"shipping-taxable","10":"product-type-simple"},"_links":{"self":[{"href":"https:\/\/nordicmart.andreevmaster.com\/da\/wp-json\/wp\/v2\/product\/23617","targetHints":{"allow":["GET"]}}],"collection":[{"href":"https:\/\/nordicmart.andreevmaster.com\/da\/wp-json\/wp\/v2\/product"}],"about":[{"href":"https:\/\/nordicmart.andreevmaster.com\/da\/wp-json\/wp\/v2\/types\/product"}],"replies":[{"embeddable":true,"href":"https:\/\/nordicmart.andreevmaster.com\/da\/wp-json\/wp\/v2\/comments?post=23617"}],"wp:attachment":[{"href":"https:\/\/nordicmart.andreevmaster.com\/da\/wp-json\/wp\/v2\/media?parent=23617"}],"wp:term":[{"taxonomy":"product_brand","embeddable":true,"href":"https:\/\/nordicmart.andreevmaster.com\/da\/wp-json\/wp\/v2\/product_brand?post=23617"},{"taxonomy":"product_cat","embeddable":true,"href":"https:\/\/nordicmart.andreevmaster.com\/da\/wp-json\/wp\/v2\/product_cat?post=23617"},{"taxonomy":"product_tag","embeddable":true,"href":"https:\/\/nordicmart.andreevmaster.com\/da\/wp-json\/wp\/v2\/product_tag?post=23617"}],"curies":[{"name":"wp","href":"https:\/\/api.w.org\/{rel}","templated":true}]}}