{"id":23615,"date":"2026-02-27T00:20:19","date_gmt":"2026-02-27T00:20:19","guid":{"rendered":"https:\/\/nordicmart.andreevmaster.com\/product\/bordplade-til-elektrisk-skrivebord-2\/"},"modified":"2026-02-27T09:02:32","modified_gmt":"2026-02-27T09:02:32","slug":"bordplade-til-elektrisk-skrivebord-2","status":"publish","type":"product","link":"https:\/\/nordicmart.andreevmaster.com\/da\/vare\/bordplade-til-elektrisk-skrivebord-2\/","title":{"rendered":"Bordplade til elektrisk skrivebord"},"content":{"rendered":"<p>Produktdetaljer:Farve: Vintage brunMateriale: MDF (medium density fibreboard), melaminbel\u00e6gning, PVC-fugemasseSt\u00f8rrelse: 120 x 60 x 1,8 cm (L x B x H)V\u00e6gt: 9,5 kgLeveringsomfang:1 x bordplade til SONGMICS elektrisk skrivebordsstativ1 x brugsanvisning (DE, EN, IT, ES, FR)<\/p>\n","protected":false},"excerpt":{"rendered":"<p>Produktdetaljer:Farve: Vintage brunMateriale: MDF (medium density fibreboard), melaminbel\u00e6gning, PVC-fugemasseSt\u00f8rrelse: 120 x 60 x 1,8 cm (L x B x H)V\u00e6gt: 9,5 kgLeveringsomfang:1 x bordplade til SONGMICS elektrisk skrivebordsstativ1 x brugsanvisning (DE, EN, IT, ES, FR)<\/p>\n","protected":false},"featured_media":0,"comment_status":"open","ping_status":"closed","template":"","meta":[],"product_brand":[],"product_cat":[31],"product_tag":[],"class_list":{"0":"post-23615","1":"product","2":"type-product","3":"status-publish","5":"product_cat-uncategorized-da","7":"first","8":"instock","9":"shipping-taxable","10":"product-type-simple"},"_links":{"self":[{"href":"https:\/\/nordicmart.andreevmaster.com\/da\/wp-json\/wp\/v2\/product\/23615","targetHints":{"allow":["GET"]}}],"collection":[{"href":"https:\/\/nordicmart.andreevmaster.com\/da\/wp-json\/wp\/v2\/product"}],"about":[{"href":"https:\/\/nordicmart.andreevmaster.com\/da\/wp-json\/wp\/v2\/types\/product"}],"replies":[{"embeddable":true,"href":"https:\/\/nordicmart.andreevmaster.com\/da\/wp-json\/wp\/v2\/comments?post=23615"}],"wp:attachment":[{"href":"https:\/\/nordicmart.andreevmaster.com\/da\/wp-json\/wp\/v2\/media?parent=23615"}],"wp:term":[{"taxonomy":"product_brand","embeddable":true,"href":"https:\/\/nordicmart.andreevmaster.com\/da\/wp-json\/wp\/v2\/product_brand?post=23615"},{"taxonomy":"product_cat","embeddable":true,"href":"https:\/\/nordicmart.andreevmaster.com\/da\/wp-json\/wp\/v2\/product_cat?post=23615"},{"taxonomy":"product_tag","embeddable":true,"href":"https:\/\/nordicmart.andreevmaster.com\/da\/wp-json\/wp\/v2\/product_tag?post=23615"}],"curies":[{"name":"wp","href":"https:\/\/api.w.org\/{rel}","templated":true}]}}