{"id":23587,"date":"2026-02-27T00:20:12","date_gmt":"2026-02-27T00:20:12","guid":{"rendered":"https:\/\/nordicmart.andreevmaster.com\/product\/sort-moderne-sofabord\/"},"modified":"2026-02-27T09:02:27","modified_gmt":"2026-02-27T09:02:27","slug":"sort-moderne-sofabord","status":"publish","type":"product","link":"https:\/\/nordicmart.andreevmaster.com\/da\/vare\/sort-moderne-sofabord\/","title":{"rendered":"Sort moderne sofabord"},"content":{"rendered":"<p>Sofabordet er m\u00e5ske det vigtigste m\u00f8bel i hjemmet. Det fungerer som omdrejningspunkt, der samler familie og venner omkring spil, film, snacks og gode samtaler. Dette moderne sofabord g\u00f8r alt dette med en stil, der komplementerer det omgivende rum.Dette minimalistiske og moderne sofabord, der kombinerer robust metal og holdbart tr\u00e6, tilf\u00f8jer ikke kun den stil, du \u00f8nsker i din stue, men g\u00f8r det ogs\u00e5 p\u00e5 en b\u00e6redygtig m\u00e5de. Den underliggende metalhylde er prikken over i&#8217;et p\u00e5 et i forvejen stilfuldt design.<\/p>\n<p>Foretr\u00e6kker du at sparke til sofaen frem for at samle sofabordet? Ingen problemer. Dette moderne sofabord er nemt at samle, f\u00f8r du ved af det, takket v\u00e6re de enkle instruktioner og det overskuelige antal dele.K\u00f8b et par moderne sideborde til sofaen, en moderne reol til v\u00e6ggen og et moderne tv-bord til stuen. Med VASAGLE f\u00e5r du nemt de rigtige m\u00f8bler, der g\u00f8r dit hjem til et hjem.<\/p>\n<p>Tekniske oplysninger:- Farve: Sort- Materiale: Sort: Materiale: Sp\u00e5nplade, st\u00e5l- Produktst\u00f8rrelse: 43,3 &#8220;L x 23,6 &#8220;L x 17,7 &#8220;K (110 x 60 x 45 cm) Pakkens indhold:- 1 x Sofabord- 1 x Tilbeh\u00f8rspakke- 1 x Brugsanvisning (EN, DE, FR, ES, IT)<\/p>\n","protected":false},"excerpt":{"rendered":"<p>Sofabordet er m\u00e5ske det vigtigste m\u00f8bel i hjemmet. Det fungerer som omdrejningspunkt, der samler familie og venner omkring spil, film, snacks og gode samtaler. Dette moderne sofabord g\u00f8r alt dette med en stil, der komplementerer det omgivende rum.Dette minimalistiske og moderne sofabord, der kombinerer robust metal og holdbart tr\u00e6, tilf\u00f8jer ikke kun den stil, du [&hellip;]<\/p>\n","protected":false},"featured_media":0,"comment_status":"open","ping_status":"closed","template":"","meta":[],"product_brand":[],"product_cat":[31],"product_tag":[],"class_list":{"0":"post-23587","1":"product","2":"type-product","3":"status-publish","5":"product_cat-uncategorized-da","7":"first","8":"instock","9":"shipping-taxable","10":"product-type-simple"},"_links":{"self":[{"href":"https:\/\/nordicmart.andreevmaster.com\/da\/wp-json\/wp\/v2\/product\/23587","targetHints":{"allow":["GET"]}}],"collection":[{"href":"https:\/\/nordicmart.andreevmaster.com\/da\/wp-json\/wp\/v2\/product"}],"about":[{"href":"https:\/\/nordicmart.andreevmaster.com\/da\/wp-json\/wp\/v2\/types\/product"}],"replies":[{"embeddable":true,"href":"https:\/\/nordicmart.andreevmaster.com\/da\/wp-json\/wp\/v2\/comments?post=23587"}],"wp:attachment":[{"href":"https:\/\/nordicmart.andreevmaster.com\/da\/wp-json\/wp\/v2\/media?parent=23587"}],"wp:term":[{"taxonomy":"product_brand","embeddable":true,"href":"https:\/\/nordicmart.andreevmaster.com\/da\/wp-json\/wp\/v2\/product_brand?post=23587"},{"taxonomy":"product_cat","embeddable":true,"href":"https:\/\/nordicmart.andreevmaster.com\/da\/wp-json\/wp\/v2\/product_cat?post=23587"},{"taxonomy":"product_tag","embeddable":true,"href":"https:\/\/nordicmart.andreevmaster.com\/da\/wp-json\/wp\/v2\/product_tag?post=23587"}],"curies":[{"name":"wp","href":"https:\/\/api.w.org\/{rel}","templated":true}]}}