{"id":23572,"date":"2026-02-27T00:20:09","date_gmt":"2026-02-27T00:20:09","guid":{"rendered":"https:\/\/nordicmart.andreevmaster.com\/product\/sofabord-2-delt-rundt-sofabord-med-opbevaringsplads-til-stuen-80-x-45-cm-let-at-samle-honningbrun\/"},"modified":"2026-02-27T09:02:25","modified_gmt":"2026-02-27T09:02:25","slug":"sofabord-2-delt-rundt-sofabord-med-opbevaringsplads-til-stuen-80-x-45-cm-let-at-samle-honningbrun","status":"publish","type":"product","link":"https:\/\/nordicmart.andreevmaster.com\/da\/vare\/sofabord-2-delt-rundt-sofabord-med-opbevaringsplads-til-stuen-80-x-45-cm-let-at-samle-honningbrun\/","title":{"rendered":"Sofabord, 2-delt rundt sofabord med opbevaringsplads, til stuen, 80 x 45 cm, let at samle, honningbrun"},"content":{"rendered":"<p>\u30102-TIER COFFEE P\u00d6YT\u00c4\u3011Dette 2-lags sofabord, der m\u00e5ler 80 x 45 cm (diameter x h\u00f8jde), giver masser af plads til at holde orden p\u00e5 de n\u00f8dvendige ting i stuen og have dem inden for r\u00e6kkevidde.\u3010KEST\u00c4V\u00c4 JA VAHVA\u3011J\u00e4m\u00e4k\u00e4t lastulevy- ja MDF-levyt tekev\u00e4t t\u00e4st\u00e4 sohvap\u00f6yd\u00e4st\u00e4 tukevan ja vakaan, ja sen kantavuus on jopa 30 kg.\u3010HASSLE-FREE ASSEMBLY\u3011Takket v\u00e6re de m\u00e6rkede dele, de klare instruktioner og den enkle konstruktion kan du nemt samle dette runde sofabord p\u00e5 ca. 20 minutter.\u3010CHIC UDSEENDE\u3011Takket v\u00e6re det runde design og de rene linjer tilf\u00f8jer dette sofabord et stilfuldt og naturligt touch til rummet og passer nemt ind i forskellige boligindretninger.\u3010NEM AT RENSE\u3011Dette sofabord kan nemt reng\u00f8res med en klud, s\u00e5 du nemt kan holde det i perfekt stand. Tekniske oplysninger: Farve: Honningbrun<br \/>\nMateriale: Brun, brun, brun, brun, brun, brun, brun: MDF (medium densitets fiberplade).<br \/>\nProduktst\u00f8rrelse: 31,5&#8243; Dia. x 17,7&#8243; H (80 x 45 cm).Produktets v\u00e6gt: 11,4 kg (25 lb)<br \/>\nMaks. statisk belastning: 30 kg (66 lb)<\/p>\n<p>Indhold i pakken:<\/p>\n<p>1 x Sofabord<br \/>\n1 x Monteringss\u00e6t<br \/>\n1 x Vejledning<\/p>\n","protected":false},"excerpt":{"rendered":"<p>\u30102-TIER COFFEE P\u00d6YT\u00c4\u3011Dette 2-lags sofabord, der m\u00e5ler 80 x 45 cm (diameter x h\u00f8jde), giver masser af plads til at holde orden p\u00e5 de n\u00f8dvendige ting i stuen og have dem inden for r\u00e6kkevidde.\u3010KEST\u00c4V\u00c4 JA VAHVA\u3011J\u00e4m\u00e4k\u00e4t lastulevy- ja MDF-levyt tekev\u00e4t t\u00e4st\u00e4 sohvap\u00f6yd\u00e4st\u00e4 tukevan ja vakaan, ja sen kantavuus on jopa 30 kg.\u3010HASSLE-FREE ASSEMBLY\u3011Takket v\u00e6re de [&hellip;]<\/p>\n","protected":false},"featured_media":0,"comment_status":"open","ping_status":"closed","template":"","meta":[],"product_brand":[],"product_cat":[31],"product_tag":[],"class_list":{"0":"post-23572","1":"product","2":"type-product","3":"status-publish","5":"product_cat-uncategorized-da","7":"first","8":"instock","9":"shipping-taxable","10":"product-type-simple"},"_links":{"self":[{"href":"https:\/\/nordicmart.andreevmaster.com\/da\/wp-json\/wp\/v2\/product\/23572","targetHints":{"allow":["GET"]}}],"collection":[{"href":"https:\/\/nordicmart.andreevmaster.com\/da\/wp-json\/wp\/v2\/product"}],"about":[{"href":"https:\/\/nordicmart.andreevmaster.com\/da\/wp-json\/wp\/v2\/types\/product"}],"replies":[{"embeddable":true,"href":"https:\/\/nordicmart.andreevmaster.com\/da\/wp-json\/wp\/v2\/comments?post=23572"}],"wp:attachment":[{"href":"https:\/\/nordicmart.andreevmaster.com\/da\/wp-json\/wp\/v2\/media?parent=23572"}],"wp:term":[{"taxonomy":"product_brand","embeddable":true,"href":"https:\/\/nordicmart.andreevmaster.com\/da\/wp-json\/wp\/v2\/product_brand?post=23572"},{"taxonomy":"product_cat","embeddable":true,"href":"https:\/\/nordicmart.andreevmaster.com\/da\/wp-json\/wp\/v2\/product_cat?post=23572"},{"taxonomy":"product_tag","embeddable":true,"href":"https:\/\/nordicmart.andreevmaster.com\/da\/wp-json\/wp\/v2\/product_tag?post=23572"}],"curies":[{"name":"wp","href":"https:\/\/api.w.org\/{rel}","templated":true}]}}