{"id":23565,"date":"2026-02-27T00:20:07","date_gmt":"2026-02-27T00:20:07","guid":{"rendered":"https:\/\/nordicmart.andreevmaster.com\/product\/lavt-sofabord-med-opbevaringsplads-firkantet-sofabord-til-stuen-sofabord-med-separate-lag-honningbrun\/"},"modified":"2026-02-27T09:02:23","modified_gmt":"2026-02-27T09:02:23","slug":"lavt-sofabord-med-opbevaringsplads-firkantet-sofabord-til-stuen-sofabord-med-separate-lag-honningbrun","status":"publish","type":"product","link":"https:\/\/nordicmart.andreevmaster.com\/da\/vare\/lavt-sofabord-med-opbevaringsplads-firkantet-sofabord-til-stuen-sofabord-med-separate-lag-honningbrun\/","title":{"rendered":"Lavt sofabord med opbevaringsplads, firkantet sofabord til stuen, sofabord med separate l\u00e5g, honningbrun"},"content":{"rendered":"<p>\u3010TILAVUUS Skjult opbevaringsplads\u3011Dette firkantede sofabord skjuler smart en opbevaringsplads p\u00e5 213 liter, hvor du kan opbevare t\u00e6pper, puder og b\u00f8ger, s\u00e5 din stue forbliver p\u00e6n og ryddelig.\u3010STOR BORDPLADE\u3011Dette sofabord med en bordplade p\u00e5 80 x 80 cm har plads nok til kager, kopper, b\u00f8ger og dekorative genstande, s\u00e5 det er perfekt til dine daglige behov og hyggelige aftener.\u3010SIKRE FLIP-L\u00c5G\u3011To uafh\u00e6ngige l\u00e5g kan holdes \u00e5bne i den \u00f8nskede vinkel mellem 8 og 60\u00b0, hvilket giver adgang til genstande fra begge sider uden risiko for at klemme fingrene. Desuden forhindrer de skr\u00e5 hj\u00f8rner st\u00f8d&#8230;\u3010HOLDBAR OG SLIDST\u00c6RK\u3011Dette sofabord i landlig stil er fremstillet af robust sp\u00e5nplade og MDF-plade og er bygget til at holde, hvilket garanterer stabilitet og holdbarhed til daglig brug i dit hjem.\u3010COUNTRY CHIC\u3011Dette sofabord med opbevaringsplads bringer sin lade-inspirerede \u00e6stetik og metalunderben til dit hjem med et strejf af landlig charme. Farver: Farver: Honningbrun Materialer: Honningbrun: Materialer: Sp\u00e5nplade, MDF M\u00e5l: Honningbrun brun: Materialer: 80 x 80 x 45 cm (B x L x H) V\u00e6gt: 29,7 kg Maksimal statisk belastning: 60 kg Volumen: 213 L.<\/p>\n","protected":false},"excerpt":{"rendered":"<p>\u3010TILAVUUS Skjult opbevaringsplads\u3011Dette firkantede sofabord skjuler smart en opbevaringsplads p\u00e5 213 liter, hvor du kan opbevare t\u00e6pper, puder og b\u00f8ger, s\u00e5 din stue forbliver p\u00e6n og ryddelig.\u3010STOR BORDPLADE\u3011Dette sofabord med en bordplade p\u00e5 80 x 80 cm har plads nok til kager, kopper, b\u00f8ger og dekorative genstande, s\u00e5 det er perfekt til dine daglige behov [&hellip;]<\/p>\n","protected":false},"featured_media":0,"comment_status":"open","ping_status":"closed","template":"","meta":[],"product_brand":[],"product_cat":[31],"product_tag":[],"class_list":{"0":"post-23565","1":"product","2":"type-product","3":"status-publish","5":"product_cat-uncategorized-da","7":"first","8":"instock","9":"shipping-taxable","10":"product-type-simple"},"_links":{"self":[{"href":"https:\/\/nordicmart.andreevmaster.com\/da\/wp-json\/wp\/v2\/product\/23565","targetHints":{"allow":["GET"]}}],"collection":[{"href":"https:\/\/nordicmart.andreevmaster.com\/da\/wp-json\/wp\/v2\/product"}],"about":[{"href":"https:\/\/nordicmart.andreevmaster.com\/da\/wp-json\/wp\/v2\/types\/product"}],"replies":[{"embeddable":true,"href":"https:\/\/nordicmart.andreevmaster.com\/da\/wp-json\/wp\/v2\/comments?post=23565"}],"wp:attachment":[{"href":"https:\/\/nordicmart.andreevmaster.com\/da\/wp-json\/wp\/v2\/media?parent=23565"}],"wp:term":[{"taxonomy":"product_brand","embeddable":true,"href":"https:\/\/nordicmart.andreevmaster.com\/da\/wp-json\/wp\/v2\/product_brand?post=23565"},{"taxonomy":"product_cat","embeddable":true,"href":"https:\/\/nordicmart.andreevmaster.com\/da\/wp-json\/wp\/v2\/product_cat?post=23565"},{"taxonomy":"product_tag","embeddable":true,"href":"https:\/\/nordicmart.andreevmaster.com\/da\/wp-json\/wp\/v2\/product_tag?post=23565"}],"curies":[{"name":"wp","href":"https:\/\/api.w.org\/{rel}","templated":true}]}}