{"id":23561,"date":"2026-02-27T00:20:06","date_gmt":"2026-02-27T00:20:06","guid":{"rendered":"https:\/\/nordicmart.andreevmaster.com\/product\/sohvapoyta-laatikoilla-2\/"},"modified":"2026-02-27T09:02:23","modified_gmt":"2026-02-27T09:02:23","slug":"sohvapoyta-laatikoilla-2","status":"publish","type":"product","link":"https:\/\/nordicmart.andreevmaster.com\/da\/vare\/sohvapoyta-laatikoilla-2\/","title":{"rendered":"Sohvap\u00f6yt\u00e4 laatikoilla"},"content":{"rendered":"<p>Dette sofabord er et ikon i stuen og er udstyret med en rustik, industriel stil. Silhuetten er klar, og p\u00e5 begge sider er der X-formede accenter, der passer til forskellige design\u00e6stetikker, fra traditionel til klassisk og rustik stil!<br \/>\nS\u00e6t en vase med blomster eller en kop kaffe p\u00e5 bordet og en b\u00e6rbar computer, magasiner eller en opbevaringskurv p\u00e5 den midterste hylde, n\u00e5r du slapper af eller ser en gammel film med din k\u00e6reste. Hvad kan v\u00e6re bedre? De to kasser i bunden giver ekstra opbevaringsplads til opladere, b\u00e6rbare computere og andet.<\/p>\n<p>Med en bordplade, hylde og kasser i rustikt brunt tr\u00e6 kombineret med en mat sort metalramme med tv\u00e6rst\u00e6nger tilbyder dette sofabord langvarig holdbarhed og mange \u00e5rs gl\u00e6de.<\/p>\n<p>VASAGLE tilbyder flere kollektioner af m\u00f8bler i industriel stil, der kan supplere dit hjem. Denne serie omfatter sofaborde, tv-borde, sideborde, opbevaringshylder, konsolborde og computerborde. Husk ogs\u00e5 at se de andre matchende m\u00f8bler, som du vil kunne lide.<\/p>\n","protected":false},"excerpt":{"rendered":"<p>Dette sofabord er et ikon i stuen og er udstyret med en rustik, industriel stil. Silhuetten er klar, og p\u00e5 begge sider er der X-formede accenter, der passer til forskellige design\u00e6stetikker, fra traditionel til klassisk og rustik stil! S\u00e6t en vase med blomster eller en kop kaffe p\u00e5 bordet og en b\u00e6rbar computer, magasiner eller [&hellip;]<\/p>\n","protected":false},"featured_media":0,"comment_status":"open","ping_status":"closed","template":"","meta":[],"product_brand":[],"product_cat":[31],"product_tag":[],"class_list":{"0":"post-23561","1":"product","2":"type-product","3":"status-publish","5":"product_cat-uncategorized-da","7":"first","8":"instock","9":"shipping-taxable","10":"product-type-simple"},"_links":{"self":[{"href":"https:\/\/nordicmart.andreevmaster.com\/da\/wp-json\/wp\/v2\/product\/23561","targetHints":{"allow":["GET"]}}],"collection":[{"href":"https:\/\/nordicmart.andreevmaster.com\/da\/wp-json\/wp\/v2\/product"}],"about":[{"href":"https:\/\/nordicmart.andreevmaster.com\/da\/wp-json\/wp\/v2\/types\/product"}],"replies":[{"embeddable":true,"href":"https:\/\/nordicmart.andreevmaster.com\/da\/wp-json\/wp\/v2\/comments?post=23561"}],"wp:attachment":[{"href":"https:\/\/nordicmart.andreevmaster.com\/da\/wp-json\/wp\/v2\/media?parent=23561"}],"wp:term":[{"taxonomy":"product_brand","embeddable":true,"href":"https:\/\/nordicmart.andreevmaster.com\/da\/wp-json\/wp\/v2\/product_brand?post=23561"},{"taxonomy":"product_cat","embeddable":true,"href":"https:\/\/nordicmart.andreevmaster.com\/da\/wp-json\/wp\/v2\/product_cat?post=23561"},{"taxonomy":"product_tag","embeddable":true,"href":"https:\/\/nordicmart.andreevmaster.com\/da\/wp-json\/wp\/v2\/product_tag?post=23561"}],"curies":[{"name":"wp","href":"https:\/\/api.w.org\/{rel}","templated":true}]}}