{"id":23559,"date":"2026-02-27T00:20:05","date_gmt":"2026-02-27T00:20:05","guid":{"rendered":"https:\/\/nordicmart.andreevmaster.com\/product\/sofabord-hojdejusterbart-stuebord-sofabord-aben-og-skjult-opbevaringsplads-x-fjedre-60-x-120-x-48-62-cm-vintage-brown-musta\/"},"modified":"2026-02-27T09:02:22","modified_gmt":"2026-02-27T09:02:22","slug":"sofabord-hojdejusterbart-stuebord-sofabord-aben-og-skjult-opbevaringsplads-x-fjedre-60-x-120-x-48-62-cm-vintage-brown-musta","status":"publish","type":"product","link":"https:\/\/nordicmart.andreevmaster.com\/da\/vare\/sofabord-hojdejusterbart-stuebord-sofabord-aben-og-skjult-opbevaringsplads-x-fjedre-60-x-120-x-48-62-cm-vintage-brown-musta\/","title":{"rendered":"Sofabord, h\u00f8jdejusterbart stuebord, sofabord, \u00e5ben og skjult opbevaringsplads, X-fjedre, 60 x 120 x (48-62) cm, Vintage Brown\/Musta"},"content":{"rendered":"<p>[Lift Top] L\u00f8ft bordpladen p\u00e5 dette sofabord fremad. S\u00e5 kan du arbejde komfortabelt derhjemme, surfe p\u00e5 internettet, nyde en l\u00e6kker m\u00e5ltid eller lave h\u00e5ndarbejde, mens du sidder i sofaen.[\u00c5bne rum og skjult opbevaringsplads] 3 \u00e5bne rum giver nem adgang til dine b\u00f8ger og andre sm\u00e5 genstande. I hylden under bordpladen kan du opbevare skjulte genstande. Stabilt greb: Takket v\u00e6re de h\u00f8jkvalitets metalbeslag og den forst\u00e6rkede tv\u00e6rplade kan bordpladen p\u00e5 dette stuebord h\u00e6ves og s\u00e6nkes let og uden at vakle. Tiltalende udseende: De sorte st\u00e5lben udtrykker en stilfuld industriel stil, den vintagebrune bordplade bringer varme, og X-benene giver bordet et unikt udtryk. Fremh\u00e6v dit rum med dette sofabord!<br \/>\nLet at samle og reng\u00f8re: Med de m\u00e6rkede dele og de klare instruktioner kan du nemt samle dette sofabord. Overfladen er vandafvisende, s\u00e5 du beh\u00f8ver kun at reng\u00f8re den med en fugtig klud, n\u00e5r den bliver snavset. <\/p>\n<p>Produktdetaljer: Farve: Vintage brun-sort Materiale: Sort: M\u00e5l: 60 x 120 x (48-62) cm (B x L x H) V\u00e6gt: 31 kg Maks. statisk totalbelastning: 91 kg Leveringens indhold: 1 x sofabord 1 x tilbeh\u00f8rspakke 1 x brugsanvisning<\/p>\n","protected":false},"excerpt":{"rendered":"<p>[Lift Top] L\u00f8ft bordpladen p\u00e5 dette sofabord fremad. S\u00e5 kan du arbejde komfortabelt derhjemme, surfe p\u00e5 internettet, nyde en l\u00e6kker m\u00e5ltid eller lave h\u00e5ndarbejde, mens du sidder i sofaen.[\u00c5bne rum og skjult opbevaringsplads] 3 \u00e5bne rum giver nem adgang til dine b\u00f8ger og andre sm\u00e5 genstande. I hylden under bordpladen kan du opbevare skjulte genstande. [&hellip;]<\/p>\n","protected":false},"featured_media":0,"comment_status":"open","ping_status":"closed","template":"","meta":[],"product_brand":[],"product_cat":[31],"product_tag":[],"class_list":{"0":"post-23559","1":"product","2":"type-product","3":"status-publish","5":"product_cat-uncategorized-da","7":"first","8":"instock","9":"shipping-taxable","10":"product-type-simple"},"_links":{"self":[{"href":"https:\/\/nordicmart.andreevmaster.com\/da\/wp-json\/wp\/v2\/product\/23559","targetHints":{"allow":["GET"]}}],"collection":[{"href":"https:\/\/nordicmart.andreevmaster.com\/da\/wp-json\/wp\/v2\/product"}],"about":[{"href":"https:\/\/nordicmart.andreevmaster.com\/da\/wp-json\/wp\/v2\/types\/product"}],"replies":[{"embeddable":true,"href":"https:\/\/nordicmart.andreevmaster.com\/da\/wp-json\/wp\/v2\/comments?post=23559"}],"wp:attachment":[{"href":"https:\/\/nordicmart.andreevmaster.com\/da\/wp-json\/wp\/v2\/media?parent=23559"}],"wp:term":[{"taxonomy":"product_brand","embeddable":true,"href":"https:\/\/nordicmart.andreevmaster.com\/da\/wp-json\/wp\/v2\/product_brand?post=23559"},{"taxonomy":"product_cat","embeddable":true,"href":"https:\/\/nordicmart.andreevmaster.com\/da\/wp-json\/wp\/v2\/product_cat?post=23559"},{"taxonomy":"product_tag","embeddable":true,"href":"https:\/\/nordicmart.andreevmaster.com\/da\/wp-json\/wp\/v2\/product_tag?post=23559"}],"curies":[{"name":"wp","href":"https:\/\/api.w.org\/{rel}","templated":true}]}}