{"id":23449,"date":"2026-02-27T00:19:39","date_gmt":"2026-02-27T00:19:39","guid":{"rendered":"https:\/\/nordicmart.andreevmaster.com\/product\/takki-rack-kenkapenkki-set-hall-tree-kanssa-penkki-eteinen-huonekalut-monikayttoinen-dot-takki-koukut-2-tasoinen-kenkateline-teollinen-tyyli-eteiseen-eteinen-rustic-brown-2\/"},"modified":"2026-02-27T09:02:02","modified_gmt":"2026-02-27T09:02:02","slug":"takki-rack-kenkapenkki-set-hall-tree-kanssa-penkki-eteinen-huonekalut-monikayttoinen-dot-takki-koukut-2-tasoinen-kenkateline-teollinen-tyyli-eteiseen-eteinen-rustic-brown-2","status":"publish","type":"product","link":"https:\/\/nordicmart.andreevmaster.com\/da\/vare\/takki-rack-kenkapenkki-set-hall-tree-kanssa-penkki-eteinen-huonekalut-monikayttoinen-dot-takki-koukut-2-tasoinen-kenkateline-teollinen-tyyli-eteiseen-eteinen-rustic-brown-2\/","title":{"rendered":"Takki Rack Kenk\u00e4penkki Set, Hall Tree kanssa penkki, eteinen huonekalut, monik\u00e4ytt\u00f6inen, Dot takki koukut, 2-tasoinen kenk\u00e4teline, teollinen tyyli, eteiseen, eteinen, Rustic Brown"},"content":{"rendered":"","protected":false},"excerpt":{"rendered":"","protected":false},"featured_media":0,"comment_status":"open","ping_status":"closed","template":"","meta":[],"product_brand":[],"product_cat":[31],"product_tag":[],"class_list":{"0":"post-23449","1":"product","2":"type-product","3":"status-publish","5":"product_cat-uncategorized-da","7":"first","8":"instock","9":"shipping-taxable","10":"product-type-simple"},"_links":{"self":[{"href":"https:\/\/nordicmart.andreevmaster.com\/da\/wp-json\/wp\/v2\/product\/23449","targetHints":{"allow":["GET"]}}],"collection":[{"href":"https:\/\/nordicmart.andreevmaster.com\/da\/wp-json\/wp\/v2\/product"}],"about":[{"href":"https:\/\/nordicmart.andreevmaster.com\/da\/wp-json\/wp\/v2\/types\/product"}],"replies":[{"embeddable":true,"href":"https:\/\/nordicmart.andreevmaster.com\/da\/wp-json\/wp\/v2\/comments?post=23449"}],"wp:attachment":[{"href":"https:\/\/nordicmart.andreevmaster.com\/da\/wp-json\/wp\/v2\/media?parent=23449"}],"wp:term":[{"taxonomy":"product_brand","embeddable":true,"href":"https:\/\/nordicmart.andreevmaster.com\/da\/wp-json\/wp\/v2\/product_brand?post=23449"},{"taxonomy":"product_cat","embeddable":true,"href":"https:\/\/nordicmart.andreevmaster.com\/da\/wp-json\/wp\/v2\/product_cat?post=23449"},{"taxonomy":"product_tag","embeddable":true,"href":"https:\/\/nordicmart.andreevmaster.com\/da\/wp-json\/wp\/v2\/product_tag?post=23449"}],"curies":[{"name":"wp","href":"https:\/\/api.w.org\/{rel}","templated":true}]}}