{"id":23436,"date":"2026-02-27T00:19:36","date_gmt":"2026-02-27T00:19:36","guid":{"rendered":"https:\/\/nordicmart.andreevmaster.com\/product\/vaegophaeng-til-toj-lcr006w01\/"},"modified":"2026-02-27T09:01:59","modified_gmt":"2026-02-27T09:01:59","slug":"vaegophaeng-til-toj-lcr006w01","status":"publish","type":"product","link":"https:\/\/nordicmart.andreevmaster.com\/da\/vare\/vaegophaeng-til-toj-lcr006w01\/","title":{"rendered":"V\u00e6goph\u00e6ng til t\u00f8j, LCR006W01"},"content":{"rendered":"<p>PRAKTISK MED TO KROGE V\u00e6goph\u00e6ngt t\u00f8jstativ med 4 dobbelte kroge med glat overflade. Du kan h\u00e6nge dine ting p\u00e6nt og sikkert p\u00e5 dem, hvilket fremmer et behageligt indtryk.P\u00c5LIDELIG KONSTRUKTION Bekl\u00e6dningsstativet er fremstillet af naturligt bambus og holdbart metal, hvilket sikrer holdbarhed. Hver dobbeltkrog kan b\u00e6re op til 4 kg, s\u00e5 der er plads til op til 16 kg i garderoben. Tunge jakker og tilbeh\u00f8r? Intet problem!<\/p>\n<p>Tiltalende hylde: Den \u00f8verste hylde p\u00e5 denne garderobestang er perfekt til opbevaring af fotorammer, parfume eller smykker. Den forh\u00f8jede kant sikrer, at tingene bliver p\u00e5 plads.<\/p>\n<p>ALSIDIG OG STILFULD Denne v\u00e6gbekl\u00e6dning er nem at integrere i entreen, stuen eller sovev\u00e6relset. Den skyhvide farve passer perfekt til forskellige indretningsstilarter og g\u00f8r ethvert rum hyggeligt.<\/p>\n<p>Nem at montere: denne v\u00e6ghylde er nem at montere takket v\u00e6re de tydeligt m\u00e6rkede dele og de klare instruktioner (engelsk, ikke dansk). Du kan s\u00e5ledes pynte dit hjem med en praktisk og stilfuld opbevaringsl\u00f8sning.<\/p>\n","protected":false},"excerpt":{"rendered":"<p>PRAKTISK MED TO KROGE V\u00e6goph\u00e6ngt t\u00f8jstativ med 4 dobbelte kroge med glat overflade. Du kan h\u00e6nge dine ting p\u00e6nt og sikkert p\u00e5 dem, hvilket fremmer et behageligt indtryk.P\u00c5LIDELIG KONSTRUKTION Bekl\u00e6dningsstativet er fremstillet af naturligt bambus og holdbart metal, hvilket sikrer holdbarhed. Hver dobbeltkrog kan b\u00e6re op til 4 kg, s\u00e5 der er plads til op [&hellip;]<\/p>\n","protected":false},"featured_media":0,"comment_status":"open","ping_status":"closed","template":"","meta":[],"product_brand":[],"product_cat":[31],"product_tag":[],"class_list":{"0":"post-23436","1":"product","2":"type-product","3":"status-publish","5":"product_cat-uncategorized-da","7":"first","8":"instock","9":"shipping-taxable","10":"product-type-simple"},"_links":{"self":[{"href":"https:\/\/nordicmart.andreevmaster.com\/da\/wp-json\/wp\/v2\/product\/23436","targetHints":{"allow":["GET"]}}],"collection":[{"href":"https:\/\/nordicmart.andreevmaster.com\/da\/wp-json\/wp\/v2\/product"}],"about":[{"href":"https:\/\/nordicmart.andreevmaster.com\/da\/wp-json\/wp\/v2\/types\/product"}],"replies":[{"embeddable":true,"href":"https:\/\/nordicmart.andreevmaster.com\/da\/wp-json\/wp\/v2\/comments?post=23436"}],"wp:attachment":[{"href":"https:\/\/nordicmart.andreevmaster.com\/da\/wp-json\/wp\/v2\/media?parent=23436"}],"wp:term":[{"taxonomy":"product_brand","embeddable":true,"href":"https:\/\/nordicmart.andreevmaster.com\/da\/wp-json\/wp\/v2\/product_brand?post=23436"},{"taxonomy":"product_cat","embeddable":true,"href":"https:\/\/nordicmart.andreevmaster.com\/da\/wp-json\/wp\/v2\/product_cat?post=23436"},{"taxonomy":"product_tag","embeddable":true,"href":"https:\/\/nordicmart.andreevmaster.com\/da\/wp-json\/wp\/v2\/product_tag?post=23436"}],"curies":[{"name":"wp","href":"https:\/\/api.w.org\/{rel}","templated":true}]}}