{"id":23435,"date":"2026-02-27T00:19:35","date_gmt":"2026-02-27T00:19:35","guid":{"rendered":"https:\/\/nordicmart.andreevmaster.com\/product\/vasagle-vaegmonteret-tojstativ-tojstativ-lcr006n01\/"},"modified":"2026-02-27T09:01:59","modified_gmt":"2026-02-27T09:01:59","slug":"vasagle-vaegmonteret-tojstativ-tojstativ-lcr006n01","status":"publish","type":"product","link":"https:\/\/nordicmart.andreevmaster.com\/da\/vare\/vasagle-vaegmonteret-tojstativ-tojstativ-lcr006n01\/","title":{"rendered":"VASAGLE V\u00e6gmonteret t\u00f8jstativ, t\u00f8jstativ, LCR006N01"},"content":{"rendered":"<p>PRAKTISK MED TO KROGE Den v\u00e6gmonterede frakkestativ har 4 dobbelte kroge med glat overflade. Du kan h\u00e6nge dine ting p\u00e6nt og sikkert p\u00e5 dem, hvilket fremmer et behageligt indtryk.P\u00c5LIDELIG KONSTRUKTION Bekl\u00e6dningsstativet er fremstillet af naturligt bambus og holdbart metal og garanterer holdbar styrke. Hver dobbeltkrog kan b\u00e6re op til 4 kg, s\u00e5 der er plads til op til 16 kg i garderoben. Tunge frakker og tilbeh\u00f8r? Intet problem!<\/p>\n<p>Tiltalende hylde: Den \u00f8verste hylde p\u00e5 denne garderobestang er perfekt til opbevaring af fotorammer, parfume eller smykker. Den forh\u00f8jede kant sikrer, at tingene bliver p\u00e5 plads.<\/p>\n<p>ALSIDIG OG STILFULD Denne v\u00e6gbekl\u00e6dning kan nemt integreres i entreen, stuen eller sovev\u00e6relset. Den naturlige beige farve passer perfekt til forskellige indretningsstilarter og g\u00f8r ethvert rum hyggeligt.<\/p>\n<p>Let at montere: denne v\u00e6ghylde er let at montere takket v\u00e6re de tydeligt m\u00e6rkede dele og de klare instruktioner (engelsk, ikke dansk). Du kan s\u00e5ledes opdatere dit hjem med en praktisk og stilfuld opbevaringsl\u00f8sning.<\/p>\n","protected":false},"excerpt":{"rendered":"<p>PRAKTISK MED TO KROGE Den v\u00e6gmonterede frakkestativ har 4 dobbelte kroge med glat overflade. Du kan h\u00e6nge dine ting p\u00e6nt og sikkert p\u00e5 dem, hvilket fremmer et behageligt indtryk.P\u00c5LIDELIG KONSTRUKTION Bekl\u00e6dningsstativet er fremstillet af naturligt bambus og holdbart metal og garanterer holdbar styrke. Hver dobbeltkrog kan b\u00e6re op til 4 kg, s\u00e5 der er plads [&hellip;]<\/p>\n","protected":false},"featured_media":0,"comment_status":"open","ping_status":"closed","template":"","meta":[],"product_brand":[],"product_cat":[31],"product_tag":[],"class_list":{"0":"post-23435","1":"product","2":"type-product","3":"status-publish","5":"product_cat-uncategorized-da","7":"first","8":"instock","9":"shipping-taxable","10":"product-type-simple"},"_links":{"self":[{"href":"https:\/\/nordicmart.andreevmaster.com\/da\/wp-json\/wp\/v2\/product\/23435","targetHints":{"allow":["GET"]}}],"collection":[{"href":"https:\/\/nordicmart.andreevmaster.com\/da\/wp-json\/wp\/v2\/product"}],"about":[{"href":"https:\/\/nordicmart.andreevmaster.com\/da\/wp-json\/wp\/v2\/types\/product"}],"replies":[{"embeddable":true,"href":"https:\/\/nordicmart.andreevmaster.com\/da\/wp-json\/wp\/v2\/comments?post=23435"}],"wp:attachment":[{"href":"https:\/\/nordicmart.andreevmaster.com\/da\/wp-json\/wp\/v2\/media?parent=23435"}],"wp:term":[{"taxonomy":"product_brand","embeddable":true,"href":"https:\/\/nordicmart.andreevmaster.com\/da\/wp-json\/wp\/v2\/product_brand?post=23435"},{"taxonomy":"product_cat","embeddable":true,"href":"https:\/\/nordicmart.andreevmaster.com\/da\/wp-json\/wp\/v2\/product_cat?post=23435"},{"taxonomy":"product_tag","embeddable":true,"href":"https:\/\/nordicmart.andreevmaster.com\/da\/wp-json\/wp\/v2\/product_tag?post=23435"}],"curies":[{"name":"wp","href":"https:\/\/api.w.org\/{rel}","templated":true}]}}