{"id":23416,"date":"2026-02-27T00:19:31","date_gmt":"2026-02-27T00:19:31","guid":{"rendered":"https:\/\/nordicmart.andreevmaster.com\/product\/rullecontainer-bog-farvet-2\/"},"modified":"2026-02-27T09:01:56","modified_gmt":"2026-02-27T09:01:56","slug":"rullecontainer-bog-farvet-2","status":"publish","type":"product","link":"https:\/\/nordicmart.andreevmaster.com\/da\/vare\/rullecontainer-bog-farvet-2\/","title":{"rendered":"Rullecontainer b\u00f8g farvet"},"content":{"rendered":"<p>Orden er det halve arbejde, og det g\u00e6lder ogs\u00e5 p\u00e5 din arbejdsplads. Med denne mobile piedestal (egnet til A4- eller brevmapper med m\u00e6rkat) kan du f\u00e5 bunkerne af mapper til at forsvinde, og det s\u00e6dvanlige skrivebordskaos er hurtigt elimineret.En praktisk hj\u00e6lper i arbejdsv\u00e6relsetHvis du arbejder hjemmefra, kan du placere den mobile piedestal ved siden af dit skrivebord for at opbevare dine dokumenter der. Din printer har ogs\u00e5 sin egen plads p\u00e5 hylden. Et m\u00f8bel til alle lejligheder Ved sengens hovedende fungerer den mobile piedestal som et natbord, hvor du f.eks. kan placere en natlampe; ved siden af sofaen forvandles den til et sidebord, hvor sk\u00e5le med snacks, magasiner osv. venter p\u00e5 dig inden for r\u00e6kkevidde.Stille hjul for din bekvemmelighedTakket v\u00e6re de 5 hjul kan piedestalen let flyttes. Eller brug de to l\u00e5sbare hjul til at fastg\u00f8re skabet p\u00e5 \u00e9t sted. Hjulet p\u00e5 den nederste skuffe giver ogs\u00e5 et godt greb og sikrer en h\u00f8j belastningskapacitet.Produktdetaljer:- Farve: B\u00f8gfarvet- Materiale: E1 klasse MDF (medium density fibreboard), PVC- St\u00f8rrelse: 43 x 45 x 72 cm (L x B x H)- V\u00e6gt: 20,5 kg- Maks. statisk belastningskapacitet: 50 kgLeveringsomfang:- 1 x mobil sokkel- 1 x tilbeh\u00f8rstaske- 1 x taske med ekstra tilbeh\u00f8r- 1 x monteringsv\u00e6rkt\u00f8j- 1 x manual (DE, EN, FR, IT, ES)VASAGLE instruktioner:- Hold venligst produktet v\u00e6k fra skarpe genstande og varmekilder. Produktet b\u00f8r ikke komme i kontakt med vand i l\u00e6ngere tid &#8211; Monter de medf\u00f8lgende hjul f\u00f8r brug; produktet b\u00f8r ikke bruges uden hjul.<\/p>\n","protected":false},"excerpt":{"rendered":"<p>Orden er det halve arbejde, og det g\u00e6lder ogs\u00e5 p\u00e5 din arbejdsplads. Med denne mobile piedestal (egnet til A4- eller brevmapper med m\u00e6rkat) kan du f\u00e5 bunkerne af mapper til at forsvinde, og det s\u00e6dvanlige skrivebordskaos er hurtigt elimineret.En praktisk hj\u00e6lper i arbejdsv\u00e6relsetHvis du arbejder hjemmefra, kan du placere den mobile piedestal ved siden af [&hellip;]<\/p>\n","protected":false},"featured_media":0,"comment_status":"open","ping_status":"closed","template":"","meta":[],"product_brand":[],"product_cat":[31],"product_tag":[],"class_list":{"0":"post-23416","1":"product","2":"type-product","3":"status-publish","5":"product_cat-uncategorized-da","7":"first","8":"instock","9":"shipping-taxable","10":"product-type-simple"},"_links":{"self":[{"href":"https:\/\/nordicmart.andreevmaster.com\/da\/wp-json\/wp\/v2\/product\/23416","targetHints":{"allow":["GET"]}}],"collection":[{"href":"https:\/\/nordicmart.andreevmaster.com\/da\/wp-json\/wp\/v2\/product"}],"about":[{"href":"https:\/\/nordicmart.andreevmaster.com\/da\/wp-json\/wp\/v2\/types\/product"}],"replies":[{"embeddable":true,"href":"https:\/\/nordicmart.andreevmaster.com\/da\/wp-json\/wp\/v2\/comments?post=23416"}],"wp:attachment":[{"href":"https:\/\/nordicmart.andreevmaster.com\/da\/wp-json\/wp\/v2\/media?parent=23416"}],"wp:term":[{"taxonomy":"product_brand","embeddable":true,"href":"https:\/\/nordicmart.andreevmaster.com\/da\/wp-json\/wp\/v2\/product_brand?post=23416"},{"taxonomy":"product_cat","embeddable":true,"href":"https:\/\/nordicmart.andreevmaster.com\/da\/wp-json\/wp\/v2\/product_cat?post=23416"},{"taxonomy":"product_tag","embeddable":true,"href":"https:\/\/nordicmart.andreevmaster.com\/da\/wp-json\/wp\/v2\/product_tag?post=23416"}],"curies":[{"name":"wp","href":"https:\/\/api.w.org\/{rel}","templated":true}]}}