{"id":23412,"date":"2026-02-27T00:19:30","date_gmt":"2026-02-27T00:19:30","guid":{"rendered":"https:\/\/nordicmart.andreevmaster.com\/product\/mobil-piedestal-2-lase-hvid-2\/"},"modified":"2026-02-27T09:01:56","modified_gmt":"2026-02-27T09:01:56","slug":"mobil-piedestal-2-lase-hvid-2","status":"publish","type":"product","link":"https:\/\/nordicmart.andreevmaster.com\/da\/vare\/mobil-piedestal-2-lase-hvid-2\/","title":{"rendered":"Mobil piedestal 2 l\u00e5se Hvid"},"content":{"rendered":"<p>En praktisk hj\u00e6lper p\u00e5 arbejdspladsenMangler du opbevaringsplads p\u00e5 kontoret? S\u00e5 b\u00f8r du pr\u00f8ve denne afl\u00e5selige mobile piedestal fra VASAGLE! Alt, hvad du har brug for, n\u00e5r du arbejder, kan opbevares i dette skab. Din printer har ogs\u00e5 sin egen plads p\u00e5 hylden. Et m\u00f8bel til alle lejligheder Ved sengens hovedende fungerer den mobile piedestal som et natbord, hvor du f.eks. kan placere en natlampe; ved siden af sofaen forvandles den til et sidebord, hvor sk\u00e5le med snacks, kopper osv. er lige ved h\u00e5nden.Praktiske hjulDette arkivskab er udstyret med 5 hjul, s\u00e5 du nemt kan flytte det rundt. Eller fastg\u00f8r skabet p\u00e5 \u00e9t sted med de 2 l\u00e5sbare hjul. Hjulet p\u00e5 den nederste skuffe giver ogs\u00e5 et godt greb og sikrer en h\u00f8j belastningskapacitet.Produktdetaljer:- Farve: Hvid- Materiale: E1 klasse MDF (medium density fibreboard), PVC- St\u00f8rrelse: 44 x 40 x 54,5 cm (L x B x H)- V\u00e6gt: 17 kg- Maks. statisk belastningskapacitet: 50 kg Leveringsomfang: -1 x mobil sokkel -1 x beholder med tilbeh\u00f8r -1 x vejledning (DE, EN, FR, ES, IT) VASAGLE Bem\u00e6rkninger: &#8211; Vi anbefaler ikke, at b\u00f8rn under 3 \u00e5r bruger produktet; hvis de g\u00f8r det, m\u00e5 det kun ske under opsyn af en voksen. Lad ikke b\u00f8rn klatre p\u00e5 eller lege med produktet for at undg\u00e5 skader som f\u00f8lge af, at det v\u00e6lter.<\/p>\n","protected":false},"excerpt":{"rendered":"<p>En praktisk hj\u00e6lper p\u00e5 arbejdspladsenMangler du opbevaringsplads p\u00e5 kontoret? S\u00e5 b\u00f8r du pr\u00f8ve denne afl\u00e5selige mobile piedestal fra VASAGLE! Alt, hvad du har brug for, n\u00e5r du arbejder, kan opbevares i dette skab. Din printer har ogs\u00e5 sin egen plads p\u00e5 hylden. Et m\u00f8bel til alle lejligheder Ved sengens hovedende fungerer den mobile piedestal som [&hellip;]<\/p>\n","protected":false},"featured_media":0,"comment_status":"open","ping_status":"closed","template":"","meta":[],"product_brand":[],"product_cat":[31],"product_tag":[],"class_list":{"0":"post-23412","1":"product","2":"type-product","3":"status-publish","5":"product_cat-uncategorized-da","7":"first","8":"instock","9":"shipping-taxable","10":"product-type-simple"},"_links":{"self":[{"href":"https:\/\/nordicmart.andreevmaster.com\/da\/wp-json\/wp\/v2\/product\/23412","targetHints":{"allow":["GET"]}}],"collection":[{"href":"https:\/\/nordicmart.andreevmaster.com\/da\/wp-json\/wp\/v2\/product"}],"about":[{"href":"https:\/\/nordicmart.andreevmaster.com\/da\/wp-json\/wp\/v2\/types\/product"}],"replies":[{"embeddable":true,"href":"https:\/\/nordicmart.andreevmaster.com\/da\/wp-json\/wp\/v2\/comments?post=23412"}],"wp:attachment":[{"href":"https:\/\/nordicmart.andreevmaster.com\/da\/wp-json\/wp\/v2\/media?parent=23412"}],"wp:term":[{"taxonomy":"product_brand","embeddable":true,"href":"https:\/\/nordicmart.andreevmaster.com\/da\/wp-json\/wp\/v2\/product_brand?post=23412"},{"taxonomy":"product_cat","embeddable":true,"href":"https:\/\/nordicmart.andreevmaster.com\/da\/wp-json\/wp\/v2\/product_cat?post=23412"},{"taxonomy":"product_tag","embeddable":true,"href":"https:\/\/nordicmart.andreevmaster.com\/da\/wp-json\/wp\/v2\/product_tag?post=23412"}],"curies":[{"name":"wp","href":"https:\/\/api.w.org\/{rel}","templated":true}]}}