{"id":23349,"date":"2026-02-27T00:19:15","date_gmt":"2026-02-27T00:19:15","guid":{"rendered":"https:\/\/nordicmart.andreevmaster.com\/product\/vasketojskurv-med-lag-bambusvasketojskurv-2-sorteringsrum-aftagelig-pose-bomuldshandtag-volumen-100-l-til-vaskerum-sovevaerelse-sort\/"},"modified":"2026-02-27T09:01:44","modified_gmt":"2026-02-27T09:01:44","slug":"vasketojskurv-med-lag-bambusvasketojskurv-2-sorteringsrum-aftagelig-pose-bomuldshandtag-volumen-100-l-til-vaskerum-sovevaerelse-sort","status":"publish","type":"product","link":"https:\/\/nordicmart.andreevmaster.com\/da\/vare\/vasketojskurv-med-lag-bambusvasketojskurv-2-sorteringsrum-aftagelig-pose-bomuldshandtag-volumen-100-l-til-vaskerum-sovevaerelse-sort\/","title":{"rendered":"Vasket\u00f8jskurv med l\u00e5g, bambusvasket\u00f8jskurv, 2 sorteringsrum, aftagelig pose, bomuldsh\u00e5ndtag, volumen 100 l, til vaskerum, sovev\u00e6relse, sort"},"content":{"rendered":"<p>[Fastg\u00f8relse af l\u00e5g] Takket v\u00e6re fastg\u00f8relsesklipsene er det nemt: Det tager kun to sekunder at fastg\u00f8re l\u00e5get til kurven. Det er ogs\u00e5 nemt at fjerne, hvis du vil tage den indvendige pose ud og vaske t\u00f8jet.[Stabiliteten er fuldst\u00e6ndig forbedret] Med en solid bundplade er den stabile bund ikke klar til at falde ned! Den maksimale belastning er 25 kg, s\u00e5 jeans, uldtr\u00f8jer, vinterjakker og lagener kan v\u00e6re i denne vasket\u00f8jskurv.<\/p>\n<p>[Opdelt i to] Den indvendige \u00e5ndbare bomuldspose er opdelt i to rum: det ene til m\u00f8rke farver og det andet til lyse farver. Du beh\u00f8ver aldrig mere at \u00f8del\u00e6gge din yndlings-T-shirt p\u00e5 grund af usorterede jeans i vaskemaskinen. <\/p>\n<p>[Hvorfor bambus?] Ud over at bambus giver stabilitet og holdbarhed, bringer det en naturlig atmosf\u00e6re ind i dit hjem.<\/p>\n<p>[Hvad f\u00e5r du] SONGMICS-vasket\u00f8jskurv fremstillet af bambus med 2 rum, der hj\u00e6lper dig med at sortere t\u00f8jet efter farve.<\/p>\n<p>Produktets m\u00e5l 51,5 x 31,5 x 60,5 cm; 2,7 kg.<br \/>\nProduktets v\u00e6gt 2,7 kg<\/p>\n","protected":false},"excerpt":{"rendered":"<p>[Fastg\u00f8relse af l\u00e5g] Takket v\u00e6re fastg\u00f8relsesklipsene er det nemt: Det tager kun to sekunder at fastg\u00f8re l\u00e5get til kurven. Det er ogs\u00e5 nemt at fjerne, hvis du vil tage den indvendige pose ud og vaske t\u00f8jet.[Stabiliteten er fuldst\u00e6ndig forbedret] Med en solid bundplade er den stabile bund ikke klar til at falde ned! Den maksimale [&hellip;]<\/p>\n","protected":false},"featured_media":0,"comment_status":"open","ping_status":"closed","template":"","meta":[],"product_brand":[],"product_cat":[31],"product_tag":[],"class_list":{"0":"post-23349","1":"product","2":"type-product","3":"status-publish","5":"product_cat-uncategorized-da","7":"first","8":"instock","9":"shipping-taxable","10":"product-type-simple"},"_links":{"self":[{"href":"https:\/\/nordicmart.andreevmaster.com\/da\/wp-json\/wp\/v2\/product\/23349","targetHints":{"allow":["GET"]}}],"collection":[{"href":"https:\/\/nordicmart.andreevmaster.com\/da\/wp-json\/wp\/v2\/product"}],"about":[{"href":"https:\/\/nordicmart.andreevmaster.com\/da\/wp-json\/wp\/v2\/types\/product"}],"replies":[{"embeddable":true,"href":"https:\/\/nordicmart.andreevmaster.com\/da\/wp-json\/wp\/v2\/comments?post=23349"}],"wp:attachment":[{"href":"https:\/\/nordicmart.andreevmaster.com\/da\/wp-json\/wp\/v2\/media?parent=23349"}],"wp:term":[{"taxonomy":"product_brand","embeddable":true,"href":"https:\/\/nordicmart.andreevmaster.com\/da\/wp-json\/wp\/v2\/product_brand?post=23349"},{"taxonomy":"product_cat","embeddable":true,"href":"https:\/\/nordicmart.andreevmaster.com\/da\/wp-json\/wp\/v2\/product_cat?post=23349"},{"taxonomy":"product_tag","embeddable":true,"href":"https:\/\/nordicmart.andreevmaster.com\/da\/wp-json\/wp\/v2\/product_tag?post=23349"}],"curies":[{"name":"wp","href":"https:\/\/api.w.org\/{rel}","templated":true}]}}