{"id":23266,"date":"2026-02-27T00:18:55","date_gmt":"2026-02-27T00:18:55","guid":{"rendered":"https:\/\/nordicmart.andreevmaster.com\/product\/songmics-vasketojskurv-50-liter-med-aftagelig-og-vaskbar-vasketojspose\/"},"modified":"2026-02-27T09:01:28","modified_gmt":"2026-02-27T09:01:28","slug":"songmics-vasketojskurv-50-liter-med-aftagelig-og-vaskbar-vasketojspose","status":"publish","type":"product","link":"https:\/\/nordicmart.andreevmaster.com\/da\/vare\/songmics-vasketojskurv-50-liter-med-aftagelig-og-vaskbar-vasketojspose\/","title":{"rendered":"SONGMICS vasket\u00f8jskurv 50 liter med aftagelig og vaskbar vasket\u00f8jspose"},"content":{"rendered":"<p>SONGMICS vasket\u00f8jskurv 50L, sammenfoldelig vasket\u00f8jsopsamler, aftagelig og vaskbar vasket\u00f8jspose, metaltr\u00e5dsramme, til sovev\u00e6relse, badev\u00e6relse, vaskerum<\/p>\n","protected":false},"excerpt":{"rendered":"<p>SONGMICS vasket\u00f8jskurv 50L, sammenfoldelig vasket\u00f8jsopsamler, aftagelig og vaskbar vasket\u00f8jspose, metaltr\u00e5dsramme, til sovev\u00e6relse, badev\u00e6relse, vaskerum<\/p>\n","protected":false},"featured_media":41799,"comment_status":"open","ping_status":"closed","template":"","meta":[],"product_brand":[],"product_cat":[31],"product_tag":[],"class_list":{"0":"post-23266","1":"product","2":"type-product","3":"status-publish","4":"has-post-thumbnail","6":"product_cat-uncategorized-da","8":"first","9":"instock","10":"shipping-taxable","11":"purchasable","12":"product-type-simple"},"_links":{"self":[{"href":"https:\/\/nordicmart.andreevmaster.com\/da\/wp-json\/wp\/v2\/product\/23266","targetHints":{"allow":["GET"]}}],"collection":[{"href":"https:\/\/nordicmart.andreevmaster.com\/da\/wp-json\/wp\/v2\/product"}],"about":[{"href":"https:\/\/nordicmart.andreevmaster.com\/da\/wp-json\/wp\/v2\/types\/product"}],"replies":[{"embeddable":true,"href":"https:\/\/nordicmart.andreevmaster.com\/da\/wp-json\/wp\/v2\/comments?post=23266"}],"wp:featuredmedia":[{"embeddable":true,"href":"https:\/\/nordicmart.andreevmaster.com\/da\/wp-json\/wp\/v2\/media\/41799"}],"wp:attachment":[{"href":"https:\/\/nordicmart.andreevmaster.com\/da\/wp-json\/wp\/v2\/media?parent=23266"}],"wp:term":[{"taxonomy":"product_brand","embeddable":true,"href":"https:\/\/nordicmart.andreevmaster.com\/da\/wp-json\/wp\/v2\/product_brand?post=23266"},{"taxonomy":"product_cat","embeddable":true,"href":"https:\/\/nordicmart.andreevmaster.com\/da\/wp-json\/wp\/v2\/product_cat?post=23266"},{"taxonomy":"product_tag","embeddable":true,"href":"https:\/\/nordicmart.andreevmaster.com\/da\/wp-json\/wp\/v2\/product_tag?post=23266"}],"curies":[{"name":"wp","href":"https:\/\/api.w.org\/{rel}","templated":true}]}}