{"id":23122,"date":"2026-02-27T00:18:22","date_gmt":"2026-02-27T00:18:22","guid":{"rendered":"https:\/\/nordicmart.andreevmaster.com\/product\/tynd-skoholder-smal-opbevaringslosning-til-sko-6-trins-skoholder-til-sma-rum-entre-garderobe-sort\/"},"modified":"2026-02-27T09:01:03","modified_gmt":"2026-02-27T09:01:03","slug":"tynd-skoholder-smal-opbevaringslosning-til-sko-6-trins-skoholder-til-sma-rum-entre-garderobe-sort","status":"publish","type":"product","link":"https:\/\/nordicmart.andreevmaster.com\/da\/vare\/tynd-skoholder-smal-opbevaringslosning-til-sko-6-trins-skoholder-til-sma-rum-entre-garderobe-sort\/","title":{"rendered":"Tynd skoholder, smal opbevaringsl\u00f8sning til sko, 6-trins skoholder, til sm\u00e5 rum, entre, garderobe, sort"},"content":{"rendered":"<p>[Passer til sm\u00e5 rum] Med m\u00e5lene 30 x 26,4 x 110,4 cm udnytter denne smalle skoholder gulvpladsen effektivt, s\u00e5 den er ideel til sm\u00e5 entreer, lejligheder eller andre trange rum.[Praktisk opbevaring med kroge] H\u00e6ng n\u00f8gler og tegneb\u00f8ger p\u00e5 kroge p\u00e5 det smalle skoholder, s\u00e5 du hurtigt kan f\u00e5 fat i dem om morgenen. Endnu bedre, kroge kan monteres efter behov p\u00e5 venstre eller h\u00f8jre side. <\/p>\n<p>[Plads til h\u00f8jere sko] Loafers, sneakers, vandresko, st\u00f8vler&#8230; de passer alle godt p\u00e5 hylderne, der har en afstand p\u00e5 17 cm, uanset om de er lange eller korte.[Giver st\u00e6rk st\u00f8tte] Denne h\u00f8je skoholder af sp\u00e5nplade er meget stabil (maks. 10 kg belastning p\u00e5 hver hylde), s\u00e5 du nemt kan placere tunge klatresko ovenp\u00e5.[Hvad f\u00e5r du] 6-lags tynd skoholder, hvis bagplader \u00f8ger stabiliteten og beskytter v\u00e6ggen mod ridser, samt en vippesikring, der hj\u00e6lper dig med at fastg\u00f8re skoholderen sikkert til v\u00e6ggen. Tekniske oplysninger: Farve: Sort<br \/>\nMateriale: Sp\u00e5nplade<br \/>\nProduktst\u00f8rrelse: 11,8&#8243; D x 10,4&#8243; B x 43,5&#8243; H (30 x 26 x 110 cm) Sort<br \/>\nMateriale: Materiale: Sp\u00e5nplade<br \/>\nProduktst\u00f8rrelse: 11,8&#8243; D x 10,4&#8243; B x 43,5&#8243; H (30 x 26,4 x 110,4 cm).<br \/>\nProduktv\u00e6gt: 7,7 kg (17 lb)<br \/>\nMaks. Statisk belastning pr. hylde: 22 lb (10 kg)<br \/>\nMaks. Statisk belastning pr. krog: 11 lb (5 kg)<\/p>\n<p>Indhold i pakken:<\/p>\n<p>1 x Skoholder<br \/>\n1 x Tilbeh\u00f8rstaske<br \/>\n1 x Anti-Tip Kit<br \/>\n1 x Brugsanvisning<\/p>\n","protected":false},"excerpt":{"rendered":"<p>[Passer til sm\u00e5 rum] Med m\u00e5lene 30 x 26,4 x 110,4 cm udnytter denne smalle skoholder gulvpladsen effektivt, s\u00e5 den er ideel til sm\u00e5 entreer, lejligheder eller andre trange rum.[Praktisk opbevaring med kroge] H\u00e6ng n\u00f8gler og tegneb\u00f8ger p\u00e5 kroge p\u00e5 det smalle skoholder, s\u00e5 du hurtigt kan f\u00e5 fat i dem om morgenen. Endnu bedre, [&hellip;]<\/p>\n","protected":false},"featured_media":0,"comment_status":"open","ping_status":"closed","template":"","meta":[],"product_brand":[],"product_cat":[31],"product_tag":[],"class_list":{"0":"post-23122","1":"product","2":"type-product","3":"status-publish","5":"product_cat-uncategorized-da","7":"first","8":"instock","9":"shipping-taxable","10":"product-type-simple"},"_links":{"self":[{"href":"https:\/\/nordicmart.andreevmaster.com\/da\/wp-json\/wp\/v2\/product\/23122","targetHints":{"allow":["GET"]}}],"collection":[{"href":"https:\/\/nordicmart.andreevmaster.com\/da\/wp-json\/wp\/v2\/product"}],"about":[{"href":"https:\/\/nordicmart.andreevmaster.com\/da\/wp-json\/wp\/v2\/types\/product"}],"replies":[{"embeddable":true,"href":"https:\/\/nordicmart.andreevmaster.com\/da\/wp-json\/wp\/v2\/comments?post=23122"}],"wp:attachment":[{"href":"https:\/\/nordicmart.andreevmaster.com\/da\/wp-json\/wp\/v2\/media?parent=23122"}],"wp:term":[{"taxonomy":"product_brand","embeddable":true,"href":"https:\/\/nordicmart.andreevmaster.com\/da\/wp-json\/wp\/v2\/product_brand?post=23122"},{"taxonomy":"product_cat","embeddable":true,"href":"https:\/\/nordicmart.andreevmaster.com\/da\/wp-json\/wp\/v2\/product_cat?post=23122"},{"taxonomy":"product_tag","embeddable":true,"href":"https:\/\/nordicmart.andreevmaster.com\/da\/wp-json\/wp\/v2\/product_tag?post=23122"}],"curies":[{"name":"wp","href":"https:\/\/api.w.org\/{rel}","templated":true}]}}