{"id":23103,"date":"2026-02-27T00:18:17","date_gmt":"2026-02-27T00:18:17","guid":{"rendered":"https:\/\/nordicmart.andreevmaster.com\/product\/sko-reol-i-bambus-rustfrit-stal\/"},"modified":"2026-02-27T09:01:00","modified_gmt":"2026-02-27T09:01:00","slug":"sko-reol-i-bambus-rustfrit-stal","status":"publish","type":"product","link":"https:\/\/nordicmart.andreevmaster.com\/da\/vare\/sko-reol-i-bambus-rustfrit-stal\/","title":{"rendered":"Sko-reol i bambus\/rustfrit st\u00e5l"},"content":{"rendered":"<p>Songmics&#8217; sko-reol kombinerer et moderne look med praktiske egenskaber. Takket v\u00e6re de sm\u00e5 dimensioner er den nem at flytte. Hylden kan bruges p\u00e5 mange forskellige m\u00e5der: I gangen kan den bruges som skoreol til opbevaring af sko; i stuen er det en perfekt hylde til opbevaring af t\u00f8j; p\u00e5 kontoret kan du placere mapper p\u00e5 den. Her er nogle flere ideer. Rene, polerede kanter beskytter dig og din familie mod skader. Songmics-produkterne g\u00f8r altid dit liv lettere og mere behageligt.Produktdetaljer: &#8211; Farve: naturfarve (sidepanel), rustfrit st\u00e5l (r\u00f8r i rustfrit st\u00e5l) &#8211; Materiale: bambus, r\u00f8r i rustfrit st\u00e5l &#8211; Belastningskapacitet p\u00e5 hvert niveau: 6 kg &#8211; Samlet belastningskapacitet: 18 kg &#8211; M\u00e5l: 80 x 50 x 30 cm (B x H x D) &#8211; V\u00e6gt: 2,8 kg Leveringsomfang: &#8211; 1 x skostativ &#8211; 1 x hardwarepose &#8211; 1 x brugsanvisning (DE, EN, FR, ES, IT) Bem\u00e6rkninger: &#8211; T\u00f8r produktet af regelm\u00e6ssigt med en t\u00f8r klud. &#8211; Opbevar produktet i et t\u00f8rt milj\u00f8, og beskyt det mod direkte sollys eller regnvand.<\/p>\n","protected":false},"excerpt":{"rendered":"<p>Songmics&#8217; sko-reol kombinerer et moderne look med praktiske egenskaber. Takket v\u00e6re de sm\u00e5 dimensioner er den nem at flytte. Hylden kan bruges p\u00e5 mange forskellige m\u00e5der: I gangen kan den bruges som skoreol til opbevaring af sko; i stuen er det en perfekt hylde til opbevaring af t\u00f8j; p\u00e5 kontoret kan du placere mapper p\u00e5 [&hellip;]<\/p>\n","protected":false},"featured_media":0,"comment_status":"open","ping_status":"closed","template":"","meta":[],"product_brand":[],"product_cat":[31],"product_tag":[],"class_list":{"0":"post-23103","1":"product","2":"type-product","3":"status-publish","5":"product_cat-uncategorized-da","7":"first","8":"instock","9":"shipping-taxable","10":"purchasable","11":"product-type-simple"},"_links":{"self":[{"href":"https:\/\/nordicmart.andreevmaster.com\/da\/wp-json\/wp\/v2\/product\/23103","targetHints":{"allow":["GET"]}}],"collection":[{"href":"https:\/\/nordicmart.andreevmaster.com\/da\/wp-json\/wp\/v2\/product"}],"about":[{"href":"https:\/\/nordicmart.andreevmaster.com\/da\/wp-json\/wp\/v2\/types\/product"}],"replies":[{"embeddable":true,"href":"https:\/\/nordicmart.andreevmaster.com\/da\/wp-json\/wp\/v2\/comments?post=23103"}],"wp:attachment":[{"href":"https:\/\/nordicmart.andreevmaster.com\/da\/wp-json\/wp\/v2\/media?parent=23103"}],"wp:term":[{"taxonomy":"product_brand","embeddable":true,"href":"https:\/\/nordicmart.andreevmaster.com\/da\/wp-json\/wp\/v2\/product_brand?post=23103"},{"taxonomy":"product_cat","embeddable":true,"href":"https:\/\/nordicmart.andreevmaster.com\/da\/wp-json\/wp\/v2\/product_cat?post=23103"},{"taxonomy":"product_tag","embeddable":true,"href":"https:\/\/nordicmart.andreevmaster.com\/da\/wp-json\/wp\/v2\/product_tag?post=23103"}],"curies":[{"name":"wp","href":"https:\/\/api.w.org\/{rel}","templated":true}]}}