{"id":23059,"date":"2026-02-27T00:18:08","date_gmt":"2026-02-27T00:18:08","guid":{"rendered":"https:\/\/nordicmart.andreevmaster.com\/product\/bogreol-med-9-hylder-staende-reol-i-traeform-hjornehylde-med-pladsbesparende-design\/"},"modified":"2026-02-27T09:00:51","modified_gmt":"2026-02-27T09:00:51","slug":"bogreol-med-9-hylder-staende-reol-i-traeform-hjornehylde-med-pladsbesparende-design","status":"publish","type":"product","link":"https:\/\/nordicmart.andreevmaster.com\/da\/vare\/bogreol-med-9-hylder-staende-reol-i-traeform-hjornehylde-med-pladsbesparende-design\/","title":{"rendered":"Bogreol med 9 hylder, st\u00e5ende reol i tr\u00e6form, hj\u00f8rnehylde med pladsbesparende design"},"content":{"rendered":"<p>Unikt design til moderne indretningBogreolen har 8 hylder, der giver masser af plads til en stor m\u00e6ngde b\u00f8ger og samtidig er et stilfuldt og attraktivt m\u00f8bel til dit v\u00e6relse.Stabil og sikkerStabil ramme med vippesikring, der sikrer stabilitet og st\u00f8tte, selv n\u00e5r den er fyldt med b\u00f8ger. AlsidigDen \u00e5bne bogreol giver et klart overblik og nem adgang til b\u00f8gerne og passer ind i alle rum: stuen, sovev\u00e6relset, legerummet, entreen og altanen (ikke vejrbestandig).Produktoplysninger:- Farve: Hvid &#8211; Materiale: Sp\u00e5nplade &#8211; M\u00e5l: 50 x 141,5 x 25 cm (L x H x D) &#8211; V\u00e6gt: 13 kg &#8211; Maks. b\u00e6reevne: 10 kg pr. hylde. B\u00e6reevne: 10 kg pr. hylde Leveringsomfang: &#8211; 1 x bogreol &#8211; 1 x tilbeh\u00f8rspose &#8211; 1 x brugsanvisning (DE, EN, FR, IT, ES) VASAGLE Bem\u00e6rkninger: &#8211; Reng\u00f8r bogreolen med en fugtig klud og t\u00f8r den af.- Fastg\u00f8r produktet til v\u00e6ggen med en h\u00e6ldningssikring af sikkerhedsm\u00e6ssige \u00e5rsager.<\/p>\n","protected":false},"excerpt":{"rendered":"<p>Unikt design til moderne indretningBogreolen har 8 hylder, der giver masser af plads til en stor m\u00e6ngde b\u00f8ger og samtidig er et stilfuldt og attraktivt m\u00f8bel til dit v\u00e6relse.Stabil og sikkerStabil ramme med vippesikring, der sikrer stabilitet og st\u00f8tte, selv n\u00e5r den er fyldt med b\u00f8ger. AlsidigDen \u00e5bne bogreol giver et klart overblik og nem [&hellip;]<\/p>\n","protected":false},"featured_media":0,"comment_status":"open","ping_status":"closed","template":"","meta":[],"product_brand":[],"product_cat":[31],"product_tag":[],"class_list":{"0":"post-23059","1":"product","2":"type-product","3":"status-publish","5":"product_cat-uncategorized-da","7":"first","8":"instock","9":"shipping-taxable","10":"product-type-simple"},"_links":{"self":[{"href":"https:\/\/nordicmart.andreevmaster.com\/da\/wp-json\/wp\/v2\/product\/23059","targetHints":{"allow":["GET"]}}],"collection":[{"href":"https:\/\/nordicmart.andreevmaster.com\/da\/wp-json\/wp\/v2\/product"}],"about":[{"href":"https:\/\/nordicmart.andreevmaster.com\/da\/wp-json\/wp\/v2\/types\/product"}],"replies":[{"embeddable":true,"href":"https:\/\/nordicmart.andreevmaster.com\/da\/wp-json\/wp\/v2\/comments?post=23059"}],"wp:attachment":[{"href":"https:\/\/nordicmart.andreevmaster.com\/da\/wp-json\/wp\/v2\/media?parent=23059"}],"wp:term":[{"taxonomy":"product_brand","embeddable":true,"href":"https:\/\/nordicmart.andreevmaster.com\/da\/wp-json\/wp\/v2\/product_brand?post=23059"},{"taxonomy":"product_cat","embeddable":true,"href":"https:\/\/nordicmart.andreevmaster.com\/da\/wp-json\/wp\/v2\/product_cat?post=23059"},{"taxonomy":"product_tag","embeddable":true,"href":"https:\/\/nordicmart.andreevmaster.com\/da\/wp-json\/wp\/v2\/product_tag?post=23059"}],"curies":[{"name":"wp","href":"https:\/\/api.w.org\/{rel}","templated":true}]}}