{"id":23057,"date":"2026-02-27T00:18:07","date_gmt":"2026-02-27T00:18:07","guid":{"rendered":"https:\/\/nordicmart.andreevmaster.com\/product\/bogreol-med-10-rum-aben-reol-trappetrinsreol\/"},"modified":"2026-02-27T09:00:51","modified_gmt":"2026-02-27T09:00:51","slug":"bogreol-med-10-rum-aben-reol-trappetrinsreol","status":"publish","type":"product","link":"https:\/\/nordicmart.andreevmaster.com\/da\/vare\/bogreol-med-10-rum-aben-reol-trappetrinsreol\/","title":{"rendered":"Bogreol med 10 rum, \u00e5ben reol, trappetrinsreol"},"content":{"rendered":"<p>Stilfuld og praktisk Denne bogreol har masser af plads til dekorative genstande, husholdningsartikler og b\u00f8ger, og den passer smukt ind i din stue.  Den fritst\u00e5ende reol er ogs\u00e5 velegnet til opbevaring af mange forskellige ting, s\u00e5som leget\u00f8j, t\u00f8j, mapper, b\u00f8ger osv. Placer den i b\u00f8rnev\u00e6relset, stuen, kontoret eller hjemmekontoret.  Nem samling Alle dele til denne hylde er nummererede, og der medf\u00f8lger detaljerede instruktioner. Det g\u00f8r samlingen hurtig og nem. Desuden er alle kanter forseglet, s\u00e5 du ikke beh\u00f8ver at bekymre dig om splinter. Produktoplysninger: Hylden er designet og udstyret, s\u00e5 den er nem at samle: &#8211; Farve: hvid &#8211; Materiale: sp\u00e5nplade med melaminbel\u00e6gning &#8211; Produktm\u00e5l: 1,5 mm: 129,5 x 29 cm x 129,5 (L x B x H) &#8211; V\u00e6gt: 27,3 kg &#8211; Statisk b\u00e6reevne pr. kubikmeter: 15 kg Leveringsomfang: &#8211; 1 x bogreol &#8211; 1 x tilbeh\u00f8rspakke &#8211; 1 x brugsanvisning (DE, EN, FR, ES, IT)VASAGLE Bem\u00e6rkninger: &#8211; 1 x bogreol &#8211; 1 x tilbeh\u00f8rspakke &#8211; 1 x brugsanvisning (DE, EN, FR, ES, IT)VASAGLE Bem\u00e6rk: &#8211; Reng\u00f8r bogreolen med en fugtig klud og t\u00f8r den derefter af. &#8211; Fastg\u00f8r dette produkt til v\u00e6ggen med den medf\u00f8lgende h\u00e6ldningssikring for at sikre sikker brug.<\/p>\n","protected":false},"excerpt":{"rendered":"<p>Stilfuld og praktisk Denne bogreol har masser af plads til dekorative genstande, husholdningsartikler og b\u00f8ger, og den passer smukt ind i din stue. Den fritst\u00e5ende reol er ogs\u00e5 velegnet til opbevaring af mange forskellige ting, s\u00e5som leget\u00f8j, t\u00f8j, mapper, b\u00f8ger osv. Placer den i b\u00f8rnev\u00e6relset, stuen, kontoret eller hjemmekontoret. Nem samling Alle dele til denne [&hellip;]<\/p>\n","protected":false},"featured_media":0,"comment_status":"open","ping_status":"closed","template":"","meta":[],"product_brand":[],"product_cat":[31],"product_tag":[],"class_list":{"0":"post-23057","1":"product","2":"type-product","3":"status-publish","5":"product_cat-uncategorized-da","7":"first","8":"instock","9":"shipping-taxable","10":"product-type-simple"},"_links":{"self":[{"href":"https:\/\/nordicmart.andreevmaster.com\/da\/wp-json\/wp\/v2\/product\/23057","targetHints":{"allow":["GET"]}}],"collection":[{"href":"https:\/\/nordicmart.andreevmaster.com\/da\/wp-json\/wp\/v2\/product"}],"about":[{"href":"https:\/\/nordicmart.andreevmaster.com\/da\/wp-json\/wp\/v2\/types\/product"}],"replies":[{"embeddable":true,"href":"https:\/\/nordicmart.andreevmaster.com\/da\/wp-json\/wp\/v2\/comments?post=23057"}],"wp:attachment":[{"href":"https:\/\/nordicmart.andreevmaster.com\/da\/wp-json\/wp\/v2\/media?parent=23057"}],"wp:term":[{"taxonomy":"product_brand","embeddable":true,"href":"https:\/\/nordicmart.andreevmaster.com\/da\/wp-json\/wp\/v2\/product_brand?post=23057"},{"taxonomy":"product_cat","embeddable":true,"href":"https:\/\/nordicmart.andreevmaster.com\/da\/wp-json\/wp\/v2\/product_cat?post=23057"},{"taxonomy":"product_tag","embeddable":true,"href":"https:\/\/nordicmart.andreevmaster.com\/da\/wp-json\/wp\/v2\/product_tag?post=23057"}],"curies":[{"name":"wp","href":"https:\/\/api.w.org\/{rel}","templated":true}]}}