{"id":23026,"date":"2026-02-27T00:18:00","date_gmt":"2026-02-27T00:18:00","guid":{"rendered":"https:\/\/nordicmart.andreevmaster.com\/product\/bogreol-traeformet-bogreol-med-13-opbevaringshylder-86-x-25-x-140-cm-med-afrundede-hjorner-rustik-brun-lbc67bxv1-2\/"},"modified":"2026-02-27T09:00:46","modified_gmt":"2026-02-27T09:00:46","slug":"bogreol-traeformet-bogreol-med-13-opbevaringshylder-86-x-25-x-140-cm-med-afrundede-hjorner-rustik-brun-lbc67bxv1-2","status":"publish","type":"product","link":"https:\/\/nordicmart.andreevmaster.com\/da\/vare\/bogreol-traeformet-bogreol-med-13-opbevaringshylder-86-x-25-x-140-cm-med-afrundede-hjorner-rustik-brun-lbc67bxv1-2\/","title":{"rendered":"Bogreol, tr\u00e6formet bogreol med 13 opbevaringshylder, 86 x 25 x 140 cm, med afrundede hj\u00f8rner, rustik brun LBC67BXV1"},"content":{"rendered":"<p>En invitation til naturen: Som et smukt, majest\u00e6tisk tr\u00e6 med silkebl\u00f8d, brun bark spreder denne store bogreol sine grene i din stue for at sublimere din l\u00e6seplads. Lad skovens fredfyldte ro komme ind i dit hjem!<\/p>\n<p>Opbevaring i massevis: Stil dine b\u00f8ger p\u00e5 denne tr\u00e6formede hylde for at forvandle den til et storsl\u00e5et frugttr\u00e6. Den har 13 rum til opbevaring af dine b\u00f8ger &#8230; men det er ikke alt! S\u00e6t cd&#8217;er, magasiner, dekorationer, potteplanter og meget mere p\u00e5 plads!<\/p>\n<p>Ingen besv\u00e6rligheder: Slap af! Med afrundede hj\u00f8rner, der forhindrer st\u00f8d, 2 bagpaneler og sidepaneler, der holder b\u00f8gerne sikkert p\u00e5 plads, er den sikker at bruge. Derudover kommer den med et anti-vippe-s\u00e6t.Rummelig, men kompakt: Har du altid dr\u00f8mt om at have et rigtigt bibliotek derhjemme, men mangler plads? Denne kompakte hylde, der m\u00e5ler 86 x 25 x 140 cm (L x B x H), passer nemt ind i en stue, et sovev\u00e6relse eller et kontor, som du troede var for lille.F\u00e6rdig med monteringen! Med VASAGLE f\u00e5r du ingen ubehagelige overraskelser! Letforst\u00e5elige, illustrerede instruktioner og nummererede dele g\u00f8r det nemt at samle denne opbevaringsreol. Du vil m\u00e5ske overraske dig selv!<\/p>\n<p>Et sted med afslapning og ro Placer denne reol ved siden af et vindue, s\u00e6t dig p\u00e5 en stol, \u00e5bn din yndlingsroman og fordyb dig i en fascinerende verden, mens du er omgivet af behageligt sollys. Denne reol giver dig mulighed for at udforske fremmede steder og tider uden at skulle forlade dit v\u00e6relse. Sm\u00e5 detaljer g\u00f8r en stor forskel Se n\u00e6rmere p\u00e5 denne bogreol! Overfladen er udf\u00f8rt i melaminfin\u00e9r og er behagelig glat at r\u00f8re ved og har ingen ubehagelig lugt. Bring denne elegante opbevaringshylde ind i dit hjem, og vis din helt egen stil! Produktdetaljer:- Farve: vintage brown- Materiale: sp\u00e5nplade, melaminfin\u00e9r- St\u00f8rrelse: 86 x 25 x 140 cm (L x B x H)- V\u00e6gt: 18,9 kg- Maks. statisk belastningskapacitet pr. rum: 10 kg- Maks. statisk belastningskapacitet i alt: 80 kgLeveringsomfang:- 1 x bogreol- 1 x tipsikring- 1 x tilbeh\u00f8rstaske- 1 x brugsanvisning (DE, EN, FR, ES, IT)VASAGLE Bem\u00e6rkninger:- Af sikkerhedsm\u00e6ssige \u00e5rsager m\u00e5 b\u00f8rn ikke klatre p\u00e5 eller lege med produktet. Den maksimale statiske belastningskapacitet pr. hylde er 10 kg. Overskrid ikke denne maksimale v\u00e6gt.- Fastg\u00f8r produktet til v\u00e6ggen med den medf\u00f8lgende vippeb\u00f8jle for at sikre sikker brug.- L\u00f8ft hylden, hvis du vil flytte den. Tr\u00e6k den ikke hen over gulvet.<\/p>\n","protected":false},"excerpt":{"rendered":"<p>En invitation til naturen: Som et smukt, majest\u00e6tisk tr\u00e6 med silkebl\u00f8d, brun bark spreder denne store bogreol sine grene i din stue for at sublimere din l\u00e6seplads. Lad skovens fredfyldte ro komme ind i dit hjem! Opbevaring i massevis: Stil dine b\u00f8ger p\u00e5 denne tr\u00e6formede hylde for at forvandle den til et storsl\u00e5et frugttr\u00e6. Den [&hellip;]<\/p>\n","protected":false},"featured_media":0,"comment_status":"open","ping_status":"closed","template":"","meta":[],"product_brand":[],"product_cat":[31],"product_tag":[],"class_list":{"0":"post-23026","1":"product","2":"type-product","3":"status-publish","5":"product_cat-uncategorized-da","7":"first","8":"instock","9":"shipping-taxable","10":"product-type-simple"},"_links":{"self":[{"href":"https:\/\/nordicmart.andreevmaster.com\/da\/wp-json\/wp\/v2\/product\/23026","targetHints":{"allow":["GET"]}}],"collection":[{"href":"https:\/\/nordicmart.andreevmaster.com\/da\/wp-json\/wp\/v2\/product"}],"about":[{"href":"https:\/\/nordicmart.andreevmaster.com\/da\/wp-json\/wp\/v2\/types\/product"}],"replies":[{"embeddable":true,"href":"https:\/\/nordicmart.andreevmaster.com\/da\/wp-json\/wp\/v2\/comments?post=23026"}],"wp:attachment":[{"href":"https:\/\/nordicmart.andreevmaster.com\/da\/wp-json\/wp\/v2\/media?parent=23026"}],"wp:term":[{"taxonomy":"product_brand","embeddable":true,"href":"https:\/\/nordicmart.andreevmaster.com\/da\/wp-json\/wp\/v2\/product_brand?post=23026"},{"taxonomy":"product_cat","embeddable":true,"href":"https:\/\/nordicmart.andreevmaster.com\/da\/wp-json\/wp\/v2\/product_cat?post=23026"},{"taxonomy":"product_tag","embeddable":true,"href":"https:\/\/nordicmart.andreevmaster.com\/da\/wp-json\/wp\/v2\/product_tag?post=23026"}],"curies":[{"name":"wp","href":"https:\/\/api.w.org\/{rel}","templated":true}]}}