{"id":23024,"date":"2026-02-27T00:18:00","date_gmt":"2026-02-27T00:18:00","guid":{"rendered":"https:\/\/nordicmart.andreevmaster.com\/product\/traeformet-bogreol-bogreol-med-8-opbevaringsrum-50-x-25-x-140-cm-med-afrundede-hjorner-rustik-brun-lbc66bxv1-2\/"},"modified":"2026-02-27T09:00:45","modified_gmt":"2026-02-27T09:00:45","slug":"traeformet-bogreol-bogreol-med-8-opbevaringsrum-50-x-25-x-140-cm-med-afrundede-hjorner-rustik-brun-lbc66bxv1-2","status":"publish","type":"product","link":"https:\/\/nordicmart.andreevmaster.com\/da\/vare\/traeformet-bogreol-bogreol-med-8-opbevaringsrum-50-x-25-x-140-cm-med-afrundede-hjorner-rustik-brun-lbc66bxv1-2\/","title":{"rendered":"Tr\u00e6formet bogreol, bogreol med 8 opbevaringsrum, 50 x 25 x 140 cm, med afrundede hj\u00f8rner, rustik brun LBC66BXV1"},"content":{"rendered":"<p>En invitation til naturen: Som et smukt, majest\u00e6tisk tr\u00e6 med silkebl\u00f8d, brun bark spreder denne store bogreol sine grene i din stue for at sublimere din l\u00e6seplads. Lad skovens fredfyldte ro komme ind i dit hjem!<\/p>\n<p>Ordentlig plads: F\u00e5 denne tr\u00e6formede hylde til at blomstre ved at placere alle dine skatte p\u00e5 dens grene. Den har 8 rum til at opbevare dine b\u00f8ger &#8230; men det er ikke alt! S\u00e6t ogs\u00e5 cd&#8217;er, magasiner, dekorationer, potteplanter og meget mere p\u00e5 plads!<\/p>\n<p>Ingen besv\u00e6rligheder: Slap af! Med afrundede hj\u00f8rner, der forhindrer st\u00f8d, 2 bagpaneler og sidepaneler, der holder b\u00f8gerne sikkert p\u00e5 plads, er den sikker at bruge. Desuden kommer den med et anti-vippe-s\u00e6t.<\/p>\n<p>Glider ind i sm\u00e5 rum: Med sin kompakte st\u00f8rrelse p\u00e5 50 x 25 x 140 cm (L x B x H) fylder denne bogreol meget lidt. Du kan nemt skabe et l\u00e6sehj\u00f8rne i en stue, et sovev\u00e6relse eller et kontor, som du troede var for lille.F\u00e6rdig med monteringen! Med VASAGLE er der ingen ubehagelige overraskelser! Letforst\u00e5elige, illustrerede instruktioner og nummererede dele g\u00f8r det nemt at samle denne opbevaringsreol. Du vil m\u00e5ske overraske dig selv!<\/p>\n<p>Produktdetaljer: &#8211; Farve: vintage brown &#8211; Materiale: sp\u00e5nplade &#8211; St\u00f8rrelse: 50 x 25 x 140 cm (L x B x H) &#8211; V\u00e6gt: 11,4 kg &#8211; Maks. statisk belastningskapacitet pr. hylde: 10 kg &#8211; Maks. statisk belastningskapacitet i alt: 50 kg Leveringsomfang: &#8211; 1 x bogreol &#8211; 1 x tipsikring &#8211; 1 x tilbeh\u00f8rstaske &#8211; 1 x brugsanvisning (DE, EN, FR, ES, IT)VASAGLE Bem\u00e6rkninger:- Af sikkerhedsm\u00e6ssige \u00e5rsager m\u00e5 b\u00f8rn ikke klatre op p\u00e5 eller lege med produktet. Den maksimale statiske belastningskapacitet pr. hylde er 10 kg. Overskrid ikke denne maksimale v\u00e6gt.- Fastg\u00f8r produktet til v\u00e6ggen med den medf\u00f8lgende vippeb\u00f8jle for at sikre sikker brug.- L\u00f8ft hylden, hvis du vil flytte den. Tr\u00e6k den ikke hen over gulvet.<\/p>\n","protected":false},"excerpt":{"rendered":"<p>En invitation til naturen: Som et smukt, majest\u00e6tisk tr\u00e6 med silkebl\u00f8d, brun bark spreder denne store bogreol sine grene i din stue for at sublimere din l\u00e6seplads. Lad skovens fredfyldte ro komme ind i dit hjem! Ordentlig plads: F\u00e5 denne tr\u00e6formede hylde til at blomstre ved at placere alle dine skatte p\u00e5 dens grene. Den [&hellip;]<\/p>\n","protected":false},"featured_media":0,"comment_status":"open","ping_status":"closed","template":"","meta":[],"product_brand":[],"product_cat":[31],"product_tag":[],"class_list":{"0":"post-23024","1":"product","2":"type-product","3":"status-publish","5":"product_cat-uncategorized-da","7":"first","8":"instock","9":"shipping-taxable","10":"product-type-simple"},"_links":{"self":[{"href":"https:\/\/nordicmart.andreevmaster.com\/da\/wp-json\/wp\/v2\/product\/23024","targetHints":{"allow":["GET"]}}],"collection":[{"href":"https:\/\/nordicmart.andreevmaster.com\/da\/wp-json\/wp\/v2\/product"}],"about":[{"href":"https:\/\/nordicmart.andreevmaster.com\/da\/wp-json\/wp\/v2\/types\/product"}],"replies":[{"embeddable":true,"href":"https:\/\/nordicmart.andreevmaster.com\/da\/wp-json\/wp\/v2\/comments?post=23024"}],"wp:attachment":[{"href":"https:\/\/nordicmart.andreevmaster.com\/da\/wp-json\/wp\/v2\/media?parent=23024"}],"wp:term":[{"taxonomy":"product_brand","embeddable":true,"href":"https:\/\/nordicmart.andreevmaster.com\/da\/wp-json\/wp\/v2\/product_brand?post=23024"},{"taxonomy":"product_cat","embeddable":true,"href":"https:\/\/nordicmart.andreevmaster.com\/da\/wp-json\/wp\/v2\/product_cat?post=23024"},{"taxonomy":"product_tag","embeddable":true,"href":"https:\/\/nordicmart.andreevmaster.com\/da\/wp-json\/wp\/v2\/product_tag?post=23024"}],"curies":[{"name":"wp","href":"https:\/\/api.w.org\/{rel}","templated":true}]}}