{"id":22947,"date":"2026-02-27T00:17:41","date_gmt":"2026-02-27T00:17:41","guid":{"rendered":"https:\/\/nordicmart.andreevmaster.com\/product\/traebogreol-gulvstaende-bogreol-i-8-niveauer-med-traehylder-til-stuen-hjemmekontoret-hvid-2\/"},"modified":"2026-02-27T09:00:32","modified_gmt":"2026-02-27T09:00:32","slug":"traebogreol-gulvstaende-bogreol-i-8-niveauer-med-traehylder-til-stuen-hjemmekontoret-hvid-2","status":"publish","type":"product","link":"https:\/\/nordicmart.andreevmaster.com\/da\/vare\/traebogreol-gulvstaende-bogreol-i-8-niveauer-med-traehylder-til-stuen-hjemmekontoret-hvid-2\/","title":{"rendered":"Tr\u00e6bogreol, gulvst\u00e5ende bogreol i 8 niveauer med tr\u00e6hylder til stuen, hjemmekontoret, hvid"},"content":{"rendered":"<p>BOGHYLDE TIL BOGELSKERE: Med en geometrisk silhuet og enest\u00e5ende funktion er denne tr\u00e6formede boghylde et lyst element i dit hjemmekontor; fyld de mange grene med dine yndlingsb\u00f8ger for at skabe en i\u00f8jnefaldende udstilling.<\/p>\n<p>TIL SM\u00c5 RUM: Reolen har 8 \u00e5bne hylder og kan rumme masser af b\u00f8ger (A4- og A5-st\u00f8rrelse) og andre pyntegenstande, mens den kun optager et lille gulvareal; st\u00f8rrelsen 50 x 25 x 141,5 cm (L x B x H) er perfekt til lejligheder, smalle rum, klassev\u00e6relser eller hj\u00f8rner.ENEST\u00c5ENDE STABILITET: Kvalitetssp\u00e5nplade og hardware sikrer en robust og holdbar struktur; inkluderer anti-v\u00e6ltningsanordning for ekstra stabilitet, hver hylde kan b\u00e6re op til 10 kg. LET AT SAMLE: Leveres med nummererede dele og illustrerede instruktioner, s\u00e5 det er nemt for \u00e9n person at samle denne bogreol uden behov for hj\u00e6lp<\/p>\n<p>100% TILFREDSHED: Vi leverer altid professionel kundeservice f\u00f8r og efter dit k\u00f8b, s\u00e5 vent ikke l\u00e6ngere og nyd det lige nu.<\/p>\n<p>Unikt design til moderne indretningMed sit unikke tr\u00e6formede design har bogreolen 8 hylder, der giver masser af plads til en stor m\u00e6ngde b\u00f8ger, og samtidig er det et stilfuldt og attraktivt m\u00f8bel til dit v\u00e6relse.Stabilt og sikkertSp\u00e5npladerammen med den medf\u00f8lgende tipsikring sikrer stabilitet og robusthed, selv n\u00e5r den er fuldt lastet med b\u00f8ger. AlsidigDen \u00e5bne reol giver et klart udsyn og nem adgang til b\u00f8gerne, og den passer ind i alle rum: stue, sovev\u00e6relse, legerum, indgangsparti og altan (ikke vejrbestandig).Produktdetaljer:- Farve: hvid- Materiale: sp\u00e5nplade- M\u00e5l: 50 x 141,5 x 25 cm (B x H x D)- V\u00e6gt: 13 kg- Maks. belastningskapacitet: 10 kg pr. hylde. Belastningskapacitet: 10 kg pr. hyldeLeveringsomfang:- 1 x bogreol- 1 x tilbeh\u00f8rstaske- 1 x brugsanvisning (DE, EN, FR, IT, ES)VASAGLE Bem\u00e6rkninger:- Reng\u00f8r bogreolen med en fugtig klud, og t\u00f8r den af.- Fastg\u00f8r produktet til v\u00e6ggen med vippebeskyttelsen for en sikkerheds skyld.<\/p>\n","protected":false},"excerpt":{"rendered":"<p>BOGHYLDE TIL BOGELSKERE: Med en geometrisk silhuet og enest\u00e5ende funktion er denne tr\u00e6formede boghylde et lyst element i dit hjemmekontor; fyld de mange grene med dine yndlingsb\u00f8ger for at skabe en i\u00f8jnefaldende udstilling. TIL SM\u00c5 RUM: Reolen har 8 \u00e5bne hylder og kan rumme masser af b\u00f8ger (A4- og A5-st\u00f8rrelse) og andre pyntegenstande, mens den [&hellip;]<\/p>\n","protected":false},"featured_media":0,"comment_status":"open","ping_status":"closed","template":"","meta":[],"product_brand":[],"product_cat":[31],"product_tag":[],"class_list":{"0":"post-22947","1":"product","2":"type-product","3":"status-publish","5":"product_cat-uncategorized-da","7":"first","8":"instock","9":"shipping-taxable","10":"product-type-simple"},"_links":{"self":[{"href":"https:\/\/nordicmart.andreevmaster.com\/da\/wp-json\/wp\/v2\/product\/22947","targetHints":{"allow":["GET"]}}],"collection":[{"href":"https:\/\/nordicmart.andreevmaster.com\/da\/wp-json\/wp\/v2\/product"}],"about":[{"href":"https:\/\/nordicmart.andreevmaster.com\/da\/wp-json\/wp\/v2\/types\/product"}],"replies":[{"embeddable":true,"href":"https:\/\/nordicmart.andreevmaster.com\/da\/wp-json\/wp\/v2\/comments?post=22947"}],"wp:attachment":[{"href":"https:\/\/nordicmart.andreevmaster.com\/da\/wp-json\/wp\/v2\/media?parent=22947"}],"wp:term":[{"taxonomy":"product_brand","embeddable":true,"href":"https:\/\/nordicmart.andreevmaster.com\/da\/wp-json\/wp\/v2\/product_brand?post=22947"},{"taxonomy":"product_cat","embeddable":true,"href":"https:\/\/nordicmart.andreevmaster.com\/da\/wp-json\/wp\/v2\/product_cat?post=22947"},{"taxonomy":"product_tag","embeddable":true,"href":"https:\/\/nordicmart.andreevmaster.com\/da\/wp-json\/wp\/v2\/product_tag?post=22947"}],"curies":[{"name":"wp","href":"https:\/\/api.w.org\/{rel}","templated":true}]}}