{"id":22942,"date":"2026-02-27T00:17:40","date_gmt":"2026-02-27T00:17:40","guid":{"rendered":"https:\/\/nordicmart.andreevmaster.com\/product\/bogreol-trappeorganisator-10-abne-kuber-udstillingshylde-i-trae-fritstaende-hylde-1295-x-29-x-1295-cm-rumdeler-hvid-lbc10wtv1-2\/"},"modified":"2026-02-27T09:00:31","modified_gmt":"2026-02-27T09:00:31","slug":"bogreol-trappeorganisator-10-abne-kuber-udstillingshylde-i-trae-fritstaende-hylde-1295-x-29-x-1295-cm-rumdeler-hvid-lbc10wtv1-2","status":"publish","type":"product","link":"https:\/\/nordicmart.andreevmaster.com\/da\/vare\/bogreol-trappeorganisator-10-abne-kuber-udstillingshylde-i-trae-fritstaende-hylde-1295-x-29-x-1295-cm-rumdeler-hvid-lbc10wtv1-2\/","title":{"rendered":"Bogreol, trappeorganisator, 10 \u00e5bne kuber, udstillingshylde i tr\u00e6, fritst\u00e5ende hylde, 129,5 x 29 x 129,5 cm, rumdeler, hvid LBC10WTV1"},"content":{"rendered":"<p>Raffineret hylde: brug den til dine b\u00f8ger, udstil dine yndlingssamleobjekter eller brug den som rumdeler<\/p>\n<p>Pladsbesparende og alligevel rummelig: med 129,5 x 129,5 x 29 cm (B x H x D) og 10 kubusrum giver den masser af plads til mapper eller b\u00f8ger; \u00e5ben hylde til nem brug fra begge sider<\/p>\n<p>TUNGE GULVREOLVER &#8211; 15 mm sp\u00e5nplade sikrer, at hver kube kan holde til op til 10 kg. Den medf\u00f8lgende vippebeskyttelse sikrer ogs\u00e5 endnu mere stabilitet og sikkerhed. Overfladen er ogs\u00e5 ridse- og slidbestandig<\/p>\n<p>Professionel finish: alle kanter er forseglede, glatte at r\u00f8re ved og delikate i udseende; hver skrue leveres med et klisterm\u00e6rke til at skjule skruen<\/p>\n<p>100 % tilfredshed: Vasagle tilbyder dig kundeservice b\u00e5de f\u00f8r og efter bestilling. T\u00e6nk ikke for l\u00e6nge, pr\u00f8v det bare!<\/p>\n<p>Chic og praktisk Denne reol giver masser af plads til dekorative genstande, husholdningsartikler og b\u00f8ger og passer smukt ind i dit boligmilj\u00f8.  Den fritst\u00e5ende hylde er ogs\u00e5 velegnet til opbevaring af en lang r\u00e6kke ting som leget\u00f8j, t\u00f8j, mapper, b\u00f8ger osv. Placer den p\u00e5 b\u00f8rnev\u00e6relset, i stuen, p\u00e5 kontoret eller hjemmekontoret.  Enkel samling Alle hyldens enkeltdele er nummererede, og der medf\u00f8lger ogs\u00e5 en detaljeret vejledning. Det g\u00f8r monteringen hurtig og nem. Desuden er alle kanter forseglede, s\u00e5 du ikke beh\u00f8ver at bekymre dig om splinter. Detaljer om produktet: &#8211; Farve: hvid &#8211; Materiale: sp\u00e5nplade med melaminfin\u00e9r &#8211; Produktm\u00e5l: 129,5 x 29 cm x 129,5 (L x B x H) &#8211; V\u00e6gt: 27,3 kg &#8211; Statisk belastningskapacitet pr. terning: 15 kgLeveringsomfang: &#8211; 1 x bogreol &#8211; 1 x tilbeh\u00f8rspakke &#8211; 1 x brugsanvisning (DE, EN, FR, ES, IT)VASAGLE Bem\u00e6rkninger: &#8211; Reng\u00f8r venligst reolen med en fugtig klud og t\u00f8r den derefter af. &#8211; Fastg\u00f8r dette produkt til v\u00e6ggen med den medf\u00f8lgende tippesikring for at sikre sikker brug.<\/p>\n","protected":false},"excerpt":{"rendered":"<p>Raffineret hylde: brug den til dine b\u00f8ger, udstil dine yndlingssamleobjekter eller brug den som rumdeler Pladsbesparende og alligevel rummelig: med 129,5 x 129,5 x 29 cm (B x H x D) og 10 kubusrum giver den masser af plads til mapper eller b\u00f8ger; \u00e5ben hylde til nem brug fra begge sider TUNGE GULVREOLVER &#8211; 15 [&hellip;]<\/p>\n","protected":false},"featured_media":0,"comment_status":"open","ping_status":"closed","template":"","meta":[],"product_brand":[],"product_cat":[31],"product_tag":[],"class_list":{"0":"post-22942","1":"product","2":"type-product","3":"status-publish","5":"product_cat-uncategorized-da","7":"first","8":"instock","9":"shipping-taxable","10":"product-type-simple"},"_links":{"self":[{"href":"https:\/\/nordicmart.andreevmaster.com\/da\/wp-json\/wp\/v2\/product\/22942","targetHints":{"allow":["GET"]}}],"collection":[{"href":"https:\/\/nordicmart.andreevmaster.com\/da\/wp-json\/wp\/v2\/product"}],"about":[{"href":"https:\/\/nordicmart.andreevmaster.com\/da\/wp-json\/wp\/v2\/types\/product"}],"replies":[{"embeddable":true,"href":"https:\/\/nordicmart.andreevmaster.com\/da\/wp-json\/wp\/v2\/comments?post=22942"}],"wp:attachment":[{"href":"https:\/\/nordicmart.andreevmaster.com\/da\/wp-json\/wp\/v2\/media?parent=22942"}],"wp:term":[{"taxonomy":"product_brand","embeddable":true,"href":"https:\/\/nordicmart.andreevmaster.com\/da\/wp-json\/wp\/v2\/product_brand?post=22942"},{"taxonomy":"product_cat","embeddable":true,"href":"https:\/\/nordicmart.andreevmaster.com\/da\/wp-json\/wp\/v2\/product_cat?post=22942"},{"taxonomy":"product_tag","embeddable":true,"href":"https:\/\/nordicmart.andreevmaster.com\/da\/wp-json\/wp\/v2\/product_tag?post=22942"}],"curies":[{"name":"wp","href":"https:\/\/api.w.org\/{rel}","templated":true}]}}