{"id":22912,"date":"2026-02-27T00:17:32","date_gmt":"2026-02-27T00:17:32","guid":{"rendered":"https:\/\/nordicmart.andreevmaster.com\/product\/ekho-collection-barstole-saet-med-2-barstole-i-barhojde-syntetisk-laeder-med-syninger-mid-century-modern-barstole-26-tommer-kokken-hjemmebar-spiseplads\/"},"modified":"2026-02-27T09:00:25","modified_gmt":"2026-02-27T09:00:25","slug":"ekho-collection-barstole-saet-med-2-barstole-i-barhojde-syntetisk-laeder-med-syninger-mid-century-modern-barstole-26-tommer-kokken-hjemmebar-spiseplads","status":"publish","type":"product","link":"https:\/\/nordicmart.andreevmaster.com\/da\/vare\/ekho-collection-barstole-saet-med-2-barstole-i-barhojde-syntetisk-laeder-med-syninger-mid-century-modern-barstole-26-tommer-kokken-hjemmebar-spiseplads\/","title":{"rendered":"EKHO Collection &#8211; Barstole, s\u00e6t med 2, barstole i barh\u00f8jde, syntetisk l\u00e6der med syninger, Mid-Century Modern barstole, 26 tommer, k\u00f8kken, hjemmebar, spiseplads"},"content":{"rendered":"<p>[Style That Speaks] Disse barstole er en del af VASAGLE EKHO-kollektionen, en m\u00f8belkollektion, der kombinerer kunstl\u00e6der med et rigt m\u00f8nster og raffineret syning. Det er en konkret hyldest til h\u00e5ndv\u00e6rket og hj\u00e6lper med at skabe et hjem, der siger meget om stil.[Sid behageligt] Disse k\u00f8kkenstole har en rummelig 15&#8243; D x 17,7&#8243; B siddeflade, der er betrukket med glat betr\u00e6k og fyldt med 3,9&#8243; tyk skumgummi med h\u00f8j densitet, der giver fremragende st\u00f8tte. Oplev holdbar komfort, der holder i lang tid. [Skjulte justerbare ben] Nyd stabilitet og stil. Disse taburetter med skjulte justerbare ben giver stabile siddepladser selv p\u00e5 lidt uj\u00e6vne gulve og bevarer samtidig et str\u00f8mlinet udseende, der \u00f8ger deres \u00e6stetiske tiltr\u00e6kningskraft.<\/p>\n<p>[Nem samling, alsidig anvendelse] Med de klare instruktioner og det medf\u00f8lgende samlev\u00e6rkt\u00f8j er det legende let at samle disse k\u00f8kkenb\u00e6nke. P\u00e5 et \u00f8jeblik er de klar til at forbedre dit k\u00f8kken, din spisestue eller fungere som stilfulde midlertidige siddepladser.[Let at reng\u00f8re og stilfuld] Tilf\u00e6ldige spild? Ingen problemer! Det vandafvisende betr\u00e6k af syntetisk l\u00e6der kan t\u00f8rres af p\u00e5 et \u00f8jeblik. De matte st\u00e5lben er ridsefaste og bevarer deres elegante udseende, selv ved daglig brug.<\/p>\n<p>Tekniske oplysninger:<br \/>\nFarve: Farver: Farverne er mm: Duvegr\u00e5<br \/>\nMateriale: PU (polyurethan) l\u00e6der, krydsfiner.<br \/>\nProduktst\u00f8rrelse: 15 &#8220;D x 17,7&#8221; B x 26 &#8220;H (38 x 45 x 66 cm).<br \/>\nSamlet v\u00e6gt: 11,2 kg (24,7 lb).<br \/>\nMaks. statisk belastning pr. skammel: 120 kg (265 lb)<\/p>\n","protected":false},"excerpt":{"rendered":"<p>[Style That Speaks] Disse barstole er en del af VASAGLE EKHO-kollektionen, en m\u00f8belkollektion, der kombinerer kunstl\u00e6der med et rigt m\u00f8nster og raffineret syning. Det er en konkret hyldest til h\u00e5ndv\u00e6rket og hj\u00e6lper med at skabe et hjem, der siger meget om stil.[Sid behageligt] Disse k\u00f8kkenstole har en rummelig 15&#8243; D x 17,7&#8243; B siddeflade, der [&hellip;]<\/p>\n","protected":false},"featured_media":0,"comment_status":"open","ping_status":"closed","template":"","meta":[],"product_brand":[],"product_cat":[31],"product_tag":[],"class_list":{"0":"post-22912","1":"product","2":"type-product","3":"status-publish","5":"product_cat-uncategorized-da","7":"first","8":"instock","9":"shipping-taxable","10":"product-type-simple"},"_links":{"self":[{"href":"https:\/\/nordicmart.andreevmaster.com\/da\/wp-json\/wp\/v2\/product\/22912","targetHints":{"allow":["GET"]}}],"collection":[{"href":"https:\/\/nordicmart.andreevmaster.com\/da\/wp-json\/wp\/v2\/product"}],"about":[{"href":"https:\/\/nordicmart.andreevmaster.com\/da\/wp-json\/wp\/v2\/types\/product"}],"replies":[{"embeddable":true,"href":"https:\/\/nordicmart.andreevmaster.com\/da\/wp-json\/wp\/v2\/comments?post=22912"}],"wp:attachment":[{"href":"https:\/\/nordicmart.andreevmaster.com\/da\/wp-json\/wp\/v2\/media?parent=22912"}],"wp:term":[{"taxonomy":"product_brand","embeddable":true,"href":"https:\/\/nordicmart.andreevmaster.com\/da\/wp-json\/wp\/v2\/product_brand?post=22912"},{"taxonomy":"product_cat","embeddable":true,"href":"https:\/\/nordicmart.andreevmaster.com\/da\/wp-json\/wp\/v2\/product_cat?post=22912"},{"taxonomy":"product_tag","embeddable":true,"href":"https:\/\/nordicmart.andreevmaster.com\/da\/wp-json\/wp\/v2\/product_tag?post=22912"}],"curies":[{"name":"wp","href":"https:\/\/api.w.org\/{rel}","templated":true}]}}