{"id":22911,"date":"2026-02-27T00:17:31","date_gmt":"2026-02-27T00:17:31","guid":{"rendered":"https:\/\/nordicmart.andreevmaster.com\/product\/barstole-2-stk-kokkenstole-kunstlaeder-dekorative-knapper-og-nitter-massivt-traeben-66-cm-hoj-hjemmebar-spisestue-nem-at-montere-kaffebrun\/"},"modified":"2026-02-27T09:00:25","modified_gmt":"2026-02-27T09:00:25","slug":"barstole-2-stk-kokkenstole-kunstlaeder-dekorative-knapper-og-nitter-massivt-traeben-66-cm-hoj-hjemmebar-spisestue-nem-at-montere-kaffebrun","status":"publish","type":"product","link":"https:\/\/nordicmart.andreevmaster.com\/da\/vare\/barstole-2-stk-kokkenstole-kunstlaeder-dekorative-knapper-og-nitter-massivt-traeben-66-cm-hoj-hjemmebar-spisestue-nem-at-montere-kaffebrun\/","title":{"rendered":"Barstole 2 stk., k\u00f8kkenstole, kunstl\u00e6der, dekorative knapper og nitter, massivt tr\u00e6ben, 66 cm h\u00f8j, hjemmebar, spisestue, nem at montere, kaffebrun"},"content":{"rendered":"<p>[Overgangs\u00e6stetik] Denne barstol med dekorative knapper og s\u00f8mme udstr\u00e5ler klassisk elegance. De unikt formede ben giver dem et visuelt tiltr\u00e6kkende udseende og g\u00f8r dem til et i\u00f8jnefaldende supplement til ethvert hjem.[Velkommen til komfort] Hvorfor v\u00e6lge mellem stil og komfort? Med et rigtigt polstret s\u00e6de, der er fremstillet af t\u00e6t, formfast skum, og integrerede fodst\u00f8tter, der \u00f8ger komforten, kan du f\u00e5 begge dele![Huomiota yksityiskohtiin] Jokaisessa aamiaisjakkarassa on metallisuojattu jalkatuki, joka takaa kest\u00e4vyyden ja helpon puhdistettavuuden, vaikka astuisit niiden p\u00e4\u00e4lle kengill\u00e4.[Stabil og sikker] Massive tr\u00e6ben med justerbare f\u00f8dder sikrer stabilitet p\u00e5 lidt uj\u00e6vne gulve og beskytter samtidig gulvet mod ridser. K\u00f8kkenstolen er st\u00e6rk nok til at b\u00e6re en v\u00e6gt p\u00e5 op til 120 kg.[Nem samling] Det er legende let at samle k\u00f8kkenstolen. F\u00f8lg blot de klare instruktioner, s\u00e5 er stolen klar til brug p\u00e5 et \u00f8jeblik. Tekniske oplysninger: Modelnummer: Model: Stolen er udstyret med en stol, der ikke er udstyret med en stol: LBC085K01 Farve: Brun<br \/>\nProduktets m\u00e5l: 32 x 44 x 66 cm: 32 x 44 x 66 cm<br \/>\nProduktets v\u00e6gt: 8,8 kg<\/p>\n","protected":false},"excerpt":{"rendered":"<p>[Overgangs\u00e6stetik] Denne barstol med dekorative knapper og s\u00f8mme udstr\u00e5ler klassisk elegance. De unikt formede ben giver dem et visuelt tiltr\u00e6kkende udseende og g\u00f8r dem til et i\u00f8jnefaldende supplement til ethvert hjem.[Velkommen til komfort] Hvorfor v\u00e6lge mellem stil og komfort? Med et rigtigt polstret s\u00e6de, der er fremstillet af t\u00e6t, formfast skum, og integrerede fodst\u00f8tter, der [&hellip;]<\/p>\n","protected":false},"featured_media":0,"comment_status":"open","ping_status":"closed","template":"","meta":[],"product_brand":[],"product_cat":[31],"product_tag":[],"class_list":{"0":"post-22911","1":"product","2":"type-product","3":"status-publish","5":"product_cat-uncategorized-da","7":"first","8":"instock","9":"shipping-taxable","10":"product-type-simple"},"_links":{"self":[{"href":"https:\/\/nordicmart.andreevmaster.com\/da\/wp-json\/wp\/v2\/product\/22911","targetHints":{"allow":["GET"]}}],"collection":[{"href":"https:\/\/nordicmart.andreevmaster.com\/da\/wp-json\/wp\/v2\/product"}],"about":[{"href":"https:\/\/nordicmart.andreevmaster.com\/da\/wp-json\/wp\/v2\/types\/product"}],"replies":[{"embeddable":true,"href":"https:\/\/nordicmart.andreevmaster.com\/da\/wp-json\/wp\/v2\/comments?post=22911"}],"wp:attachment":[{"href":"https:\/\/nordicmart.andreevmaster.com\/da\/wp-json\/wp\/v2\/media?parent=22911"}],"wp:term":[{"taxonomy":"product_brand","embeddable":true,"href":"https:\/\/nordicmart.andreevmaster.com\/da\/wp-json\/wp\/v2\/product_brand?post=22911"},{"taxonomy":"product_cat","embeddable":true,"href":"https:\/\/nordicmart.andreevmaster.com\/da\/wp-json\/wp\/v2\/product_cat?post=22911"},{"taxonomy":"product_tag","embeddable":true,"href":"https:\/\/nordicmart.andreevmaster.com\/da\/wp-json\/wp\/v2\/product_tag?post=22911"}],"curies":[{"name":"wp","href":"https:\/\/api.w.org\/{rel}","templated":true}]}}