{"id":22909,"date":"2026-02-27T00:17:31","date_gmt":"2026-02-27T00:17:31","guid":{"rendered":"https:\/\/nordicmart.andreevmaster.com\/product\/barstole-2-stk-barstole-i-barhojde-26-tommer-kokkenbarstole-med-traeben-pu-laederbarstole-polstrede-barstole-til-kokkenoen-i-spisestuen-dove-gray\/"},"modified":"2026-02-27T09:00:24","modified_gmt":"2026-02-27T09:00:24","slug":"barstole-2-stk-barstole-i-barhojde-26-tommer-kokkenbarstole-med-traeben-pu-laederbarstole-polstrede-barstole-til-kokkenoen-i-spisestuen-dove-gray","status":"publish","type":"product","link":"https:\/\/nordicmart.andreevmaster.com\/da\/vare\/barstole-2-stk-barstole-i-barhojde-26-tommer-kokkenbarstole-med-traeben-pu-laederbarstole-polstrede-barstole-til-kokkenoen-i-spisestuen-dove-gray\/","title":{"rendered":"Barstole 2 stk., barstole i barh\u00f8jde, 26-tommer k\u00f8kkenbarstole med tr\u00e6ben, PU-l\u00e6derbarstole, polstrede barstole til k\u00f8kken\u00f8en i spisestuen, Dove Gray"},"content":{"rendered":"<p>[Overgangs\u00e6stetik] Disse barstole, der er dekoreret med tuftede knapper og s\u00f8mhoveder, udstr\u00e5ler klassisk elegance. De unikt formede ben tilf\u00f8jer visuel charme, hvilket g\u00f8r dem til et i\u00f8jnefaldende supplement til ethvert hjem.[Omfavn komforten] Hvorfor v\u00e6lge mellem stil og komfort? Det godt polstrede s\u00e6de er fremstillet af skum med h\u00f8j densitet, der er formbestandigt, og de indbyggede fodst\u00f8tter \u00f8ger komforten, s\u00e5 du kan f\u00e5 begge dele![Opm\u00e6rksomhed p\u00e5 detaljerne] Hver morgenb\u00e6nk har en metalbeskyttet fodst\u00f8tte, der er designet til at v\u00e6re holdbar og let at reng\u00f8re, selvom man tr\u00e6der p\u00e5 den med sko p\u00e5.[Stabil og sikker] Massive tr\u00e6ben med justerbare f\u00f8dder giver stabilitet p\u00e5 uj\u00e6vne gulve og beskytter samtidig gulvet mod ridser. Hver k\u00f8kkenbarstol er st\u00e6rk nok til at b\u00e6re en v\u00e6gt p\u00e5 op til 120 kg.[Nem samling] Det er nemt at samle et nyt par barstole. F\u00f8lg blot de enkle instruktioner, s\u00e5 er de klar til brug p\u00e5 et \u00f8jeblik. Tekniske oplysninger: Farver: Farver: 1: Farver: Dove Grey Materiale: PU (polyuretan) l\u00e6der.<br \/>\nProduktst\u00f8rrelse: 12,6&#8243; D x 17,3&#8243; B x 26&#8243; H (32 x 44 x 66 cm)<br \/>\nProduktets samlede v\u00e6gt: 8,8 kg (19,4 lb).<br \/>\nMaks. statisk belastning pr. barstol: 120 kg (265 lb)<\/p>\n<p>Indhold i pakken:<br \/>\n2 x barstol<br \/>\n1 x tilbeh\u00f8rss\u00e6t<br \/>\n1 x vejledning<\/p>\n","protected":false},"excerpt":{"rendered":"<p>[Overgangs\u00e6stetik] Disse barstole, der er dekoreret med tuftede knapper og s\u00f8mhoveder, udstr\u00e5ler klassisk elegance. De unikt formede ben tilf\u00f8jer visuel charme, hvilket g\u00f8r dem til et i\u00f8jnefaldende supplement til ethvert hjem.[Omfavn komforten] Hvorfor v\u00e6lge mellem stil og komfort? Det godt polstrede s\u00e6de er fremstillet af skum med h\u00f8j densitet, der er formbestandigt, og de indbyggede [&hellip;]<\/p>\n","protected":false},"featured_media":0,"comment_status":"open","ping_status":"closed","template":"","meta":[],"product_brand":[],"product_cat":[31],"product_tag":[],"class_list":{"0":"post-22909","1":"product","2":"type-product","3":"status-publish","5":"product_cat-uncategorized-da","7":"first","8":"instock","9":"shipping-taxable","10":"product-type-simple"},"_links":{"self":[{"href":"https:\/\/nordicmart.andreevmaster.com\/da\/wp-json\/wp\/v2\/product\/22909","targetHints":{"allow":["GET"]}}],"collection":[{"href":"https:\/\/nordicmart.andreevmaster.com\/da\/wp-json\/wp\/v2\/product"}],"about":[{"href":"https:\/\/nordicmart.andreevmaster.com\/da\/wp-json\/wp\/v2\/types\/product"}],"replies":[{"embeddable":true,"href":"https:\/\/nordicmart.andreevmaster.com\/da\/wp-json\/wp\/v2\/comments?post=22909"}],"wp:attachment":[{"href":"https:\/\/nordicmart.andreevmaster.com\/da\/wp-json\/wp\/v2\/media?parent=22909"}],"wp:term":[{"taxonomy":"product_brand","embeddable":true,"href":"https:\/\/nordicmart.andreevmaster.com\/da\/wp-json\/wp\/v2\/product_brand?post=22909"},{"taxonomy":"product_cat","embeddable":true,"href":"https:\/\/nordicmart.andreevmaster.com\/da\/wp-json\/wp\/v2\/product_cat?post=22909"},{"taxonomy":"product_tag","embeddable":true,"href":"https:\/\/nordicmart.andreevmaster.com\/da\/wp-json\/wp\/v2\/product_tag?post=22909"}],"curies":[{"name":"wp","href":"https:\/\/api.w.org\/{rel}","templated":true}]}}