{"id":22905,"date":"2026-02-27T00:17:30","date_gmt":"2026-02-27T00:17:30","guid":{"rendered":"https:\/\/nordicmart.andreevmaster.com\/product\/echo-collection-ulbc080c01-barstole-2-stk-kokkenstole-morgenmadsstole-syet-kunstlaeder-248-hoj-hjemmebar-spisestue-nem-at-montere-skovgron\/"},"modified":"2026-02-27T09:00:24","modified_gmt":"2026-02-27T09:00:24","slug":"echo-collection-ulbc080c01-barstole-2-stk-kokkenstole-morgenmadsstole-syet-kunstlaeder-248-hoj-hjemmebar-spisestue-nem-at-montere-skovgron","status":"publish","type":"product","link":"https:\/\/nordicmart.andreevmaster.com\/da\/vare\/echo-collection-ulbc080c01-barstole-2-stk-kokkenstole-morgenmadsstole-syet-kunstlaeder-248-hoj-hjemmebar-spisestue-nem-at-montere-skovgron\/","title":{"rendered":"Echo Collection ULBC080C01 Barstole, 2 stk., k\u00f8kkenstole, morgenmadsstole, syet kunstl\u00e6der, 24,8&#8243; h\u00f8j, hjemmebar, spisestue, nem at montere, skovgr\u00f8n"},"content":{"rendered":"","protected":false},"excerpt":{"rendered":"","protected":false},"featured_media":0,"comment_status":"open","ping_status":"closed","template":"","meta":[],"product_brand":[],"product_cat":[31],"product_tag":[],"class_list":{"0":"post-22905","1":"product","2":"type-product","3":"status-publish","5":"product_cat-uncategorized-da","7":"first","8":"instock","9":"shipping-taxable","10":"product-type-simple"},"_links":{"self":[{"href":"https:\/\/nordicmart.andreevmaster.com\/da\/wp-json\/wp\/v2\/product\/22905","targetHints":{"allow":["GET"]}}],"collection":[{"href":"https:\/\/nordicmart.andreevmaster.com\/da\/wp-json\/wp\/v2\/product"}],"about":[{"href":"https:\/\/nordicmart.andreevmaster.com\/da\/wp-json\/wp\/v2\/types\/product"}],"replies":[{"embeddable":true,"href":"https:\/\/nordicmart.andreevmaster.com\/da\/wp-json\/wp\/v2\/comments?post=22905"}],"wp:attachment":[{"href":"https:\/\/nordicmart.andreevmaster.com\/da\/wp-json\/wp\/v2\/media?parent=22905"}],"wp:term":[{"taxonomy":"product_brand","embeddable":true,"href":"https:\/\/nordicmart.andreevmaster.com\/da\/wp-json\/wp\/v2\/product_brand?post=22905"},{"taxonomy":"product_cat","embeddable":true,"href":"https:\/\/nordicmart.andreevmaster.com\/da\/wp-json\/wp\/v2\/product_cat?post=22905"},{"taxonomy":"product_tag","embeddable":true,"href":"https:\/\/nordicmart.andreevmaster.com\/da\/wp-json\/wp\/v2\/product_tag?post=22905"}],"curies":[{"name":"wp","href":"https:\/\/api.w.org\/{rel}","templated":true}]}}