{"id":22844,"date":"2026-02-27T00:17:14","date_gmt":"2026-02-27T00:17:14","guid":{"rendered":"https:\/\/nordicmart.andreevmaster.com\/product\/barstole-kokkenstole-saet-med-2-hoje-barstole-med-ryglaen-stalramme-73-cm-hojt-saede-nem-montering-industriel-rustik-brun-og-sort-lbc026b01v1-2\/"},"modified":"2026-02-27T09:00:13","modified_gmt":"2026-02-27T09:00:13","slug":"barstole-kokkenstole-saet-med-2-hoje-barstole-med-ryglaen-stalramme-73-cm-hojt-saede-nem-montering-industriel-rustik-brun-og-sort-lbc026b01v1-2","status":"publish","type":"product","link":"https:\/\/nordicmart.andreevmaster.com\/da\/vare\/barstole-kokkenstole-saet-med-2-hoje-barstole-med-ryglaen-stalramme-73-cm-hojt-saede-nem-montering-industriel-rustik-brun-og-sort-lbc026b01v1-2\/","title":{"rendered":"Barstole, k\u00f8kkenstole, s\u00e6t med 2 h\u00f8je barstole med rygl\u00e6n, st\u00e5lramme, 73 cm h\u00f8jt s\u00e6de, nem montering, industriel, rustik brun og sort LBC026B01V1"},"content":{"rendered":"<p>Soler sig i rustik charme: Med deres varme brune udseende, elegante sorte st\u00e5l og knopdetaljer er disse h\u00f8je skamler indbegrebet af industriel stil og giver et unikt pr\u00e6g p\u00e5 k\u00f8kken\u00f8en eller bardisken.Alt for din komfort: Med et stort s\u00e6de p\u00e5 37 cm i diameter, en behagelig rygl\u00e6n og en fodst\u00f8tte giver dette s\u00e6t med 2 barstole dig den ideelle komfort til at tilbringe hyggelige stunder ved bardisken.<\/p>\n<p>Giver dig solid st\u00f8tte: Disse 2 barstole kombinerer \u00e6stetik med kvalitet. Takket v\u00e6re det tykke, slidst\u00e6rke st\u00e5lstel og den robuste sp\u00e5nplade kan du sidde sikkert og behageligt. Fuldend dit barhj\u00f8rne nu!<\/p>\n<p>S\u00e6t dem tilbage nedenunder! Med et kompakt design og en s\u00e6deh\u00f8jde p\u00e5 73 cm hver kan de 2 k\u00f8kkenstole placeres under de fleste h\u00f8je borde, s\u00e5 de ikke optager plads, n\u00e5r de ikke er i brug; bare tr\u00e6k dem ud, n\u00e5r middagen er serveret!<\/p>\n<p>Montering i total afslapning: Samlingen af disse barstole er lige s\u00e5 afslappende som at nyde et glas bobler. Du skal blot samle de f\u00e5 dele ved at f\u00f8lge de klare instruktioner, s\u00e5 er du f\u00e6rdig, f\u00f8r du ved af det, og kan nyde en rigtig drink p\u00e5 din behagelige nye barstol.Produktdetaljer: &#8211; Farve: Vintage brun-sort &#8211; Materiale: Tr\u00e6panel, st\u00e5l &#8211; Totale m\u00e5l: 54 x 99 cm (\u00d8 x H) &#8211; S\u00e6dets diameter: 37 cm &#8211; S\u00e6dets h\u00f8jde: 73 cm &#8211; V\u00e6gt: 12,3 kg &#8211; Maks. statisk belastningskapacitet pr. skammel: 100 kg Leveringsomfang:- 2 x barstole- 1 x tilbeh\u00f8rspakke- 1 x brugsanvisningVASAGLE Bem\u00e6rkninger:- Af sikkerhedsm\u00e6ssige \u00e5rsager m\u00e5 b\u00f8rn ikke klatre p\u00e5 eller lege med produktet.- Den maksimale statiske belastningskapacitet pr. skammel er 100 kg. Overskrid venligst ikke denne maksimale v\u00e6gt.<\/p>\n","protected":false},"excerpt":{"rendered":"<p>Soler sig i rustik charme: Med deres varme brune udseende, elegante sorte st\u00e5l og knopdetaljer er disse h\u00f8je skamler indbegrebet af industriel stil og giver et unikt pr\u00e6g p\u00e5 k\u00f8kken\u00f8en eller bardisken.Alt for din komfort: Med et stort s\u00e6de p\u00e5 37 cm i diameter, en behagelig rygl\u00e6n og en fodst\u00f8tte giver dette s\u00e6t med 2 [&hellip;]<\/p>\n","protected":false},"featured_media":0,"comment_status":"open","ping_status":"closed","template":"","meta":[],"product_brand":[],"product_cat":[31],"product_tag":[],"class_list":{"0":"post-22844","1":"product","2":"type-product","3":"status-publish","5":"product_cat-uncategorized-da","7":"first","8":"instock","9":"shipping-taxable","10":"product-type-simple"},"_links":{"self":[{"href":"https:\/\/nordicmart.andreevmaster.com\/da\/wp-json\/wp\/v2\/product\/22844","targetHints":{"allow":["GET"]}}],"collection":[{"href":"https:\/\/nordicmart.andreevmaster.com\/da\/wp-json\/wp\/v2\/product"}],"about":[{"href":"https:\/\/nordicmart.andreevmaster.com\/da\/wp-json\/wp\/v2\/types\/product"}],"replies":[{"embeddable":true,"href":"https:\/\/nordicmart.andreevmaster.com\/da\/wp-json\/wp\/v2\/comments?post=22844"}],"wp:attachment":[{"href":"https:\/\/nordicmart.andreevmaster.com\/da\/wp-json\/wp\/v2\/media?parent=22844"}],"wp:term":[{"taxonomy":"product_brand","embeddable":true,"href":"https:\/\/nordicmart.andreevmaster.com\/da\/wp-json\/wp\/v2\/product_brand?post=22844"},{"taxonomy":"product_cat","embeddable":true,"href":"https:\/\/nordicmart.andreevmaster.com\/da\/wp-json\/wp\/v2\/product_cat?post=22844"},{"taxonomy":"product_tag","embeddable":true,"href":"https:\/\/nordicmart.andreevmaster.com\/da\/wp-json\/wp\/v2\/product_tag?post=22844"}],"curies":[{"name":"wp","href":"https:\/\/api.w.org\/{rel}","templated":true}]}}