{"id":22753,"date":"2026-02-27T00:16:52","date_gmt":"2026-02-27T00:16:52","guid":{"rendered":"https:\/\/nordicmart.andreevmaster.com\/product\/sengetojssaet-pude-40x60-cm-og-dyne-100x135-cm\/"},"modified":"2026-02-27T08:59:56","modified_gmt":"2026-02-27T08:59:56","slug":"sengetojssaet-pude-40x60-cm-og-dyne-100x135-cm","status":"publish","type":"product","link":"https:\/\/nordicmart.andreevmaster.com\/da\/vare\/sengetojssaet-pude-40x60-cm-og-dyne-100x135-cm\/","title":{"rendered":"Senget\u00f8jss\u00e6t \u2013 Pude (40&#215;60 cm) og dyne (100&#215;135 cm)"},"content":{"rendered":"<p>Senget\u00f8jss\u00e6ttet \u2013 pude og dyne med mikrofiberbetr\u00e6k og silikonefiberfyld \u2013 er den perfekte l\u00f8sning til dit barns komfortable s\u00f8vn. Mikrofiberbetr\u00e6kket, der er fremstillet af bl\u00f8de og \u00e5ndbare polyesterfibre, har en behagelig overflade, der ikke samler st\u00f8v eller mider, hvilket g\u00f8r det ideelt til allergikere. Silikonefiberfyldet sikrer elasticitet, lethed og enest\u00e5ende bl\u00f8dhed, samtidig med at det er modstandsdygtigt over for deformation, hvilket garanterer lang holdbarhed.<br \/>\nDetaljer:<br \/>\n\u2022 Sikrer et behageligt sovemilj\u00f8<br \/>\n\u2022 Holdbart og let at vedligeholde<br \/>\n\u2022 Velegnet til allergikere<br \/>\n\u2022 Modstandsdygtigt over for deformation<br \/>\n\u2022 Ideelt til brug \u00e5ret rundt <\/p>\n<p>Materialer:<br \/>\n\u2022 Mikrofiberbetr\u00e6k: polyesterfibre<br \/>\n\u2022 Fyld med en v\u00e6gt p\u00e5 250 g, ideel til brug \u00e5ret rundt <\/p>\n<p>Begge materialer er \u00d6KO-Tex Standard 100-certificerede, hvilket sikrer, at de er fri for skadelige stoffer og sikre for b\u00f8rn. <\/p>\n<p>St\u00f8rrelse:<br \/>\n\u2022 Pude: 40 cm x 60 cm<br \/>\n\u2022 Dyne: 100 cm x 135 cm <\/p>\n<p>Plejeinstruktioner:<br \/>\n\u2022 Maskinvask ved 60 \u00b0C<br \/>\n\u2022 T\u00f8rretumbles p\u00e5 et sk\u00e5neprogram<\/p>\n","protected":false},"excerpt":{"rendered":"<p>Senget\u00f8jss\u00e6ttet \u2013 pude og dyne med mikrofiberbetr\u00e6k og silikonefiberfyld \u2013 er den perfekte l\u00f8sning til dit barns komfortable s\u00f8vn. Mikrofiberbetr\u00e6kket, der er fremstillet af bl\u00f8de og \u00e5ndbare polyesterfibre, har en behagelig overflade, der ikke samler st\u00f8v eller mider, hvilket g\u00f8r det ideelt til allergikere. Silikonefiberfyldet sikrer elasticitet, lethed og enest\u00e5ende bl\u00f8dhed, samtidig med at det [&hellip;]<\/p>\n","protected":false},"featured_media":0,"comment_status":"open","ping_status":"closed","template":"","meta":[],"product_brand":[],"product_cat":[31],"product_tag":[],"class_list":{"0":"post-22753","1":"product","2":"type-product","3":"status-publish","5":"product_cat-uncategorized-da","7":"first","8":"instock","9":"shipping-taxable","10":"purchasable","11":"product-type-simple"},"_links":{"self":[{"href":"https:\/\/nordicmart.andreevmaster.com\/da\/wp-json\/wp\/v2\/product\/22753","targetHints":{"allow":["GET"]}}],"collection":[{"href":"https:\/\/nordicmart.andreevmaster.com\/da\/wp-json\/wp\/v2\/product"}],"about":[{"href":"https:\/\/nordicmart.andreevmaster.com\/da\/wp-json\/wp\/v2\/types\/product"}],"replies":[{"embeddable":true,"href":"https:\/\/nordicmart.andreevmaster.com\/da\/wp-json\/wp\/v2\/comments?post=22753"}],"wp:attachment":[{"href":"https:\/\/nordicmart.andreevmaster.com\/da\/wp-json\/wp\/v2\/media?parent=22753"}],"wp:term":[{"taxonomy":"product_brand","embeddable":true,"href":"https:\/\/nordicmart.andreevmaster.com\/da\/wp-json\/wp\/v2\/product_brand?post=22753"},{"taxonomy":"product_cat","embeddable":true,"href":"https:\/\/nordicmart.andreevmaster.com\/da\/wp-json\/wp\/v2\/product_cat?post=22753"},{"taxonomy":"product_tag","embeddable":true,"href":"https:\/\/nordicmart.andreevmaster.com\/da\/wp-json\/wp\/v2\/product_tag?post=22753"}],"curies":[{"name":"wp","href":"https:\/\/api.w.org\/{rel}","templated":true}]}}