{"id":22752,"date":"2026-02-27T00:16:52","date_gmt":"2026-02-27T00:16:52","guid":{"rendered":"https:\/\/nordicmart.andreevmaster.com\/product\/moses-kurv-meeko\/"},"modified":"2026-02-27T08:59:56","modified_gmt":"2026-02-27T08:59:56","slug":"moses-kurv-meeko","status":"publish","type":"product","link":"https:\/\/nordicmart.andreevmaster.com\/da\/vare\/moses-kurv-meeko\/","title":{"rendered":"Moses kurv Meeko"},"content":{"rendered":"<p>S\u00e6ttet indeholder: moseskurv, madras <\/p>\n<p>Produktets egenskaber: <\/p>\n<p>&#8211; alternativ til en barneseng og vugge i de f\u00f8rste m\u00e5neder af dit barns liv,<br \/>\n &#8211; giver dit barn en f\u00f8lelse af komfort og sikkerhed,<br \/>\n &#8211; takket v\u00e6re h\u00e5ndtagene kan kurven nemt b\u00e6res rundt, s\u00e5 du altid kan have dit barn t\u00e6t p\u00e5 dig (BEM\u00c6RK: det er ikke tilladt at b\u00e6re kurven med et barn i),<br \/>\n &#8211; kurven er h\u00e5ndv\u00e6vet, 100 % naturlig og milj\u00f8venlig,<br \/>\n &#8211; en madras med skumfyldning udstyret med et aftageligt betr\u00e6k, der er kendetegnet ved antiallergiske egenskaber og er modstandsdygtigt over for skimmel, svampe og m\u00f8l,<br \/>\n &#8211; naturlige, ekstremt luftige og bl\u00f8de musselin-tekstiler med fyld inkluderet,<br \/>\n &#8211; du kan k\u00f8be stativ og musselin-fyld til kurven, <\/p>\n<p>&#8211; b\u00e5de kurven og madrassen sikrer tilstr\u00e6kkelig luftcirkulation. <\/p>\n<p>Kurvens maksimale belastning: <\/p>\n<p>9 kg eller indtil barnet vender sig fra side til side eller kan sidde op uden hj\u00e6lp <\/p>\n<p>Stof og finish:<br \/>\n &#8211; kurv med h\u00e5ndtag: majsblade<br \/>\n &#8211; madras: polyurethanskum, aftageligt polyesterbetr\u00e6k<\/p>\n<p>M\u00e5l (cm): <\/p>\n<p>&#8211; kurv: 86x43x26<br \/>\n -madras: 72x25Tekstiler<\/p>\n<p>Farve: <\/p>\n<p>&#8211; kurv med h\u00e5ndtag: naturlig majsblade <\/p>\n<p>Brugervejledning:<br \/>\n\u2022 B\u00e6r eller flyt ikke kurven med barnet i. Kurven skal altid b\u00e6res tom.<br \/>\n\u2022 Kurven skal placeres p\u00e5 det stativ, der f\u00f8lger med s\u00e6ttet, eller p\u00e5 en stabil og plan overflade. \u2022 Lad ikke b\u00f8rn lege i n\u00e6rheden af kurven uden opsyn.<br \/>\n\u2022 Brug under for\u00e6ldrenes opsyn.<br \/>\n\u2022 Reng\u00f8r med en fugtig klud og t\u00f8r straks efter.  <\/p>\n<p>Kurven kan bruges, indtil barnet vejer 9 kg, eller indtil det kan vende sig fra side til side eller sidde op uden hj\u00e6lp.<\/p>\n","protected":false},"excerpt":{"rendered":"<p>S\u00e6ttet indeholder: moseskurv, madras Produktets egenskaber: &#8211; alternativ til en barneseng og vugge i de f\u00f8rste m\u00e5neder af dit barns liv, &#8211; giver dit barn en f\u00f8lelse af komfort og sikkerhed, &#8211; takket v\u00e6re h\u00e5ndtagene kan kurven nemt b\u00e6res rundt, s\u00e5 du altid kan have dit barn t\u00e6t p\u00e5 dig (BEM\u00c6RK: det er ikke tilladt [&hellip;]<\/p>\n","protected":false},"featured_media":0,"comment_status":"open","ping_status":"closed","template":"","meta":[],"product_brand":[],"product_cat":[31],"product_tag":[],"class_list":{"0":"post-22752","1":"product","2":"type-product","3":"status-publish","5":"product_cat-uncategorized-da","7":"first","8":"instock","9":"shipping-taxable","10":"purchasable","11":"product-type-simple"},"_links":{"self":[{"href":"https:\/\/nordicmart.andreevmaster.com\/da\/wp-json\/wp\/v2\/product\/22752","targetHints":{"allow":["GET"]}}],"collection":[{"href":"https:\/\/nordicmart.andreevmaster.com\/da\/wp-json\/wp\/v2\/product"}],"about":[{"href":"https:\/\/nordicmart.andreevmaster.com\/da\/wp-json\/wp\/v2\/types\/product"}],"replies":[{"embeddable":true,"href":"https:\/\/nordicmart.andreevmaster.com\/da\/wp-json\/wp\/v2\/comments?post=22752"}],"wp:attachment":[{"href":"https:\/\/nordicmart.andreevmaster.com\/da\/wp-json\/wp\/v2\/media?parent=22752"}],"wp:term":[{"taxonomy":"product_brand","embeddable":true,"href":"https:\/\/nordicmart.andreevmaster.com\/da\/wp-json\/wp\/v2\/product_brand?post=22752"},{"taxonomy":"product_cat","embeddable":true,"href":"https:\/\/nordicmart.andreevmaster.com\/da\/wp-json\/wp\/v2\/product_cat?post=22752"},{"taxonomy":"product_tag","embeddable":true,"href":"https:\/\/nordicmart.andreevmaster.com\/da\/wp-json\/wp\/v2\/product_tag?post=22752"}],"curies":[{"name":"wp","href":"https:\/\/api.w.org\/{rel}","templated":true}]}}