{"id":22750,"date":"2026-02-27T00:16:51","date_gmt":"2026-02-27T00:16:51","guid":{"rendered":"https:\/\/nordicmart.andreevmaster.com\/product\/bomuldsrisvaevet-bornetaeppe-honey\/"},"modified":"2026-02-27T08:59:56","modified_gmt":"2026-02-27T08:59:56","slug":"bomuldsrisvaevet-bornetaeppe-honey","status":"publish","type":"product","link":"https:\/\/nordicmart.andreevmaster.com\/da\/vare\/bomuldsrisvaevet-bornetaeppe-honey\/","title":{"rendered":"Bomuldsrisv\u00e6vet b\u00f8rnet\u00e6ppe Honey"},"content":{"rendered":"<p>T\u00e6pper fra Coctail Party-kollektionen er fremstillet af 100 % bomuld med Oeko-Tex-certifikat og er meget bl\u00f8de og behagelige at r\u00f8re ved, takket v\u00e6re hvilket de ikke irriterer barnets hud. Stoffet er ogs\u00e5 meget \u00e5ndbart, hvilket beskytter dit barn mod overophedning. Perfekt til en barneseng, barnevogn eller autostol. Til brug \u00e5ret rundt.<\/p>\n<p>T\u00e6pperne er designet og syet i Polen. N\u00f8je udvalgt materiale og v\u00e6vning, der sikrer h\u00f8j kvalitet<\/p>\n<p>**Materiale:**<br \/>\n&#8211; 100 % bomuld med Oeko-TEX Standard 100-certifikat<\/p>\n<p>**M\u00e5l:**<br \/>\n80&#215;100 cm<\/p>\n<p>Beregnet til b\u00f8rn op til 5 \u00e5r. Skal bruges under opsyn af en voksen. <\/p>\n<p>**Skab dit helt eget farveskema ved at v\u00e6lge mellem:**<br \/>\n&#8211; rosenr\u00f8d<br \/>\n&#8211; valmue<br \/>\n&#8211; tyggegummi<br \/>\n&#8211; bl\u00e5b\u00e6r<br \/>\n&#8211; m\u00e6lk<br \/>\n&#8211; honning<br \/>\n&#8211; avocado<\/p>\n","protected":false},"excerpt":{"rendered":"<p>T\u00e6pper fra Coctail Party-kollektionen er fremstillet af 100 % bomuld med Oeko-Tex-certifikat og er meget bl\u00f8de og behagelige at r\u00f8re ved, takket v\u00e6re hvilket de ikke irriterer barnets hud. Stoffet er ogs\u00e5 meget \u00e5ndbart, hvilket beskytter dit barn mod overophedning. Perfekt til en barneseng, barnevogn eller autostol. Til brug \u00e5ret rundt. T\u00e6pperne er designet og [&hellip;]<\/p>\n","protected":false},"featured_media":0,"comment_status":"open","ping_status":"closed","template":"","meta":[],"product_brand":[],"product_cat":[31],"product_tag":[],"class_list":{"0":"post-22750","1":"product","2":"type-product","3":"status-publish","5":"product_cat-uncategorized-da","7":"first","8":"instock","9":"shipping-taxable","10":"purchasable","11":"product-type-simple"},"_links":{"self":[{"href":"https:\/\/nordicmart.andreevmaster.com\/da\/wp-json\/wp\/v2\/product\/22750","targetHints":{"allow":["GET"]}}],"collection":[{"href":"https:\/\/nordicmart.andreevmaster.com\/da\/wp-json\/wp\/v2\/product"}],"about":[{"href":"https:\/\/nordicmart.andreevmaster.com\/da\/wp-json\/wp\/v2\/types\/product"}],"replies":[{"embeddable":true,"href":"https:\/\/nordicmart.andreevmaster.com\/da\/wp-json\/wp\/v2\/comments?post=22750"}],"wp:attachment":[{"href":"https:\/\/nordicmart.andreevmaster.com\/da\/wp-json\/wp\/v2\/media?parent=22750"}],"wp:term":[{"taxonomy":"product_brand","embeddable":true,"href":"https:\/\/nordicmart.andreevmaster.com\/da\/wp-json\/wp\/v2\/product_brand?post=22750"},{"taxonomy":"product_cat","embeddable":true,"href":"https:\/\/nordicmart.andreevmaster.com\/da\/wp-json\/wp\/v2\/product_cat?post=22750"},{"taxonomy":"product_tag","embeddable":true,"href":"https:\/\/nordicmart.andreevmaster.com\/da\/wp-json\/wp\/v2\/product_tag?post=22750"}],"curies":[{"name":"wp","href":"https:\/\/api.w.org\/{rel}","templated":true}]}}