{"id":22749,"date":"2026-02-27T00:16:51","date_gmt":"2026-02-27T00:16:51","guid":{"rendered":"https:\/\/nordicmart.andreevmaster.com\/product\/bomuldsrisvaevet-bornetaeppe-blabaer\/"},"modified":"2026-02-27T08:59:56","modified_gmt":"2026-02-27T08:59:56","slug":"bomuldsrisvaevet-bornetaeppe-blabaer","status":"publish","type":"product","link":"https:\/\/nordicmart.andreevmaster.com\/da\/vare\/bomuldsrisvaevet-bornetaeppe-blabaer\/","title":{"rendered":"Bomuldsrisv\u00e6vet b\u00f8rnet\u00e6ppe Bl\u00e5b\u00e6r"},"content":{"rendered":"<p>** ** **Bomulds t\u00e6ppe med risv\u00e6vning**<br \/>\nT\u00e6ppet fra Coctail Party-kollektionen er lavet af 100 % bomuld med Oeko-Tex-certifikat, som er meget bl\u00f8dt og behageligt og ikke irriterer babyens hud. Det har ogs\u00e5 \u00e5ndbare egenskaber, der beskytter barnet mod overophedning. T\u00e6pper er perfekte til en barneseng, barnevogn eller autostol. Kan bruges hele \u00e5ret rundt.<br \/>\nT\u00e6pperne er fremstillet og designet i Polen. N\u00f8je udvalgte materialer og garnmetoder sikrer den h\u00f8jeste kvalitet.<\/p>\n<p>**St\u00f8rrelse:**<br \/>\n80&#215;100 cm<\/p>\n<p>**Materiale:**<br \/>\n100 % bomuld med Oeko-Tex-certifikat<\/p>\n<p>**Skab din egen coctail, du kan v\u00e6lge mellem:**<br \/>\n&#8211; rosenr\u00f8d                             &#8211; valmue<br \/>\n&#8211; tyggegummi                  &#8211; bl\u00e5b\u00e6r<br \/>\n&#8211; m\u00e6lk                             &#8211; honning<br \/>\n&#8211; avocado<\/p>\n<p>**Anbefalet:**<br \/>\n&#8211; vaskes ved maks. 40 \u00b0C med mildt vaskemiddel<br \/>\n&#8211; m\u00e5 ikke bleges<br \/>\n&#8211; m\u00e5 ikke t\u00f8rretumbles, helst t\u00f8rres fladt for at bevare formen<br \/>\n&#8211; stryges<\/p>\n","protected":false},"excerpt":{"rendered":"<p>** ** **Bomulds t\u00e6ppe med risv\u00e6vning** T\u00e6ppet fra Coctail Party-kollektionen er lavet af 100 % bomuld med Oeko-Tex-certifikat, som er meget bl\u00f8dt og behageligt og ikke irriterer babyens hud. Det har ogs\u00e5 \u00e5ndbare egenskaber, der beskytter barnet mod overophedning. T\u00e6pper er perfekte til en barneseng, barnevogn eller autostol. Kan bruges hele \u00e5ret rundt. T\u00e6pperne er [&hellip;]<\/p>\n","protected":false},"featured_media":0,"comment_status":"open","ping_status":"closed","template":"","meta":[],"product_brand":[],"product_cat":[31],"product_tag":[],"class_list":{"0":"post-22749","1":"product","2":"type-product","3":"status-publish","5":"product_cat-uncategorized-da","7":"first","8":"instock","9":"shipping-taxable","10":"purchasable","11":"product-type-simple"},"_links":{"self":[{"href":"https:\/\/nordicmart.andreevmaster.com\/da\/wp-json\/wp\/v2\/product\/22749","targetHints":{"allow":["GET"]}}],"collection":[{"href":"https:\/\/nordicmart.andreevmaster.com\/da\/wp-json\/wp\/v2\/product"}],"about":[{"href":"https:\/\/nordicmart.andreevmaster.com\/da\/wp-json\/wp\/v2\/types\/product"}],"replies":[{"embeddable":true,"href":"https:\/\/nordicmart.andreevmaster.com\/da\/wp-json\/wp\/v2\/comments?post=22749"}],"wp:attachment":[{"href":"https:\/\/nordicmart.andreevmaster.com\/da\/wp-json\/wp\/v2\/media?parent=22749"}],"wp:term":[{"taxonomy":"product_brand","embeddable":true,"href":"https:\/\/nordicmart.andreevmaster.com\/da\/wp-json\/wp\/v2\/product_brand?post=22749"},{"taxonomy":"product_cat","embeddable":true,"href":"https:\/\/nordicmart.andreevmaster.com\/da\/wp-json\/wp\/v2\/product_cat?post=22749"},{"taxonomy":"product_tag","embeddable":true,"href":"https:\/\/nordicmart.andreevmaster.com\/da\/wp-json\/wp\/v2\/product_tag?post=22749"}],"curies":[{"name":"wp","href":"https:\/\/api.w.org\/{rel}","templated":true}]}}