{"id":22720,"date":"2026-02-27T00:16:44","date_gmt":"2026-02-27T00:16:44","guid":{"rendered":"https:\/\/nordicmart.andreevmaster.com\/product\/kokkenhylde-pa-hjul-serveringsvogn-med-3-hylder-mikrobolgehylde-til-miniovn-brodrister-metalramme-med-6-kroge-industrielt-design-rustik-brun-kks60xv1-2\/"},"modified":"2026-02-27T08:59:50","modified_gmt":"2026-02-27T08:59:50","slug":"kokkenhylde-pa-hjul-serveringsvogn-med-3-hylder-mikrobolgehylde-til-miniovn-brodrister-metalramme-med-6-kroge-industrielt-design-rustik-brun-kks60xv1-2","status":"publish","type":"product","link":"https:\/\/nordicmart.andreevmaster.com\/da\/vare\/kokkenhylde-pa-hjul-serveringsvogn-med-3-hylder-mikrobolgehylde-til-miniovn-brodrister-metalramme-med-6-kroge-industrielt-design-rustik-brun-kks60xv1-2\/","title":{"rendered":"K\u00f8kkenhylde p\u00e5 hjul, serveringsvogn med 3 hylder, mikrob\u00f8lgehylde, til miniovn, br\u00f8drister, metalramme med 6 kroge, industrielt design, rustik brun KKS60XV1"},"content":{"rendered":"<p>K\u00d8KKENKOORDINATOR: Hvis br\u00f8dristere og elkedler skal flyttes ned p\u00e5 gulvet for at f\u00e5 plads, er det p\u00e5 h\u00f8je tid med denne k\u00f8kkenhylde med en trio af hylder p\u00e5 54 x 37,5 cm. Placer din mikrob\u00f8lgeovn p\u00e5 det \u00f8verste niveau.MOBILT K\u00d8KKEN: Denne vogn k\u00f8rer gennem dit k\u00f8kken p\u00e5 4 robuste hjul og s\u00f8rger for krydderier, olier og saucer lige ved siden af komfuret. L\u00e5s de to bremser p\u00e5 den mobile vogn for at forhindre, at ingredienserne ruller v\u00e6k. DER ER ALTID EN KROG ET STED, IKKE SANDT? Jo, det er der! Ud over hylden sender vi dig ogs\u00e5 6 S-formede kroge, som er perfekte til at h\u00e6nge grydeskeer eller t\u00f8rre h\u00e5ndkl\u00e6der p\u00e5.<\/p>\n<p>INTET ER NEMMERE END DET! Forbind de robuste 20 x 40 mm metalst\u00e6nger, og skru hylderne fast. P\u00e5 bare 15 minutter har du en robust hylde til flere form\u00e5l i dit k\u00f8kken eller p\u00e5 kontoret.<\/p>\n<p>HAR DU STADIG SP\u00d8RGSM\u00c5L? I s\u00e5 fald kan du kontakte vores venlige kundeservice. Fork\u00e6l dit k\u00f8kken med denne attraktive serveringsvogn fra vores ALINRU-kollektion!<\/p>\n<p>Mad p\u00e5 hjulSkub l\u00e6kkert duftende mad ind i spisestuen, og s\u00e6t derefter bremserne i for at forhindre, at dine delikatesser ryger i afl\u00f8bet.Produktdetaljer:- Farve: vintage\/m\u00f8rkebrun- Materiale: sp\u00e5nplade, jern- Produktst\u00f8rrelse: 60 x 40 x 89 cm (L x B x H)- St\u00f8rrelse p\u00e5 \u00f8verste hylde: 60 x 40 cm (L x B)- St\u00f8rrelse p\u00e5 midterste og nederste hylde: 52 x 37,5 cm (L x B)- V\u00e6gt: 10,9 kg- Maks. samlet statisk belastningskapacitet: 80 kgLeveringsomfang:- 1 x k\u00f8kkenhylde- 6 x S-Hakena- 1 x monteringstilbeh\u00f8r- 1 x brugsanvisning (DE, EN, ES, FR, IT)<\/p>\n","protected":false},"excerpt":{"rendered":"<p>K\u00d8KKENKOORDINATOR: Hvis br\u00f8dristere og elkedler skal flyttes ned p\u00e5 gulvet for at f\u00e5 plads, er det p\u00e5 h\u00f8je tid med denne k\u00f8kkenhylde med en trio af hylder p\u00e5 54 x 37,5 cm. Placer din mikrob\u00f8lgeovn p\u00e5 det \u00f8verste niveau.MOBILT K\u00d8KKEN: Denne vogn k\u00f8rer gennem dit k\u00f8kken p\u00e5 4 robuste hjul og s\u00f8rger for krydderier, olier [&hellip;]<\/p>\n","protected":false},"featured_media":0,"comment_status":"open","ping_status":"closed","template":"","meta":[],"product_brand":[],"product_cat":[31],"product_tag":[],"class_list":{"0":"post-22720","1":"product","2":"type-product","3":"status-publish","5":"product_cat-uncategorized-da","7":"first","8":"instock","9":"shipping-taxable","10":"product-type-simple"},"_links":{"self":[{"href":"https:\/\/nordicmart.andreevmaster.com\/da\/wp-json\/wp\/v2\/product\/22720","targetHints":{"allow":["GET"]}}],"collection":[{"href":"https:\/\/nordicmart.andreevmaster.com\/da\/wp-json\/wp\/v2\/product"}],"about":[{"href":"https:\/\/nordicmart.andreevmaster.com\/da\/wp-json\/wp\/v2\/types\/product"}],"replies":[{"embeddable":true,"href":"https:\/\/nordicmart.andreevmaster.com\/da\/wp-json\/wp\/v2\/comments?post=22720"}],"wp:attachment":[{"href":"https:\/\/nordicmart.andreevmaster.com\/da\/wp-json\/wp\/v2\/media?parent=22720"}],"wp:term":[{"taxonomy":"product_brand","embeddable":true,"href":"https:\/\/nordicmart.andreevmaster.com\/da\/wp-json\/wp\/v2\/product_brand?post=22720"},{"taxonomy":"product_cat","embeddable":true,"href":"https:\/\/nordicmart.andreevmaster.com\/da\/wp-json\/wp\/v2\/product_cat?post=22720"},{"taxonomy":"product_tag","embeddable":true,"href":"https:\/\/nordicmart.andreevmaster.com\/da\/wp-json\/wp\/v2\/product_tag?post=22720"}],"curies":[{"name":"wp","href":"https:\/\/api.w.org\/{rel}","templated":true}]}}